{"id":104,"date":"2019-04-04T15:21:02","date_gmt":"2019-04-04T13:21:02","guid":{"rendered":"http:\/\/localhost\/wordpress\/?page_id=104"},"modified":"2025-11-18T11:31:54","modified_gmt":"2025-11-18T10:31:54","slug":"impressum","status":"publish","type":"page","link":"https:\/\/www.buergerstiftung-stendal.de\/index.php\/impressum\/","title":{"rendered":"Impressum"},"content":{"rendered":"\r\n<p><strong>Stiftungsvorstand<br><\/strong><br>Vorsitzender: J\u00fcrgen Lenski<br>Stellvertretende Vorstandsvorsitzende: Viktor Schellert<br>Mitglieder des Vorstands: Johanna Michelis<\/p>\r\n<p>\r\n\r\n<\/p>\r\n<p>Postadresse: Altm\u00e4rkische B\u00fcrgerstiftung, Altes Dorf 22, 39576 Hansestadt Stendal<br>E-Mail: info@buergerstiftung-stendal.de<br>Telefon: 0177 8761100<br>Stiftungsregister: Reg.Nr. LSA 11741-243<\/p>\r\n<p>\r\n\r\n<\/p>\r\n<p><strong><br>Stiftungsrat<br><\/strong><br>Kay Timm (Vorsitzender), Helmut Graf (stellvertretender Vorsitzender), Susanne Borkowksi, Andreas Brohm, Carlotta von Gehren, Dr. Hejo Heussen, Dorit Lau-St\u00f6ber, Patrick Puhlmann, J\u00f6rg Siebert<\/p>\r\n<p>\r\n\r\n<\/p>\r\n<p><strong><br>Gestaltung der Website:<\/strong><br><br><img decoding=\"async\" loading=\"lazy\" class=\"wp-image-712 alignleft\" src=\"https:\/\/www.buergerstiftung-stendal.de\/wp-content\/uploads\/2019\/06\/Logo_CharlotteSchulz-300x300.jpg\" alt=\"\" width=\"57\" height=\"57\"><\/p>\r\n<p>Charlotte Schulz Marketing und Design<\/p>\r\n<p>\r\n\r\n<\/p>\r\n<p>&nbsp;<\/p>\r\n<p><strong>Haftungsausschluss:<\/strong><\/p>\r\n<p>\r\n\r\n<\/p>\r\n<p>1. Inhalt des Onlineangebotes:<\/p>\r\n<p>\r\n\r\n<\/p>\r\n<p>Die Altm\u00e4rkische B\u00fcrgerstiftung Stendal \u00fcbernimmt keinerlei Gew\u00e4hr f\u00fcr die Aktualit\u00e4t, Korrektheit, Vollst\u00e4ndigkeit oder Qualit\u00e4t der bereitgestellten Informationen. Haftungsanspr\u00fcche gegen die Stiftung, welche sich auf Sch\u00e4den materieller oder ideeller Art beziehen, die durch die Nutzung oder Nichtnutzung der dargebotenen Informationen bzw. durch die Nutzung fehlerhafter und unvollst\u00e4ndiger Informationen verursacht wurden, sind grunds\u00e4tzlich ausgeschlossen, sofern seitens der Stiftung kein nachweislich vors\u00e4tzliches oder grob fahrl\u00e4ssiges Verschulden vorliegt.<\/p>\r\n<p>\r\n\r\n<\/p>\r\n<p>2. Verweise und Links:<\/p>\r\n<p>\r\n\r\n<\/p>\r\n<p>Bei direkten oder indirekten Verweisen auf fremde Internetseiten (\u201eLinks\u201c), die au\u00dferhalb des Verantwortungsbereiches der Altm\u00e4rkische B\u00fcrgerstiftung Stendal liegen, w\u00fcrde eine Haftungsverpflichtung ausschlie\u00dflich in dem Fall in Kraft treten, in dem die Stiftung von den Inhalten Kenntnis hat und es ihr technisch m\u00f6glich und zumutbar w\u00e4re, die Nutzung im Falle rechtswidriger Inhalte zu verhindern. Die Altm\u00e4rkische B\u00fcrgerstiftung Stendal erkl\u00e4rt daher ausdr\u00fccklich, dass zum Zeitpunkt der Linksetzung die entsprechenden verlinkten Seiten frei von illegalen Inhalten waren. Die Altm\u00e4rkische B\u00fcrgerstiftung Stendal hat keinerlei Einfluss auf die aktuelle und zuk\u00fcnftige Gestaltung und auf die Inhalte der gelinkten\/verkn\u00fcpften Seiten. Deshalb distanziert sie sich hiermit ausdr\u00fccklich von allen Inhalten aller gelinkten \/verkn\u00fcpften Seiten, die nach der Linksetzung ver\u00e4ndert wurden.<\/p>\r\n<p>\r\n\r\n<\/p>\r\n<p>3. Urheber- und Kennzeichenrecht:<\/p>\r\n<p>\r\n\r\n<\/p>\r\n<p>Die Altm\u00e4rkische B\u00fcrgerstiftung Stendal ist bestrebt, in allen Publikationen die Urheberrechte der verwendeten Grafiken, Tondokumente, Videosequenzen und Texte zu beachten, von ihr selbst erstellte Grafiken, Tondokumente, Videosequenzen und Texte zu nutzen oder auf lizenzfreie Grafiken, Tondokumente, Videosequenzen und Texte zur\u00fcckzugreifen. Alle innerhalb des Internetangebotes genannten und ggf. durch Dritte gesch\u00fctzten Marken- und Warenzeichen unterliegen uneingeschr\u00e4nkt den Bestimmungen des jeweils g\u00fcltigen Kennzeichenrechts und den Besitzrechten der jeweiligen eingetragenen Eigent\u00fcmer.<\/p>\r\n<p>\r\n\r\n<\/p>\r\n<p>4. Datenschutz:<\/p>\r\n<p>\r\n\r\n<\/p>\r\n<p>Sofern innerhalb des Internetangebotes die M\u00f6glichkeit zur Eingabe pers\u00f6nlicher oder gesch\u00e4ftlicher Daten (E-Mail-Adressen, Namen, Anschriften) besteht, so erfolgt die Preisgabe dieser Daten seitens des Nutzers auf ausdr\u00fccklich freiwilliger Basis. Die Inanspruchnahme aller angebotenen Dienste ist \u2013 soweit technisch m\u00f6glich und zumutbar \u2013 auch ohne Angabe solcher Daten bzw. unter Angabe anonymisierter Daten oder eines Pseudonyms gestattet.<\/p>\r\n<p>\r\n\r\n<\/p>\r\n<p>5. Rechtswirksamkeit dieses Haftungsausschlusses:<\/p>\r\n<p>\r\n\r\n<\/p>\r\n<p>Dieser Haftungsausschluss ist als Teil des Internetangebotes zu betrachten, von dem aus auf diese Seite verwiesen wurde. Sofern Teile oder einzelne Formulierungen dieses Textes der geltenden Rechtslage nicht, nicht mehr oder nicht vollst\u00e4ndig entsprechen sollten, bleiben die \u00fcbrigen Teile des Dokumentes in ihrem Inhalt und ihrer G\u00fcltigkeit davon unber\u00fchrt.<\/p>\r\n<p><\/p>","protected":false},"excerpt":{"rendered":"<p>StiftungsvorstandVorsitzender: J\u00fcrgen LenskiStellvertretende Vorstandsvorsitzende: Viktor SchellertMitglieder des Vorstands: Johanna Michelis Postadresse: Altm\u00e4rkische B\u00fcrgerstiftung, Altes Dorf 22, 39576 Hansestadt StendalE-Mail: info@buergerstiftung-stendal.deTelefon: 0177 8761100Stiftungsregister: Reg.Nr. LSA 11741-243 StiftungsratKay Timm (Vorsitzender), Helmut Graf (stellvertretender Vorsitzender), Susanne Borkowksi, Andreas Brohm, Carlotta von Gehren, Dr. Hejo Heussen, Dorit Lau-St\u00f6ber, Patrick Puhlmann, J\u00f6rg Siebert Gestaltung der Website: Charlotte Schulz Marketing und &hellip; <a href=\"https:\/\/www.buergerstiftung-stendal.de\/index.php\/impressum\/\" class=\"more-link\">Weiterlesen <span class=\"screen-reader-text\">Impressum<\/span><\/a><\/p>\n","protected":false},"author":1,"featured_media":0,"parent":0,"menu_order":0,"comment_status":"closed","ping_status":"closed","template":"","meta":{"ngg_post_thumbnail":0},"yoast_head":"<!-- This site is optimized with the Yoast SEO plugin v19.11 - https:\/\/yoast.com\/wordpress\/plugins\/seo\/ -->\n<title>Impressum - Altm\u00e4rkische B\u00fcrgerstiftung Hansestadt Stendal<\/title>\n<meta name=\"robots\" content=\"index, follow, max-snippet:-1, max-image-preview:large, max-video-preview:-1\" \/>\n<link rel=\"canonical\" href=\"https:\/\/www.buergerstiftung-stendal.de\/index.php\/impressum\/\" \/>\n<meta property=\"og:locale\" content=\"de_DE\" \/>\n<meta property=\"og:type\" content=\"article\" \/>\n<meta property=\"og:title\" content=\"Impressum - Altm\u00e4rkische B\u00fcrgerstiftung Hansestadt Stendal\" \/>\n<meta property=\"og:description\" content=\"StiftungsvorstandVorsitzender: J\u00fcrgen LenskiStellvertretende Vorstandsvorsitzende: Viktor SchellertMitglieder des Vorstands: Johanna Michelis Postadresse: Altm\u00e4rkische B\u00fcrgerstiftung, Altes Dorf 22, 39576 Hansestadt StendalE-Mail: info@buergerstiftung-stendal.deTelefon: 0177 8761100Stiftungsregister: Reg.Nr. LSA 11741-243 StiftungsratKay Timm (Vorsitzender), Helmut Graf (stellvertretender Vorsitzender), Susanne Borkowksi, Andreas Brohm, Carlotta von Gehren, Dr. Hejo Heussen, Dorit Lau-St\u00f6ber, Patrick Puhlmann, J\u00f6rg Siebert Gestaltung der Website: Charlotte Schulz Marketing und &hellip; Weiterlesen Impressum\" \/>\n<meta property=\"og:url\" content=\"https:\/\/www.buergerstiftung-stendal.de\/index.php\/impressum\/\" \/>\n<meta property=\"og:site_name\" content=\"Altm\u00e4rkische B\u00fcrgerstiftung Hansestadt Stendal\" \/>\n<meta property=\"article:modified_time\" content=\"2025-11-18T10:31:54+00:00\" \/>\n<meta property=\"og:image\" content=\"https:\/\/www.buergerstiftung-stendal.de\/wp-content\/uploads\/2019\/06\/Logo_CharlotteSchulz-300x300.jpg\" \/>\n<meta name=\"twitter:card\" content=\"summary_large_image\" \/>\n<meta name=\"twitter:label1\" content=\"Gesch\u00e4tzte Lesezeit\" \/>\n\t<meta name=\"twitter:data1\" content=\"3\u00a0Minuten\" \/>\n<script type=\"application\/ld+json\" class=\"yoast-schema-graph\">{\"@context\":\"https:\/\/schema.org\",\"@graph\":[{\"@type\":\"WebPage\",\"@id\":\"https:\/\/www.buergerstiftung-stendal.de\/index.php\/impressum\/\",\"url\":\"https:\/\/www.buergerstiftung-stendal.de\/index.php\/impressum\/\",\"name\":\"Impressum - Altm\u00e4rkische B\u00fcrgerstiftung Hansestadt Stendal\",\"isPartOf\":{\"@id\":\"https:\/\/www.buergerstiftung-stendal.de\/#website\"},\"datePublished\":\"2019-04-04T13:21:02+00:00\",\"dateModified\":\"2025-11-18T10:31:54+00:00\",\"breadcrumb\":{\"@id\":\"https:\/\/www.buergerstiftung-stendal.de\/index.php\/impressum\/#breadcrumb\"},\"inLanguage\":\"de\",\"potentialAction\":[{\"@type\":\"ReadAction\",\"target\":[\"https:\/\/www.buergerstiftung-stendal.de\/index.php\/impressum\/\"]}]},{\"@type\":\"BreadcrumbList\",\"@id\":\"https:\/\/www.buergerstiftung-stendal.de\/index.php\/impressum\/#breadcrumb\",\"itemListElement\":[{\"@type\":\"ListItem\",\"position\":1,\"name\":\"Startseite\",\"item\":\"https:\/\/www.buergerstiftung-stendal.de\/\"},{\"@type\":\"ListItem\",\"position\":2,\"name\":\"Impressum\"}]},{\"@type\":\"WebSite\",\"@id\":\"https:\/\/www.buergerstiftung-stendal.de\/#website\",\"url\":\"https:\/\/www.buergerstiftung-stendal.de\/\",\"name\":\"Altm\u00e4rkische B\u00fcrgerstiftung Hansestadt Stendal\",\"description\":\"\",\"potentialAction\":[{\"@type\":\"SearchAction\",\"target\":{\"@type\":\"EntryPoint\",\"urlTemplate\":\"https:\/\/www.buergerstiftung-stendal.de\/?s={search_term_string}\"},\"query-input\":\"required name=search_term_string\"}],\"inLanguage\":\"de\"}]}<\/script>\n<!-- \/ Yoast SEO plugin. -->","yoast_head_json":{"title":"Impressum - Altm\u00e4rkische B\u00fcrgerstiftung Hansestadt Stendal","robots":{"index":"index","follow":"follow","max-snippet":"max-snippet:-1","max-image-preview":"max-image-preview:large","max-video-preview":"max-video-preview:-1"},"canonical":"https:\/\/www.buergerstiftung-stendal.de\/index.php\/impressum\/","og_locale":"de_DE","og_type":"article","og_title":"Impressum - Altm\u00e4rkische B\u00fcrgerstiftung Hansestadt Stendal","og_description":"StiftungsvorstandVorsitzender: J\u00fcrgen LenskiStellvertretende Vorstandsvorsitzende: Viktor SchellertMitglieder des Vorstands: Johanna Michelis Postadresse: Altm\u00e4rkische B\u00fcrgerstiftung, Altes Dorf 22, 39576 Hansestadt StendalE-Mail: info@buergerstiftung-stendal.deTelefon: 0177 8761100Stiftungsregister: Reg.Nr. LSA 11741-243 StiftungsratKay Timm (Vorsitzender), Helmut Graf (stellvertretender Vorsitzender), Susanne Borkowksi, Andreas Brohm, Carlotta von Gehren, Dr. Hejo Heussen, Dorit Lau-St\u00f6ber, Patrick Puhlmann, J\u00f6rg Siebert Gestaltung der Website: Charlotte Schulz Marketing und &hellip; Weiterlesen Impressum","og_url":"https:\/\/www.buergerstiftung-stendal.de\/index.php\/impressum\/","og_site_name":"Altm\u00e4rkische B\u00fcrgerstiftung Hansestadt Stendal","article_modified_time":"2025-11-18T10:31:54+00:00","og_image":[{"url":"https:\/\/www.buergerstiftung-stendal.de\/wp-content\/uploads\/2019\/06\/Logo_CharlotteSchulz-300x300.jpg"}],"twitter_card":"summary_large_image","twitter_misc":{"Gesch\u00e4tzte Lesezeit":"3\u00a0Minuten"},"schema":{"@context":"https:\/\/schema.org","@graph":[{"@type":"WebPage","@id":"https:\/\/www.buergerstiftung-stendal.de\/index.php\/impressum\/","url":"https:\/\/www.buergerstiftung-stendal.de\/index.php\/impressum\/","name":"Impressum - Altm\u00e4rkische B\u00fcrgerstiftung Hansestadt Stendal","isPartOf":{"@id":"https:\/\/www.buergerstiftung-stendal.de\/#website"},"datePublished":"2019-04-04T13:21:02+00:00","dateModified":"2025-11-18T10:31:54+00:00","breadcrumb":{"@id":"https:\/\/www.buergerstiftung-stendal.de\/index.php\/impressum\/#breadcrumb"},"inLanguage":"de","potentialAction":[{"@type":"ReadAction","target":["https:\/\/www.buergerstiftung-stendal.de\/index.php\/impressum\/"]}]},{"@type":"BreadcrumbList","@id":"https:\/\/www.buergerstiftung-stendal.de\/index.php\/impressum\/#breadcrumb","itemListElement":[{"@type":"ListItem","position":1,"name":"Startseite","item":"https:\/\/www.buergerstiftung-stendal.de\/"},{"@type":"ListItem","position":2,"name":"Impressum"}]},{"@type":"WebSite","@id":"https:\/\/www.buergerstiftung-stendal.de\/#website","url":"https:\/\/www.buergerstiftung-stendal.de\/","name":"Altm\u00e4rkische B\u00fcrgerstiftung Hansestadt Stendal","description":"","potentialAction":[{"@type":"SearchAction","target":{"@type":"EntryPoint","urlTemplate":"https:\/\/www.buergerstiftung-stendal.de\/?s={search_term_string}"},"query-input":"required name=search_term_string"}],"inLanguage":"de"}]}},"_links":{"self":[{"href":"https:\/\/www.buergerstiftung-stendal.de\/index.php\/wp-json\/wp\/v2\/pages\/104"}],"collection":[{"href":"https:\/\/www.buergerstiftung-stendal.de\/index.php\/wp-json\/wp\/v2\/pages"}],"about":[{"href":"https:\/\/www.buergerstiftung-stendal.de\/index.php\/wp-json\/wp\/v2\/types\/page"}],"author":[{"embeddable":true,"href":"https:\/\/www.buergerstiftung-stendal.de\/index.php\/wp-json\/wp\/v2\/users\/1"}],"replies":[{"embeddable":true,"href":"https:\/\/www.buergerstiftung-stendal.de\/index.php\/wp-json\/wp\/v2\/comments?post=104"}],"version-history":[{"count":15,"href":"https:\/\/www.buergerstiftung-stendal.de\/index.php\/wp-json\/wp\/v2\/pages\/104\/revisions"}],"predecessor-version":[{"id":1066,"href":"https:\/\/www.buergerstiftung-stendal.de\/index.php\/wp-json\/wp\/v2\/pages\/104\/revisions\/1066"}],"wp:attachment":[{"href":"https:\/\/www.buergerstiftung-stendal.de\/index.php\/wp-json\/wp\/v2\/media?parent=104"}],"curies":[{"name":"wp","href":"https:\/\/api.w.org\/{rel}","templated":true}]}}