{"id":125,"date":"2019-04-08T11:29:48","date_gmt":"2019-04-08T09:29:48","guid":{"rendered":"http:\/\/localhost\/wordpress\/?page_id=125"},"modified":"2024-10-31T17:59:01","modified_gmt":"2024-10-31T16:59:01","slug":"home-2","status":"publish","type":"page","link":"https:\/\/www.buergerstiftung-stendal.de\/","title":{"rendered":"Willkommen bei der Altm\u00e4rkischen B\u00fcrgerstiftung Hansestadt Stendal"},"content":{"rendered":"\r\n<p>Die B\u00fcrgerstiftung will das Gemeinwesen nachhaltig st\u00e4rken und zur Erhaltung des kulturellen und landschaftlichen Erbes der Altmark beitragen. Daher haben sich 84 Gr\u00fcndungsstifter zusammengefunden und die Altm\u00e4rkische B\u00fcrgerstiftung Hansestadt Stendal im September 2011 mit einem Stiftungskapital von rund 85.000,- \u20ac gegr\u00fcndet.<\/p>\r\n\r\n\r\n\r\n<ul>\r\n<li><a href=\"https:\/\/www.buergerstiftung-stendal.de\/index.php\/winckelmann-pfad-in-stendal\/\">Der Winckelmann-Pfad in Stendal<\/a><\/li>\r\n<li><a href=\"http:\/\/www.buergerstiftung-stendal.de\/index.php\/netzwerke\/\">Unser Netzwerk &#8211; mit wem arbeitet die B\u00fcrgerstiftung zusammen?<\/a><\/li>\r\n<li><a href=\"http:\/\/www.buergerstiftung-stendal.de\/index.php\/stiften\/\">MitStiften<\/a><\/li>\r\n<\/ul>\r\n<p><img decoding=\"async\" loading=\"lazy\" class=\"alignnone  wp-image-1053\" src=\"https:\/\/www.buergerstiftung-stendal.de\/wp-content\/uploads\/2024\/10\/Guetesiegel_2024-26-300x300.png\" alt=\"\" width=\"148\" height=\"148\" srcset=\"https:\/\/www.buergerstiftung-stendal.de\/wp-content\/uploads\/2024\/10\/Guetesiegel_2024-26-300x300.png 300w, https:\/\/www.buergerstiftung-stendal.de\/wp-content\/uploads\/2024\/10\/Guetesiegel_2024-26-150x150.png 150w, https:\/\/www.buergerstiftung-stendal.de\/wp-content\/uploads\/2024\/10\/Guetesiegel_2024-26-90x90.png 90w, https:\/\/www.buergerstiftung-stendal.de\/wp-content\/uploads\/2024\/10\/Guetesiegel_2024-26-380x380.png 380w, https:\/\/www.buergerstiftung-stendal.de\/wp-content\/uploads\/2024\/10\/Guetesiegel_2024-26.png 400w\" sizes=\"(max-width: 148px) 100vw, 148px\" \/><\/p>\r\n","protected":false},"excerpt":{"rendered":"<p>Die B\u00fcrgerstiftung will das Gemeinwesen nachhaltig st\u00e4rken und zur Erhaltung des kulturellen und landschaftlichen Erbes der Altmark beitragen. Daher haben sich 84 Gr\u00fcndungsstifter zusammengefunden und die Altm\u00e4rkische B\u00fcrgerstiftung Hansestadt Stendal im September 2011 mit einem Stiftungskapital von rund 85.000,- \u20ac gegr\u00fcndet. Der Winckelmann-Pfad in Stendal Unser Netzwerk &#8211; mit wem arbeitet die B\u00fcrgerstiftung zusammen? MitStiften<\/p>\n","protected":false},"author":1,"featured_media":0,"parent":0,"menu_order":0,"comment_status":"closed","ping_status":"closed","template":"","meta":{"ngg_post_thumbnail":0},"yoast_head":"<!-- This site is optimized with the Yoast SEO plugin v19.11 - https:\/\/yoast.com\/wordpress\/plugins\/seo\/ -->\n<title>Altm\u00e4rkische B\u00fcrgerstiftung Hansestadt Stendal<\/title>\n<meta name=\"description\" content=\"Die B\u00fcrgerstiftung will das Gemeinwesen nachhaltig st\u00e4rken und zur Erhaltung des kulturellen und landschaftlichen Erbes der Altmark beitragen.\" \/>\n<meta name=\"robots\" content=\"index, follow, max-snippet:-1, max-image-preview:large, max-video-preview:-1\" \/>\n<link rel=\"canonical\" href=\"https:\/\/www.buergerstiftung-stendal.de\/\" \/>\n<meta property=\"og:locale\" content=\"de_DE\" \/>\n<meta property=\"og:type\" content=\"article\" \/>\n<meta property=\"og:title\" content=\"Altm\u00e4rkische B\u00fcrgerstiftung Hansestadt Stendal\" \/>\n<meta property=\"og:description\" content=\"Die B\u00fcrgerstiftung will das Gemeinwesen nachhaltig st\u00e4rken und zur Erhaltung des kulturellen und landschaftlichen Erbes der Altmark beitragen.\" \/>\n<meta property=\"og:url\" content=\"https:\/\/www.buergerstiftung-stendal.de\/\" \/>\n<meta property=\"og:site_name\" content=\"Altm\u00e4rkische B\u00fcrgerstiftung Hansestadt Stendal\" \/>\n<meta property=\"article:modified_time\" content=\"2024-10-31T16:59:01+00:00\" \/>\n<meta property=\"og:image\" content=\"https:\/\/www.buergerstiftung-stendal.de\/wp-content\/uploads\/2024\/10\/Guetesiegel_2024-26-300x300.png\" \/>\n<meta name=\"twitter:card\" content=\"summary_large_image\" \/>\n<meta name=\"twitter:label1\" content=\"Gesch\u00e4tzte Lesezeit\" \/>\n\t<meta name=\"twitter:data1\" content=\"1\u00a0Minute\" \/>\n<script type=\"application\/ld+json\" class=\"yoast-schema-graph\">{\"@context\":\"https:\/\/schema.org\",\"@graph\":[{\"@type\":\"WebPage\",\"@id\":\"https:\/\/www.buergerstiftung-stendal.de\/\",\"url\":\"https:\/\/www.buergerstiftung-stendal.de\/\",\"name\":\"Altm\u00e4rkische B\u00fcrgerstiftung Hansestadt Stendal\",\"isPartOf\":{\"@id\":\"https:\/\/www.buergerstiftung-stendal.de\/#website\"},\"datePublished\":\"2019-04-08T09:29:48+00:00\",\"dateModified\":\"2024-10-31T16:59:01+00:00\",\"description\":\"Die B\u00fcrgerstiftung will das Gemeinwesen nachhaltig st\u00e4rken und zur Erhaltung des kulturellen und landschaftlichen Erbes der Altmark beitragen.\",\"breadcrumb\":{\"@id\":\"https:\/\/www.buergerstiftung-stendal.de\/#breadcrumb\"},\"inLanguage\":\"de\",\"potentialAction\":[{\"@type\":\"ReadAction\",\"target\":[\"https:\/\/www.buergerstiftung-stendal.de\/\"]}]},{\"@type\":\"BreadcrumbList\",\"@id\":\"https:\/\/www.buergerstiftung-stendal.de\/#breadcrumb\",\"itemListElement\":[{\"@type\":\"ListItem\",\"position\":1,\"name\":\"Startseite\",\"item\":\"https:\/\/www.buergerstiftung-stendal.de\/\"},{\"@type\":\"ListItem\",\"position\":2,\"name\":\"Willkommen bei der Altm\u00e4rkischen B\u00fcrgerstiftung Hansestadt Stendal\"}]},{\"@type\":\"WebSite\",\"@id\":\"https:\/\/www.buergerstiftung-stendal.de\/#website\",\"url\":\"https:\/\/www.buergerstiftung-stendal.de\/\",\"name\":\"Altm\u00e4rkische B\u00fcrgerstiftung Hansestadt Stendal\",\"description\":\"\",\"potentialAction\":[{\"@type\":\"SearchAction\",\"target\":{\"@type\":\"EntryPoint\",\"urlTemplate\":\"https:\/\/www.buergerstiftung-stendal.de\/?s={search_term_string}\"},\"query-input\":\"required name=search_term_string\"}],\"inLanguage\":\"de\"}]}<\/script>\n<!-- \/ Yoast SEO plugin. -->","yoast_head_json":{"title":"Altm\u00e4rkische B\u00fcrgerstiftung Hansestadt Stendal","description":"Die B\u00fcrgerstiftung will das Gemeinwesen nachhaltig st\u00e4rken und zur Erhaltung des kulturellen und landschaftlichen Erbes der Altmark beitragen.","robots":{"index":"index","follow":"follow","max-snippet":"max-snippet:-1","max-image-preview":"max-image-preview:large","max-video-preview":"max-video-preview:-1"},"canonical":"https:\/\/www.buergerstiftung-stendal.de\/","og_locale":"de_DE","og_type":"article","og_title":"Altm\u00e4rkische B\u00fcrgerstiftung Hansestadt Stendal","og_description":"Die B\u00fcrgerstiftung will das Gemeinwesen nachhaltig st\u00e4rken und zur Erhaltung des kulturellen und landschaftlichen Erbes der Altmark beitragen.","og_url":"https:\/\/www.buergerstiftung-stendal.de\/","og_site_name":"Altm\u00e4rkische B\u00fcrgerstiftung Hansestadt Stendal","article_modified_time":"2024-10-31T16:59:01+00:00","og_image":[{"url":"https:\/\/www.buergerstiftung-stendal.de\/wp-content\/uploads\/2024\/10\/Guetesiegel_2024-26-300x300.png"}],"twitter_card":"summary_large_image","twitter_misc":{"Gesch\u00e4tzte Lesezeit":"1\u00a0Minute"},"schema":{"@context":"https:\/\/schema.org","@graph":[{"@type":"WebPage","@id":"https:\/\/www.buergerstiftung-stendal.de\/","url":"https:\/\/www.buergerstiftung-stendal.de\/","name":"Altm\u00e4rkische B\u00fcrgerstiftung Hansestadt Stendal","isPartOf":{"@id":"https:\/\/www.buergerstiftung-stendal.de\/#website"},"datePublished":"2019-04-08T09:29:48+00:00","dateModified":"2024-10-31T16:59:01+00:00","description":"Die B\u00fcrgerstiftung will das Gemeinwesen nachhaltig st\u00e4rken und zur Erhaltung des kulturellen und landschaftlichen Erbes der Altmark beitragen.","breadcrumb":{"@id":"https:\/\/www.buergerstiftung-stendal.de\/#breadcrumb"},"inLanguage":"de","potentialAction":[{"@type":"ReadAction","target":["https:\/\/www.buergerstiftung-stendal.de\/"]}]},{"@type":"BreadcrumbList","@id":"https:\/\/www.buergerstiftung-stendal.de\/#breadcrumb","itemListElement":[{"@type":"ListItem","position":1,"name":"Startseite","item":"https:\/\/www.buergerstiftung-stendal.de\/"},{"@type":"ListItem","position":2,"name":"Willkommen bei der Altm\u00e4rkischen B\u00fcrgerstiftung Hansestadt Stendal"}]},{"@type":"WebSite","@id":"https:\/\/www.buergerstiftung-stendal.de\/#website","url":"https:\/\/www.buergerstiftung-stendal.de\/","name":"Altm\u00e4rkische B\u00fcrgerstiftung Hansestadt Stendal","description":"","potentialAction":[{"@type":"SearchAction","target":{"@type":"EntryPoint","urlTemplate":"https:\/\/www.buergerstiftung-stendal.de\/?s={search_term_string}"},"query-input":"required name=search_term_string"}],"inLanguage":"de"}]}},"_links":{"self":[{"href":"https:\/\/www.buergerstiftung-stendal.de\/index.php\/wp-json\/wp\/v2\/pages\/125"}],"collection":[{"href":"https:\/\/www.buergerstiftung-stendal.de\/index.php\/wp-json\/wp\/v2\/pages"}],"about":[{"href":"https:\/\/www.buergerstiftung-stendal.de\/index.php\/wp-json\/wp\/v2\/types\/page"}],"author":[{"embeddable":true,"href":"https:\/\/www.buergerstiftung-stendal.de\/index.php\/wp-json\/wp\/v2\/users\/1"}],"replies":[{"embeddable":true,"href":"https:\/\/www.buergerstiftung-stendal.de\/index.php\/wp-json\/wp\/v2\/comments?post=125"}],"version-history":[{"count":24,"href":"https:\/\/www.buergerstiftung-stendal.de\/index.php\/wp-json\/wp\/v2\/pages\/125\/revisions"}],"predecessor-version":[{"id":1054,"href":"https:\/\/www.buergerstiftung-stendal.de\/index.php\/wp-json\/wp\/v2\/pages\/125\/revisions\/1054"}],"wp:attachment":[{"href":"https:\/\/www.buergerstiftung-stendal.de\/index.php\/wp-json\/wp\/v2\/media?parent=125"}],"curies":[{"name":"wp","href":"https:\/\/api.w.org\/{rel}","templated":true}]}}