{"id":17,"date":"2019-04-04T13:12:13","date_gmt":"2019-04-04T11:12:13","guid":{"rendered":"http:\/\/localhost\/wordpress\/?page_id=17"},"modified":"2021-04-19T20:09:32","modified_gmt":"2021-04-19T18:09:32","slug":"ueber-uns","status":"publish","type":"page","link":"https:\/\/www.buergerstiftung-stendal.de\/index.php\/ueber-uns\/","title":{"rendered":"\u00dcber uns"},"content":{"rendered":"\r\n<h2>Was ist eine B\u00fcrgerstiftung?<\/h2>\r\n\r\n\r\n\r\n<p>Eine B\u00fcrgerstiftung ist eine<\/p>\r\n\r\n\r\n\r\n<ul>\r\n<li>selbstst\u00e4ndige und unabh\u00e4ngige,<\/li>\r\n<li>gemeinn\u00fctzige Institution<\/li>\r\n<li>zur F\u00f6rderung verschiedenartigster, dem Gemeinwohl dienender Zwecke,<\/li>\r\n<li>in einem geographisch begrenzten (zumeist lokalen oder regionalen) Wirkungsraum,<\/li>\r\n<li>die einen langfristigen Verm\u00f6gensaufbau betreibt und<\/li>\r\n<li>ihre Organisationsstruktur, Verm\u00f6gensverwaltung und Mittelvergabe transparent macht.<\/li>\r\n<\/ul>\r\n\r\n\r\n\r\n<p>Eine B\u00fcrgerstiftung erbringt ihre Leistungen sowohl durch die Vergabe von F\u00f6rdermitteln f\u00fcr vorhandene gemeinn\u00fctzige Einrichtungen und Organisationen als auch operativ durch eigenst\u00e4ndige Projektarbeit.<\/p>\r\n\r\n\r\n\r\n<h2>Die B\u00fcrgerstiftung \u2013 Viele B\u00fcrger f\u00fcr eine Vielzahl von Zwecken in der Altmark<\/h2>\r\n\r\n\r\n\r\n<p>Etwas tun f\u00fcr die Menschen, f\u00fcr die Stadt, f\u00fcr die Zukunft, Gemeinsam f\u00fcr die Stadt oder von B\u00fcrgern f\u00fcr B\u00fcrger \u2013 dies sind Leitspr\u00fcche, die ein Bild vom Selbstverst\u00e4ndnis der B\u00fcrgerstiftungen geben, die seit 1996 in ganz Deutschland gegr\u00fcndet wurden. In fast allen Regionen des Landes setzen sie sich engagiert und kreativ f\u00fcr die Belange ihrer Stadt, Gemeinde oder Region ein. Die B\u00fcrgerstiftung ist eine Gemeinschaftsstiftung, die eine Vielzahl von Zwecken in einem geografisch begrenzten Raum verfolgt.<\/p>\r\n\r\n\r\n\r\n<div class=\"wp-block-image\">\r\n<figure class=\"alignleft is-resized\"><img decoding=\"async\" loading=\"lazy\" class=\"wp-image-801  alignleft\" src=\"https:\/\/www.buergerstiftung-stendal.de\/wp-content\/uploads\/2021\/04\/BS_Guetesiegel_2021-23_Datum-300x300.png\" alt=\"\" width=\"231\" height=\"231\" srcset=\"https:\/\/www.buergerstiftung-stendal.de\/wp-content\/uploads\/2021\/04\/BS_Guetesiegel_2021-23_Datum-300x300.png 300w, https:\/\/www.buergerstiftung-stendal.de\/wp-content\/uploads\/2021\/04\/BS_Guetesiegel_2021-23_Datum-1024x1024.png 1024w, https:\/\/www.buergerstiftung-stendal.de\/wp-content\/uploads\/2021\/04\/BS_Guetesiegel_2021-23_Datum-150x150.png 150w, https:\/\/www.buergerstiftung-stendal.de\/wp-content\/uploads\/2021\/04\/BS_Guetesiegel_2021-23_Datum-768x768.png 768w, https:\/\/www.buergerstiftung-stendal.de\/wp-content\/uploads\/2021\/04\/BS_Guetesiegel_2021-23_Datum-1536x1536.png 1536w, https:\/\/www.buergerstiftung-stendal.de\/wp-content\/uploads\/2021\/04\/BS_Guetesiegel_2021-23_Datum-90x90.png 90w, https:\/\/www.buergerstiftung-stendal.de\/wp-content\/uploads\/2021\/04\/BS_Guetesiegel_2021-23_Datum-380x380.png 380w, https:\/\/www.buergerstiftung-stendal.de\/wp-content\/uploads\/2021\/04\/BS_Guetesiegel_2021-23_Datum.png 1667w\" sizes=\"(max-width: 231px) 100vw, 231px\" \/>Die Altm\u00e4rkische B\u00fcrgerstiftung Hansestadt Stendal will das Gemeinwesen nachhaltig st\u00e4rken und zur Erhaltung des kulturellen und landschaftlichen Erbes der Altmark beitragen. Daher haben sich 74 Gr\u00fcndungsstifter im September 2011 zusammengefunden und die Altm\u00e4rkische B\u00fcrgerstiftung Hansestadt Stendal gegr\u00fcndet. Im Oktober 2013 hat der Bundesverband Deutscher Stiftungen unser B\u00fcrgerstiftung das G\u00fctesiegel f\u00fcr B\u00fcrgerstiftungen verliehen. Seitdem ist die Altm\u00e4rkische B\u00fcrgerstiftung durchgehend zertifiziert.\r\n<div>&nbsp;<\/div>\r\n<div>Das G\u00fctesiegel wird auf der Grundlage der gemeinschaftlich von den B\u00fcrgerstiftungen in ihrem Arbeitskreis formulierten \u201e10 Merkmale einer B\u00fcrgerstiftung\u201c verliehen. Nach \u00fcber 20 erfolgreichen Jahren B\u00fcrgerstiftungsbewegung in Deutschland werden gut 300 B\u00fcrgerstiftungen zum 1. Januar 2021 das G\u00fctesiegel tragen.<\/div>\r\nMehr Informationen zum G\u00fctesiegel finden Sie <a href=\"https:\/\/www.buergerstiftungen.org\/de\/guetesiegel\/guetesiegel\/\"><strong>hier<\/strong><\/a><strong>.<\/strong><\/figure>\r\n<\/div>\r\n","protected":false},"excerpt":{"rendered":"<p>Was ist eine B\u00fcrgerstiftung? Eine B\u00fcrgerstiftung ist eine selbstst\u00e4ndige und unabh\u00e4ngige, gemeinn\u00fctzige Institution zur F\u00f6rderung verschiedenartigster, dem Gemeinwohl dienender Zwecke, in einem geographisch begrenzten (zumeist lokalen oder regionalen) Wirkungsraum, die einen langfristigen Verm\u00f6gensaufbau betreibt und ihre Organisationsstruktur, Verm\u00f6gensverwaltung und Mittelvergabe transparent macht. Eine B\u00fcrgerstiftung erbringt ihre Leistungen sowohl durch die Vergabe von F\u00f6rdermitteln f\u00fcr vorhandene &hellip; <a href=\"https:\/\/www.buergerstiftung-stendal.de\/index.php\/ueber-uns\/\" class=\"more-link\">Weiterlesen <span class=\"screen-reader-text\">\u00dcber uns<\/span><\/a><\/p>\n","protected":false},"author":1,"featured_media":0,"parent":0,"menu_order":0,"comment_status":"closed","ping_status":"closed","template":"","meta":{"ngg_post_thumbnail":0},"yoast_head":"<!-- This site is optimized with the Yoast SEO plugin v19.11 - https:\/\/yoast.com\/wordpress\/plugins\/seo\/ -->\n<title>\u00dcber uns - Altm\u00e4rkische B\u00fcrgerstiftung Hansestadt Stendal<\/title>\n<meta name=\"robots\" content=\"index, follow, max-snippet:-1, max-image-preview:large, max-video-preview:-1\" \/>\n<link rel=\"canonical\" href=\"https:\/\/www.buergerstiftung-stendal.de\/index.php\/ueber-uns\/\" \/>\n<meta property=\"og:locale\" content=\"de_DE\" \/>\n<meta property=\"og:type\" content=\"article\" \/>\n<meta property=\"og:title\" content=\"\u00dcber uns - Altm\u00e4rkische B\u00fcrgerstiftung Hansestadt Stendal\" \/>\n<meta property=\"og:description\" content=\"Was ist eine B\u00fcrgerstiftung? Eine B\u00fcrgerstiftung ist eine selbstst\u00e4ndige und unabh\u00e4ngige, gemeinn\u00fctzige Institution zur F\u00f6rderung verschiedenartigster, dem Gemeinwohl dienender Zwecke, in einem geographisch begrenzten (zumeist lokalen oder regionalen) Wirkungsraum, die einen langfristigen Verm\u00f6gensaufbau betreibt und ihre Organisationsstruktur, Verm\u00f6gensverwaltung und Mittelvergabe transparent macht. Eine B\u00fcrgerstiftung erbringt ihre Leistungen sowohl durch die Vergabe von F\u00f6rdermitteln f\u00fcr vorhandene &hellip; Weiterlesen \u00dcber uns\" \/>\n<meta property=\"og:url\" content=\"https:\/\/www.buergerstiftung-stendal.de\/index.php\/ueber-uns\/\" \/>\n<meta property=\"og:site_name\" content=\"Altm\u00e4rkische B\u00fcrgerstiftung Hansestadt Stendal\" \/>\n<meta property=\"article:modified_time\" content=\"2021-04-19T18:09:32+00:00\" \/>\n<meta property=\"og:image\" content=\"https:\/\/www.buergerstiftung-stendal.de\/wp-content\/uploads\/2021\/04\/BS_Guetesiegel_2021-23_Datum-300x300.png\" \/>\n<meta name=\"twitter:card\" content=\"summary_large_image\" \/>\n<meta name=\"twitter:label1\" content=\"Gesch\u00e4tzte Lesezeit\" \/>\n\t<meta name=\"twitter:data1\" content=\"2\u00a0Minuten\" \/>\n<script type=\"application\/ld+json\" class=\"yoast-schema-graph\">{\"@context\":\"https:\/\/schema.org\",\"@graph\":[{\"@type\":\"WebPage\",\"@id\":\"https:\/\/www.buergerstiftung-stendal.de\/index.php\/ueber-uns\/\",\"url\":\"https:\/\/www.buergerstiftung-stendal.de\/index.php\/ueber-uns\/\",\"name\":\"\u00dcber uns - Altm\u00e4rkische B\u00fcrgerstiftung Hansestadt Stendal\",\"isPartOf\":{\"@id\":\"https:\/\/www.buergerstiftung-stendal.de\/#website\"},\"datePublished\":\"2019-04-04T11:12:13+00:00\",\"dateModified\":\"2021-04-19T18:09:32+00:00\",\"breadcrumb\":{\"@id\":\"https:\/\/www.buergerstiftung-stendal.de\/index.php\/ueber-uns\/#breadcrumb\"},\"inLanguage\":\"de\",\"potentialAction\":[{\"@type\":\"ReadAction\",\"target\":[\"https:\/\/www.buergerstiftung-stendal.de\/index.php\/ueber-uns\/\"]}]},{\"@type\":\"BreadcrumbList\",\"@id\":\"https:\/\/www.buergerstiftung-stendal.de\/index.php\/ueber-uns\/#breadcrumb\",\"itemListElement\":[{\"@type\":\"ListItem\",\"position\":1,\"name\":\"Startseite\",\"item\":\"https:\/\/www.buergerstiftung-stendal.de\/\"},{\"@type\":\"ListItem\",\"position\":2,\"name\":\"\u00dcber uns\"}]},{\"@type\":\"WebSite\",\"@id\":\"https:\/\/www.buergerstiftung-stendal.de\/#website\",\"url\":\"https:\/\/www.buergerstiftung-stendal.de\/\",\"name\":\"Altm\u00e4rkische B\u00fcrgerstiftung Hansestadt Stendal\",\"description\":\"\",\"potentialAction\":[{\"@type\":\"SearchAction\",\"target\":{\"@type\":\"EntryPoint\",\"urlTemplate\":\"https:\/\/www.buergerstiftung-stendal.de\/?s={search_term_string}\"},\"query-input\":\"required name=search_term_string\"}],\"inLanguage\":\"de\"}]}<\/script>\n<!-- \/ Yoast SEO plugin. -->","yoast_head_json":{"title":"\u00dcber uns - Altm\u00e4rkische B\u00fcrgerstiftung Hansestadt Stendal","robots":{"index":"index","follow":"follow","max-snippet":"max-snippet:-1","max-image-preview":"max-image-preview:large","max-video-preview":"max-video-preview:-1"},"canonical":"https:\/\/www.buergerstiftung-stendal.de\/index.php\/ueber-uns\/","og_locale":"de_DE","og_type":"article","og_title":"\u00dcber uns - Altm\u00e4rkische B\u00fcrgerstiftung Hansestadt Stendal","og_description":"Was ist eine B\u00fcrgerstiftung? Eine B\u00fcrgerstiftung ist eine selbstst\u00e4ndige und unabh\u00e4ngige, gemeinn\u00fctzige Institution zur F\u00f6rderung verschiedenartigster, dem Gemeinwohl dienender Zwecke, in einem geographisch begrenzten (zumeist lokalen oder regionalen) Wirkungsraum, die einen langfristigen Verm\u00f6gensaufbau betreibt und ihre Organisationsstruktur, Verm\u00f6gensverwaltung und Mittelvergabe transparent macht. Eine B\u00fcrgerstiftung erbringt ihre Leistungen sowohl durch die Vergabe von F\u00f6rdermitteln f\u00fcr vorhandene &hellip; Weiterlesen \u00dcber uns","og_url":"https:\/\/www.buergerstiftung-stendal.de\/index.php\/ueber-uns\/","og_site_name":"Altm\u00e4rkische B\u00fcrgerstiftung Hansestadt Stendal","article_modified_time":"2021-04-19T18:09:32+00:00","og_image":[{"url":"https:\/\/www.buergerstiftung-stendal.de\/wp-content\/uploads\/2021\/04\/BS_Guetesiegel_2021-23_Datum-300x300.png"}],"twitter_card":"summary_large_image","twitter_misc":{"Gesch\u00e4tzte Lesezeit":"2\u00a0Minuten"},"schema":{"@context":"https:\/\/schema.org","@graph":[{"@type":"WebPage","@id":"https:\/\/www.buergerstiftung-stendal.de\/index.php\/ueber-uns\/","url":"https:\/\/www.buergerstiftung-stendal.de\/index.php\/ueber-uns\/","name":"\u00dcber uns - Altm\u00e4rkische B\u00fcrgerstiftung Hansestadt Stendal","isPartOf":{"@id":"https:\/\/www.buergerstiftung-stendal.de\/#website"},"datePublished":"2019-04-04T11:12:13+00:00","dateModified":"2021-04-19T18:09:32+00:00","breadcrumb":{"@id":"https:\/\/www.buergerstiftung-stendal.de\/index.php\/ueber-uns\/#breadcrumb"},"inLanguage":"de","potentialAction":[{"@type":"ReadAction","target":["https:\/\/www.buergerstiftung-stendal.de\/index.php\/ueber-uns\/"]}]},{"@type":"BreadcrumbList","@id":"https:\/\/www.buergerstiftung-stendal.de\/index.php\/ueber-uns\/#breadcrumb","itemListElement":[{"@type":"ListItem","position":1,"name":"Startseite","item":"https:\/\/www.buergerstiftung-stendal.de\/"},{"@type":"ListItem","position":2,"name":"\u00dcber uns"}]},{"@type":"WebSite","@id":"https:\/\/www.buergerstiftung-stendal.de\/#website","url":"https:\/\/www.buergerstiftung-stendal.de\/","name":"Altm\u00e4rkische B\u00fcrgerstiftung Hansestadt Stendal","description":"","potentialAction":[{"@type":"SearchAction","target":{"@type":"EntryPoint","urlTemplate":"https:\/\/www.buergerstiftung-stendal.de\/?s={search_term_string}"},"query-input":"required name=search_term_string"}],"inLanguage":"de"}]}},"_links":{"self":[{"href":"https:\/\/www.buergerstiftung-stendal.de\/index.php\/wp-json\/wp\/v2\/pages\/17"}],"collection":[{"href":"https:\/\/www.buergerstiftung-stendal.de\/index.php\/wp-json\/wp\/v2\/pages"}],"about":[{"href":"https:\/\/www.buergerstiftung-stendal.de\/index.php\/wp-json\/wp\/v2\/types\/page"}],"author":[{"embeddable":true,"href":"https:\/\/www.buergerstiftung-stendal.de\/index.php\/wp-json\/wp\/v2\/users\/1"}],"replies":[{"embeddable":true,"href":"https:\/\/www.buergerstiftung-stendal.de\/index.php\/wp-json\/wp\/v2\/comments?post=17"}],"version-history":[{"count":16,"href":"https:\/\/www.buergerstiftung-stendal.de\/index.php\/wp-json\/wp\/v2\/pages\/17\/revisions"}],"predecessor-version":[{"id":844,"href":"https:\/\/www.buergerstiftung-stendal.de\/index.php\/wp-json\/wp\/v2\/pages\/17\/revisions\/844"}],"wp:attachment":[{"href":"https:\/\/www.buergerstiftung-stendal.de\/index.php\/wp-json\/wp\/v2\/media?parent=17"}],"curies":[{"name":"wp","href":"https:\/\/api.w.org\/{rel}","templated":true}]}}