{"id":19,"date":"2019-04-04T13:12:36","date_gmt":"2019-04-04T11:12:36","guid":{"rendered":"http:\/\/localhost\/wordpress\/?page_id=19"},"modified":"2020-03-29T15:17:38","modified_gmt":"2020-03-29T13:17:38","slug":"projekte","status":"publish","type":"page","link":"https:\/\/www.buergerstiftung-stendal.de\/index.php\/projekte\/","title":{"rendered":"Projekte"},"content":{"rendered":"<p>Wir f\u00f6rdern gemeinn\u00fctzige Projekte und Initiativen, die das Leben in der Altmark bereichern. Zum einen schreiben wir jedes Jahr einen Ideenwettbewerb aus und f\u00f6rdern hier\u00fcber pr\u00e4mierte unterschiedliche Projekte. Wir f\u00f6rdern Menschen, denen gesellschaftliches und soziales Engagement ein pers\u00f6nliches Anliegen ist. Zum anderen setzen wir gezielt eigene Projekte um, die zu b\u00fcrgerschaftlichem Engagement anregen und eine nachhaltige Wirkung erzielen.<\/p>\n<h2>Unsere eigenen Projekte<\/h2>\n<ul>\n<li><a href=\"https:\/\/www.buergerstiftung-stendal.de\/index.php\/der-winckelmann-pfad-in-stendal\/\">Winckelmann Pfad<\/a><\/li>\n<li><a href=\"http:\/\/www.buergerstiftung-stendal.de\/index.php\/bildung-im-voruebergehen\/\">Bildung im Vor\u00fcbergehen<\/a><\/li>\n<\/ul>\n<h2>Wir kooperieren mit:<\/h2>\n<ul>\n<li><a href=\"http:\/\/www.buergerstiftung-stendal.de\/index.php\/2019\/04\/20\/denken-ohne-gelaender\/\">Denken ohne Gel\u00e4nder<\/a><\/li>\n<\/ul>\n<h2>Ihr Ansprechpartner:<\/h2>\n<p>J\u00fcrgen Lenski<br \/>\nTel.: 0177 8761100<br \/>\nEmail:&nbsp;<a title=\"info@buergerstiftung-stendal.de\" href=\"mailto:info@buergerstiftung-stendal.de\">info@buergerstiftung-stendal.de<\/a><\/p>\n<p>&nbsp;<\/p>\n<p>&nbsp;<\/p>\n","protected":false},"excerpt":{"rendered":"<p>Wir f\u00f6rdern gemeinn\u00fctzige Projekte und Initiativen, die das Leben in der Altmark bereichern. Zum einen schreiben wir jedes Jahr einen Ideenwettbewerb aus und f\u00f6rdern hier\u00fcber pr\u00e4mierte unterschiedliche Projekte. Wir f\u00f6rdern Menschen, denen gesellschaftliches und soziales Engagement ein pers\u00f6nliches Anliegen ist. Zum anderen setzen wir gezielt eigene Projekte um, die zu b\u00fcrgerschaftlichem Engagement anregen und eine &hellip; <a href=\"https:\/\/www.buergerstiftung-stendal.de\/index.php\/projekte\/\" class=\"more-link\">Weiterlesen <span class=\"screen-reader-text\">Projekte<\/span><\/a><\/p>\n","protected":false},"author":1,"featured_media":0,"parent":0,"menu_order":0,"comment_status":"closed","ping_status":"closed","template":"","meta":{"ngg_post_thumbnail":0},"yoast_head":"<!-- This site is optimized with the Yoast SEO plugin v19.11 - https:\/\/yoast.com\/wordpress\/plugins\/seo\/ -->\n<title>Projekte - Altm\u00e4rkische B\u00fcrgerstiftung Hansestadt Stendal<\/title>\n<meta name=\"robots\" content=\"index, follow, max-snippet:-1, max-image-preview:large, max-video-preview:-1\" \/>\n<link rel=\"canonical\" href=\"https:\/\/www.buergerstiftung-stendal.de\/index.php\/projekte\/\" \/>\n<meta property=\"og:locale\" content=\"de_DE\" \/>\n<meta property=\"og:type\" content=\"article\" \/>\n<meta property=\"og:title\" content=\"Projekte - Altm\u00e4rkische B\u00fcrgerstiftung Hansestadt Stendal\" \/>\n<meta property=\"og:description\" content=\"Wir f\u00f6rdern gemeinn\u00fctzige Projekte und Initiativen, die das Leben in der Altmark bereichern. Zum einen schreiben wir jedes Jahr einen Ideenwettbewerb aus und f\u00f6rdern hier\u00fcber pr\u00e4mierte unterschiedliche Projekte. Wir f\u00f6rdern Menschen, denen gesellschaftliches und soziales Engagement ein pers\u00f6nliches Anliegen ist. Zum anderen setzen wir gezielt eigene Projekte um, die zu b\u00fcrgerschaftlichem Engagement anregen und eine &hellip; Weiterlesen Projekte\" \/>\n<meta property=\"og:url\" content=\"https:\/\/www.buergerstiftung-stendal.de\/index.php\/projekte\/\" \/>\n<meta property=\"og:site_name\" content=\"Altm\u00e4rkische B\u00fcrgerstiftung Hansestadt Stendal\" \/>\n<meta property=\"article:modified_time\" content=\"2020-03-29T13:17:38+00:00\" \/>\n<meta name=\"twitter:card\" content=\"summary_large_image\" \/>\n<script type=\"application\/ld+json\" class=\"yoast-schema-graph\">{\"@context\":\"https:\/\/schema.org\",\"@graph\":[{\"@type\":\"WebPage\",\"@id\":\"https:\/\/www.buergerstiftung-stendal.de\/index.php\/projekte\/\",\"url\":\"https:\/\/www.buergerstiftung-stendal.de\/index.php\/projekte\/\",\"name\":\"Projekte - Altm\u00e4rkische B\u00fcrgerstiftung Hansestadt Stendal\",\"isPartOf\":{\"@id\":\"https:\/\/www.buergerstiftung-stendal.de\/#website\"},\"datePublished\":\"2019-04-04T11:12:36+00:00\",\"dateModified\":\"2020-03-29T13:17:38+00:00\",\"breadcrumb\":{\"@id\":\"https:\/\/www.buergerstiftung-stendal.de\/index.php\/projekte\/#breadcrumb\"},\"inLanguage\":\"de\",\"potentialAction\":[{\"@type\":\"ReadAction\",\"target\":[\"https:\/\/www.buergerstiftung-stendal.de\/index.php\/projekte\/\"]}]},{\"@type\":\"BreadcrumbList\",\"@id\":\"https:\/\/www.buergerstiftung-stendal.de\/index.php\/projekte\/#breadcrumb\",\"itemListElement\":[{\"@type\":\"ListItem\",\"position\":1,\"name\":\"Startseite\",\"item\":\"https:\/\/www.buergerstiftung-stendal.de\/\"},{\"@type\":\"ListItem\",\"position\":2,\"name\":\"Projekte\"}]},{\"@type\":\"WebSite\",\"@id\":\"https:\/\/www.buergerstiftung-stendal.de\/#website\",\"url\":\"https:\/\/www.buergerstiftung-stendal.de\/\",\"name\":\"Altm\u00e4rkische B\u00fcrgerstiftung Hansestadt Stendal\",\"description\":\"\",\"potentialAction\":[{\"@type\":\"SearchAction\",\"target\":{\"@type\":\"EntryPoint\",\"urlTemplate\":\"https:\/\/www.buergerstiftung-stendal.de\/?s={search_term_string}\"},\"query-input\":\"required name=search_term_string\"}],\"inLanguage\":\"de\"}]}<\/script>\n<!-- \/ Yoast SEO plugin. -->","yoast_head_json":{"title":"Projekte - Altm\u00e4rkische B\u00fcrgerstiftung Hansestadt Stendal","robots":{"index":"index","follow":"follow","max-snippet":"max-snippet:-1","max-image-preview":"max-image-preview:large","max-video-preview":"max-video-preview:-1"},"canonical":"https:\/\/www.buergerstiftung-stendal.de\/index.php\/projekte\/","og_locale":"de_DE","og_type":"article","og_title":"Projekte - Altm\u00e4rkische B\u00fcrgerstiftung Hansestadt Stendal","og_description":"Wir f\u00f6rdern gemeinn\u00fctzige Projekte und Initiativen, die das Leben in der Altmark bereichern. Zum einen schreiben wir jedes Jahr einen Ideenwettbewerb aus und f\u00f6rdern hier\u00fcber pr\u00e4mierte unterschiedliche Projekte. Wir f\u00f6rdern Menschen, denen gesellschaftliches und soziales Engagement ein pers\u00f6nliches Anliegen ist. Zum anderen setzen wir gezielt eigene Projekte um, die zu b\u00fcrgerschaftlichem Engagement anregen und eine &hellip; Weiterlesen Projekte","og_url":"https:\/\/www.buergerstiftung-stendal.de\/index.php\/projekte\/","og_site_name":"Altm\u00e4rkische B\u00fcrgerstiftung Hansestadt Stendal","article_modified_time":"2020-03-29T13:17:38+00:00","twitter_card":"summary_large_image","schema":{"@context":"https:\/\/schema.org","@graph":[{"@type":"WebPage","@id":"https:\/\/www.buergerstiftung-stendal.de\/index.php\/projekte\/","url":"https:\/\/www.buergerstiftung-stendal.de\/index.php\/projekte\/","name":"Projekte - Altm\u00e4rkische B\u00fcrgerstiftung Hansestadt Stendal","isPartOf":{"@id":"https:\/\/www.buergerstiftung-stendal.de\/#website"},"datePublished":"2019-04-04T11:12:36+00:00","dateModified":"2020-03-29T13:17:38+00:00","breadcrumb":{"@id":"https:\/\/www.buergerstiftung-stendal.de\/index.php\/projekte\/#breadcrumb"},"inLanguage":"de","potentialAction":[{"@type":"ReadAction","target":["https:\/\/www.buergerstiftung-stendal.de\/index.php\/projekte\/"]}]},{"@type":"BreadcrumbList","@id":"https:\/\/www.buergerstiftung-stendal.de\/index.php\/projekte\/#breadcrumb","itemListElement":[{"@type":"ListItem","position":1,"name":"Startseite","item":"https:\/\/www.buergerstiftung-stendal.de\/"},{"@type":"ListItem","position":2,"name":"Projekte"}]},{"@type":"WebSite","@id":"https:\/\/www.buergerstiftung-stendal.de\/#website","url":"https:\/\/www.buergerstiftung-stendal.de\/","name":"Altm\u00e4rkische B\u00fcrgerstiftung Hansestadt Stendal","description":"","potentialAction":[{"@type":"SearchAction","target":{"@type":"EntryPoint","urlTemplate":"https:\/\/www.buergerstiftung-stendal.de\/?s={search_term_string}"},"query-input":"required name=search_term_string"}],"inLanguage":"de"}]}},"_links":{"self":[{"href":"https:\/\/www.buergerstiftung-stendal.de\/index.php\/wp-json\/wp\/v2\/pages\/19"}],"collection":[{"href":"https:\/\/www.buergerstiftung-stendal.de\/index.php\/wp-json\/wp\/v2\/pages"}],"about":[{"href":"https:\/\/www.buergerstiftung-stendal.de\/index.php\/wp-json\/wp\/v2\/types\/page"}],"author":[{"embeddable":true,"href":"https:\/\/www.buergerstiftung-stendal.de\/index.php\/wp-json\/wp\/v2\/users\/1"}],"replies":[{"embeddable":true,"href":"https:\/\/www.buergerstiftung-stendal.de\/index.php\/wp-json\/wp\/v2\/comments?post=19"}],"version-history":[{"count":9,"href":"https:\/\/www.buergerstiftung-stendal.de\/index.php\/wp-json\/wp\/v2\/pages\/19\/revisions"}],"predecessor-version":[{"id":773,"href":"https:\/\/www.buergerstiftung-stendal.de\/index.php\/wp-json\/wp\/v2\/pages\/19\/revisions\/773"}],"wp:attachment":[{"href":"https:\/\/www.buergerstiftung-stendal.de\/index.php\/wp-json\/wp\/v2\/media?parent=19"}],"curies":[{"name":"wp","href":"https:\/\/api.w.org\/{rel}","templated":true}]}}