{"id":36,"date":"2019-04-04T13:14:11","date_gmt":"2019-04-04T11:14:11","guid":{"rendered":"http:\/\/localhost\/wordpress\/?page_id=36"},"modified":"2020-03-29T21:08:52","modified_gmt":"2020-03-29T19:08:52","slug":"die-stiftung","status":"publish","type":"page","link":"https:\/\/www.buergerstiftung-stendal.de\/index.php\/ueber-uns\/die-stiftung\/","title":{"rendered":"Die Stiftung"},"content":{"rendered":"\r\n<h3>Zur Geschichte der Altm\u00e4rkischen B\u00fcrgerstiftung Hansestadt Stendal<\/h3>\r\n\r\n\r\n\r\n<p>Im September 2010 bildeten engagierte altm\u00e4rkische B\u00fcrger\/innen verschiedenster Professionen und gesellschaftlicher Stellungen einen Initiativkreis zur Gr\u00fcndung einer B\u00fcrgerstiftung. Aus diesem wiederum rekrutierten sich Arbeitskreise mit speziellen Aufgabenstellungen. So gab es einen Arbeitskreis f\u00fcr die Schaffung der Rechtsgrundlagen, wie zum Beispiel der Erstellung einer Satzung. Die Mitglieder eines weiteren Arbeitskreises besch\u00e4ftigten sich mit \u00d6ffentlichkeitsarbeit; die eines anderen sorgten durch viele pers\u00f6nliche Gespr\u00e4che mit Verantwortlichen von Firmen und B\u00fcrgern\/innen f\u00fcr die Bereitschaft, die Stiftung durch finanzielle Mittel (Spenden zum Start und vor allem durch Stifterbeitr\u00e4ge) zu unterst\u00fctzen.<\/p>\r\n\r\n\r\n\r\n<p>Am 19.05.2011 war es dann so weit, und es konnte mit der rechtlichen Gr\u00fcndung der Stiftung im Rahmen einer Feier, bei der unsere Gr\u00fcndungsstifter zugegen waren, begonnen werden.&nbsp;Vollendet wurde die Gr\u00fcndung der B\u00fcrgerstiftung mit der nun offiziellen Bezeichnung&nbsp;\u201eAltm\u00e4rkische B\u00fcrgerstiftung Hansestadt Stendal\u201c&nbsp;mit der \u00dcberreichung der Anerkennungsurkunde durch Vertreter\/innen des Landesverwaltungsamtes des Landes Sachsen- Anhalt und die feierliche \u00dcbergabe der Stifterurkunden an unsere Gr\u00fcndungsstifter\/innen in der Katharinenkirche zu Stendal am 16. September 2011.<\/p>\r\n\r\n\r\n\r\n<h3>Seit 2013 mit G\u00fctesiegel<\/h3>\r\n<p>Deutschlandweit tragen 259 B\u00fcrgerstiftungen das G\u00fctesiegel des Bundesverbandes Deutscher Stiftungen \u2013 darunter die Altm\u00e4rkische B\u00fcrgerstiftung Hansestadt Stendal. Der Bundesverband deutscher Stiftungen in Berlin hat der Altm\u00e4rkischen B\u00fcrgerstiftung das G\u00fctesiegel f\u00fcr B\u00fcrgerstiftungen mit Wirkung vom 01. Oktober 2013 verliehen. 23 B\u00fcrgerstiftungen erhielten es in diesem Jahr zum ersten Mal.&nbsp;<\/p>\r\n<p>Die meisten B\u00fcrgerstiftungen sowie B\u00fcrgerstifterinnen und B\u00fcrgerstifter gibt es in Nordrhein-Westfalen (69 B\u00fcrgerstiftungen), Baden-W\u00fcrttemberg (56) und Niedersachsen (48). In Sachsen-Anhalt gibt es insgesamt vier G\u00fctesiegel-B\u00fcrgerstiftungen (B\u00fcrger.Stiftung.Halle, B\u00fcrgerstiftung Magdeburg, B\u00fcrgerstiftung f\u00fcr Quedlinburg und die Altm\u00e4rkische B\u00fcrgerstiftung Hansestadt Stendal). G\u00fctesiegel-B\u00fcrgerstiftungen entsprechen den \u201e10 Merkmalen einer B\u00fcrgerstiftung\u201c, die der Arbeitskreis B\u00fcrgerstiftungen im Jahr 2000 verabschiedet hat. Das bedeutet: Sie haben einen lokalen Aktionsradius, verfolgen eine Vielzahl gemeinn\u00fctziger Zwecke und verpflichten sich zu Unabh\u00e4ngigkeit und Transparenz. Als Stiftungen von B\u00fcrgern f\u00fcr B\u00fcrger f\u00f6rdern sie b\u00fcrgerschaftliches Engagement und setzen auf ehrenamtliche Beteiligung. Mehr \u00fcber die \u201e10 Merkmale der B\u00fcrgerstiftungen mit G\u00fctesiegel\u201c finden Sie <a href=\"https:\/\/www.buergerstiftungen.org\/de\/buergerstiftungen\/10-merkmale\/\">hier<\/a>.<\/p>\r\n","protected":false},"excerpt":{"rendered":"<p>Zur Geschichte der Altm\u00e4rkischen B\u00fcrgerstiftung Hansestadt Stendal Im September 2010 bildeten engagierte altm\u00e4rkische B\u00fcrger\/innen verschiedenster Professionen und gesellschaftlicher Stellungen einen Initiativkreis zur Gr\u00fcndung einer B\u00fcrgerstiftung. Aus diesem wiederum rekrutierten sich Arbeitskreise mit speziellen Aufgabenstellungen. So gab es einen Arbeitskreis f\u00fcr die Schaffung der Rechtsgrundlagen, wie zum Beispiel der Erstellung einer Satzung. Die Mitglieder eines weiteren &hellip; <a href=\"https:\/\/www.buergerstiftung-stendal.de\/index.php\/ueber-uns\/die-stiftung\/\" class=\"more-link\">Weiterlesen <span class=\"screen-reader-text\">Die Stiftung<\/span><\/a><\/p>\n","protected":false},"author":1,"featured_media":0,"parent":17,"menu_order":0,"comment_status":"closed","ping_status":"closed","template":"","meta":{"ngg_post_thumbnail":0},"yoast_head":"<!-- This site is optimized with the Yoast SEO plugin v19.11 - https:\/\/yoast.com\/wordpress\/plugins\/seo\/ -->\n<title>Die Stiftung - Altm\u00e4rkische B\u00fcrgerstiftung Hansestadt Stendal<\/title>\n<meta name=\"robots\" content=\"index, follow, max-snippet:-1, max-image-preview:large, max-video-preview:-1\" \/>\n<link rel=\"canonical\" href=\"https:\/\/www.buergerstiftung-stendal.de\/index.php\/ueber-uns\/die-stiftung\/\" \/>\n<meta property=\"og:locale\" content=\"de_DE\" \/>\n<meta property=\"og:type\" content=\"article\" \/>\n<meta property=\"og:title\" content=\"Die Stiftung - Altm\u00e4rkische B\u00fcrgerstiftung Hansestadt Stendal\" \/>\n<meta property=\"og:description\" content=\"Zur Geschichte der Altm\u00e4rkischen B\u00fcrgerstiftung Hansestadt Stendal Im September 2010 bildeten engagierte altm\u00e4rkische B\u00fcrger\/innen verschiedenster Professionen und gesellschaftlicher Stellungen einen Initiativkreis zur Gr\u00fcndung einer B\u00fcrgerstiftung. Aus diesem wiederum rekrutierten sich Arbeitskreise mit speziellen Aufgabenstellungen. So gab es einen Arbeitskreis f\u00fcr die Schaffung der Rechtsgrundlagen, wie zum Beispiel der Erstellung einer Satzung. Die Mitglieder eines weiteren &hellip; Weiterlesen Die Stiftung\" \/>\n<meta property=\"og:url\" content=\"https:\/\/www.buergerstiftung-stendal.de\/index.php\/ueber-uns\/die-stiftung\/\" \/>\n<meta property=\"og:site_name\" content=\"Altm\u00e4rkische B\u00fcrgerstiftung Hansestadt Stendal\" \/>\n<meta property=\"article:modified_time\" content=\"2020-03-29T19:08:52+00:00\" \/>\n<meta name=\"twitter:card\" content=\"summary_large_image\" \/>\n<meta name=\"twitter:label1\" content=\"Gesch\u00e4tzte Lesezeit\" \/>\n\t<meta name=\"twitter:data1\" content=\"2\u00a0Minuten\" \/>\n<script type=\"application\/ld+json\" class=\"yoast-schema-graph\">{\"@context\":\"https:\/\/schema.org\",\"@graph\":[{\"@type\":\"WebPage\",\"@id\":\"https:\/\/www.buergerstiftung-stendal.de\/index.php\/ueber-uns\/die-stiftung\/\",\"url\":\"https:\/\/www.buergerstiftung-stendal.de\/index.php\/ueber-uns\/die-stiftung\/\",\"name\":\"Die Stiftung - Altm\u00e4rkische B\u00fcrgerstiftung Hansestadt Stendal\",\"isPartOf\":{\"@id\":\"https:\/\/www.buergerstiftung-stendal.de\/#website\"},\"datePublished\":\"2019-04-04T11:14:11+00:00\",\"dateModified\":\"2020-03-29T19:08:52+00:00\",\"breadcrumb\":{\"@id\":\"https:\/\/www.buergerstiftung-stendal.de\/index.php\/ueber-uns\/die-stiftung\/#breadcrumb\"},\"inLanguage\":\"de\",\"potentialAction\":[{\"@type\":\"ReadAction\",\"target\":[\"https:\/\/www.buergerstiftung-stendal.de\/index.php\/ueber-uns\/die-stiftung\/\"]}]},{\"@type\":\"BreadcrumbList\",\"@id\":\"https:\/\/www.buergerstiftung-stendal.de\/index.php\/ueber-uns\/die-stiftung\/#breadcrumb\",\"itemListElement\":[{\"@type\":\"ListItem\",\"position\":1,\"name\":\"Startseite\",\"item\":\"https:\/\/www.buergerstiftung-stendal.de\/\"},{\"@type\":\"ListItem\",\"position\":2,\"name\":\"\u00dcber uns\",\"item\":\"https:\/\/www.buergerstiftung-stendal.de\/index.php\/ueber-uns\/\"},{\"@type\":\"ListItem\",\"position\":3,\"name\":\"Die Stiftung\"}]},{\"@type\":\"WebSite\",\"@id\":\"https:\/\/www.buergerstiftung-stendal.de\/#website\",\"url\":\"https:\/\/www.buergerstiftung-stendal.de\/\",\"name\":\"Altm\u00e4rkische B\u00fcrgerstiftung Hansestadt Stendal\",\"description\":\"\",\"potentialAction\":[{\"@type\":\"SearchAction\",\"target\":{\"@type\":\"EntryPoint\",\"urlTemplate\":\"https:\/\/www.buergerstiftung-stendal.de\/?s={search_term_string}\"},\"query-input\":\"required name=search_term_string\"}],\"inLanguage\":\"de\"}]}<\/script>\n<!-- \/ Yoast SEO plugin. -->","yoast_head_json":{"title":"Die Stiftung - Altm\u00e4rkische B\u00fcrgerstiftung Hansestadt Stendal","robots":{"index":"index","follow":"follow","max-snippet":"max-snippet:-1","max-image-preview":"max-image-preview:large","max-video-preview":"max-video-preview:-1"},"canonical":"https:\/\/www.buergerstiftung-stendal.de\/index.php\/ueber-uns\/die-stiftung\/","og_locale":"de_DE","og_type":"article","og_title":"Die Stiftung - Altm\u00e4rkische B\u00fcrgerstiftung Hansestadt Stendal","og_description":"Zur Geschichte der Altm\u00e4rkischen B\u00fcrgerstiftung Hansestadt Stendal Im September 2010 bildeten engagierte altm\u00e4rkische B\u00fcrger\/innen verschiedenster Professionen und gesellschaftlicher Stellungen einen Initiativkreis zur Gr\u00fcndung einer B\u00fcrgerstiftung. Aus diesem wiederum rekrutierten sich Arbeitskreise mit speziellen Aufgabenstellungen. So gab es einen Arbeitskreis f\u00fcr die Schaffung der Rechtsgrundlagen, wie zum Beispiel der Erstellung einer Satzung. Die Mitglieder eines weiteren &hellip; Weiterlesen Die Stiftung","og_url":"https:\/\/www.buergerstiftung-stendal.de\/index.php\/ueber-uns\/die-stiftung\/","og_site_name":"Altm\u00e4rkische B\u00fcrgerstiftung Hansestadt Stendal","article_modified_time":"2020-03-29T19:08:52+00:00","twitter_card":"summary_large_image","twitter_misc":{"Gesch\u00e4tzte Lesezeit":"2\u00a0Minuten"},"schema":{"@context":"https:\/\/schema.org","@graph":[{"@type":"WebPage","@id":"https:\/\/www.buergerstiftung-stendal.de\/index.php\/ueber-uns\/die-stiftung\/","url":"https:\/\/www.buergerstiftung-stendal.de\/index.php\/ueber-uns\/die-stiftung\/","name":"Die Stiftung - Altm\u00e4rkische B\u00fcrgerstiftung Hansestadt Stendal","isPartOf":{"@id":"https:\/\/www.buergerstiftung-stendal.de\/#website"},"datePublished":"2019-04-04T11:14:11+00:00","dateModified":"2020-03-29T19:08:52+00:00","breadcrumb":{"@id":"https:\/\/www.buergerstiftung-stendal.de\/index.php\/ueber-uns\/die-stiftung\/#breadcrumb"},"inLanguage":"de","potentialAction":[{"@type":"ReadAction","target":["https:\/\/www.buergerstiftung-stendal.de\/index.php\/ueber-uns\/die-stiftung\/"]}]},{"@type":"BreadcrumbList","@id":"https:\/\/www.buergerstiftung-stendal.de\/index.php\/ueber-uns\/die-stiftung\/#breadcrumb","itemListElement":[{"@type":"ListItem","position":1,"name":"Startseite","item":"https:\/\/www.buergerstiftung-stendal.de\/"},{"@type":"ListItem","position":2,"name":"\u00dcber uns","item":"https:\/\/www.buergerstiftung-stendal.de\/index.php\/ueber-uns\/"},{"@type":"ListItem","position":3,"name":"Die Stiftung"}]},{"@type":"WebSite","@id":"https:\/\/www.buergerstiftung-stendal.de\/#website","url":"https:\/\/www.buergerstiftung-stendal.de\/","name":"Altm\u00e4rkische B\u00fcrgerstiftung Hansestadt Stendal","description":"","potentialAction":[{"@type":"SearchAction","target":{"@type":"EntryPoint","urlTemplate":"https:\/\/www.buergerstiftung-stendal.de\/?s={search_term_string}"},"query-input":"required name=search_term_string"}],"inLanguage":"de"}]}},"_links":{"self":[{"href":"https:\/\/www.buergerstiftung-stendal.de\/index.php\/wp-json\/wp\/v2\/pages\/36"}],"collection":[{"href":"https:\/\/www.buergerstiftung-stendal.de\/index.php\/wp-json\/wp\/v2\/pages"}],"about":[{"href":"https:\/\/www.buergerstiftung-stendal.de\/index.php\/wp-json\/wp\/v2\/types\/page"}],"author":[{"embeddable":true,"href":"https:\/\/www.buergerstiftung-stendal.de\/index.php\/wp-json\/wp\/v2\/users\/1"}],"replies":[{"embeddable":true,"href":"https:\/\/www.buergerstiftung-stendal.de\/index.php\/wp-json\/wp\/v2\/comments?post=36"}],"version-history":[{"count":10,"href":"https:\/\/www.buergerstiftung-stendal.de\/index.php\/wp-json\/wp\/v2\/pages\/36\/revisions"}],"predecessor-version":[{"id":782,"href":"https:\/\/www.buergerstiftung-stendal.de\/index.php\/wp-json\/wp\/v2\/pages\/36\/revisions\/782"}],"up":[{"embeddable":true,"href":"https:\/\/www.buergerstiftung-stendal.de\/index.php\/wp-json\/wp\/v2\/pages\/17"}],"wp:attachment":[{"href":"https:\/\/www.buergerstiftung-stendal.de\/index.php\/wp-json\/wp\/v2\/media?parent=36"}],"curies":[{"name":"wp","href":"https:\/\/api.w.org\/{rel}","templated":true}]}}