{"id":389,"date":"2019-04-22T23:38:50","date_gmt":"2019-04-22T21:38:50","guid":{"rendered":"http:\/\/localhost\/wordpress\/?page_id=389"},"modified":"2025-07-23T17:05:03","modified_gmt":"2025-07-23T15:05:03","slug":"netzwerke","status":"publish","type":"page","link":"https:\/\/www.buergerstiftung-stendal.de\/index.php\/netzwerke\/","title":{"rendered":"Netzwerk"},"content":{"rendered":"\r\n\r\n\r\n<p><a href=\"http:\/\/www.stiftungen.org\/\" target=\"_blank\" rel=\"noopener noreferrer\">Bundesverband Deutscher Stiftungen<\/a><\/p>\r\n<p><a href=\"http:\/\/www.glockenverein.de\/\" target=\"_blank\" rel=\"noreferrer noopener\">F\u00f6rderverein Glocken St. Marien Stendal&nbsp;e.V.<\/a><\/p>\r\n<p><a href=\"http:\/\/www.fa-altmark.de\/\" target=\"_blank\" rel=\"noreferrer noopener\">Freiwilligen Agentur Altmark e.V.<\/a><\/p>\r\n<p><a href=\"https:\/\/bibliothek.stendal.de\/foerderverein-buecherfreunde\/\" target=\"_blank\" rel=\"noopener noreferrer\">Freundeskreis der Stadtbibliothek&nbsp;Stendal \u2013 B\u00fccherfreu(n)de Stendal e.V.<\/a><\/p>\r\n\r\n\r\n\r\n<p><a href=\"http:\/\/www.stendal.de\/de\/\" target=\"_blank\" rel=\"noopener noreferrer\">Hansestadt Stendal<\/a><\/p>\r\n<p><a href=\"https:\/\/www.hs-magdeburg.de\/hochschule\/standorte\/standort-stendal.html\" target=\"_blank\" rel=\"noopener noreferrer\">Hochschule Magdeburg-Stendal:<\/a><\/p>\r\n<ul>\r\n<li style=\"list-style-type: none;\">\r\n<ul>\r\n<li style=\"list-style-type: none;\">\r\n<ul>\r\n<li><a href=\"https:\/\/www.respekt-netzwerk.de\/de\/startseite_de\/\" target=\"_blank\" rel=\"noopener noreferrer\">Projekt Respekt<\/a><\/li>\r\n<li><a href=\"https:\/\/www.kib-sachsenanhalt.de\" target=\"_blank\" rel=\"noopener noreferrer\">KIB &#8211; Kompetenzzentrum Inklusive Bildung Sachsen-Anhalt&nbsp; &nbsp;&nbsp;<\/a><\/li>\r\n<\/ul>\r\n<\/li>\r\n<\/ul>\r\n<\/li>\r\n<\/ul>\r\n<p><a href=\"http:\/\/www.kaschade-stiftung.de\/\" target=\"_blank\" rel=\"noopener noreferrer\">H. und H. Kaschade Stiftung<\/a><\/p>\r\n<p><a href=\"https:\/\/www.landkreis-stendal.de\/\">Inklusionsbeirat des Landkreises Stendal<\/a><\/p>\r\n<p><a href=\"https:\/\/www.kinderstaerken-ev.de\/\" target=\"_blank\" rel=\"noopener noreferrer\">KinderSt\u00e4rken e.V.<\/a><\/p>\r\n<p><a href=\"https:\/\/www.landkreis-stendal.de\/\" target=\"_blank\" rel=\"noopener noreferrer\">Landkreis Stendal<\/a><\/p>\r\n<p>\r\n\r\n<\/p>\r\n<p><a href=\"http:\/\/www.aktive-buergerschaft.de\/\" target=\"_blank\" rel=\"noopener noreferrer\">Stiftung Aktive B\u00fcrgerschaft e. V.<\/a><\/p>\r\n<p><a href=\"https:\/\/www.tda-stendal.de\/\" target=\"_blank\" rel=\"noopener noreferrer\">Theater der Altmark<\/a><\/p>\r\n<p>\r\n\r\n\r\n\r\n\r\n\r\n\r\n\r\n<\/p>\r\n<p><a href=\"http:\/\/una-online.de\/\" target=\"_blank\" rel=\"noopener noreferrer\">Unternehmensnetzwerk Altmark (UNA) e. V.<\/a><\/p>\r\n<p><\/p>","protected":false},"excerpt":{"rendered":"<p>Bundesverband Deutscher Stiftungen F\u00f6rderverein Glocken St. Marien Stendal&nbsp;e.V. Freiwilligen Agentur Altmark e.V. Freundeskreis der Stadtbibliothek&nbsp;Stendal \u2013 B\u00fccherfreu(n)de Stendal e.V. Hansestadt Stendal Hochschule Magdeburg-Stendal: Projekt Respekt KIB &#8211; Kompetenzzentrum Inklusive Bildung Sachsen-Anhalt&nbsp; &nbsp;&nbsp; H. und H. Kaschade Stiftung Inklusionsbeirat des Landkreises Stendal KinderSt\u00e4rken e.V. Landkreis Stendal Stiftung Aktive B\u00fcrgerschaft e. V. Theater der Altmark Unternehmensnetzwerk Altmark &hellip; <a href=\"https:\/\/www.buergerstiftung-stendal.de\/index.php\/netzwerke\/\" class=\"more-link\">Weiterlesen <span class=\"screen-reader-text\">Netzwerk<\/span><\/a><\/p>\n","protected":false},"author":1,"featured_media":0,"parent":0,"menu_order":0,"comment_status":"closed","ping_status":"closed","template":"","meta":{"ngg_post_thumbnail":0},"yoast_head":"<!-- This site is optimized with the Yoast SEO plugin v19.11 - https:\/\/yoast.com\/wordpress\/plugins\/seo\/ -->\n<title>Netzwerk - Altm\u00e4rkische B\u00fcrgerstiftung Hansestadt Stendal<\/title>\n<meta name=\"robots\" content=\"index, follow, max-snippet:-1, max-image-preview:large, max-video-preview:-1\" \/>\n<link rel=\"canonical\" href=\"https:\/\/www.buergerstiftung-stendal.de\/index.php\/netzwerke\/\" \/>\n<meta property=\"og:locale\" content=\"de_DE\" \/>\n<meta property=\"og:type\" content=\"article\" \/>\n<meta property=\"og:title\" content=\"Netzwerk - Altm\u00e4rkische B\u00fcrgerstiftung Hansestadt Stendal\" \/>\n<meta property=\"og:description\" content=\"Bundesverband Deutscher Stiftungen F\u00f6rderverein Glocken St. Marien Stendal&nbsp;e.V. Freiwilligen Agentur Altmark e.V. Freundeskreis der Stadtbibliothek&nbsp;Stendal \u2013 B\u00fccherfreu(n)de Stendal e.V. Hansestadt Stendal Hochschule Magdeburg-Stendal: Projekt Respekt KIB &#8211; Kompetenzzentrum Inklusive Bildung Sachsen-Anhalt&nbsp; &nbsp;&nbsp; H. und H. Kaschade Stiftung Inklusionsbeirat des Landkreises Stendal KinderSt\u00e4rken e.V. Landkreis Stendal Stiftung Aktive B\u00fcrgerschaft e. V. Theater der Altmark Unternehmensnetzwerk Altmark &hellip; Weiterlesen Netzwerk\" \/>\n<meta property=\"og:url\" content=\"https:\/\/www.buergerstiftung-stendal.de\/index.php\/netzwerke\/\" \/>\n<meta property=\"og:site_name\" content=\"Altm\u00e4rkische B\u00fcrgerstiftung Hansestadt Stendal\" \/>\n<meta property=\"article:modified_time\" content=\"2025-07-23T15:05:03+00:00\" \/>\n<meta name=\"twitter:card\" content=\"summary_large_image\" \/>\n<meta name=\"twitter:label1\" content=\"Gesch\u00e4tzte Lesezeit\" \/>\n\t<meta name=\"twitter:data1\" content=\"1\u00a0Minute\" \/>\n<script type=\"application\/ld+json\" class=\"yoast-schema-graph\">{\"@context\":\"https:\/\/schema.org\",\"@graph\":[{\"@type\":\"WebPage\",\"@id\":\"https:\/\/www.buergerstiftung-stendal.de\/index.php\/netzwerke\/\",\"url\":\"https:\/\/www.buergerstiftung-stendal.de\/index.php\/netzwerke\/\",\"name\":\"Netzwerk - Altm\u00e4rkische B\u00fcrgerstiftung Hansestadt Stendal\",\"isPartOf\":{\"@id\":\"https:\/\/www.buergerstiftung-stendal.de\/#website\"},\"datePublished\":\"2019-04-22T21:38:50+00:00\",\"dateModified\":\"2025-07-23T15:05:03+00:00\",\"breadcrumb\":{\"@id\":\"https:\/\/www.buergerstiftung-stendal.de\/index.php\/netzwerke\/#breadcrumb\"},\"inLanguage\":\"de\",\"potentialAction\":[{\"@type\":\"ReadAction\",\"target\":[\"https:\/\/www.buergerstiftung-stendal.de\/index.php\/netzwerke\/\"]}]},{\"@type\":\"BreadcrumbList\",\"@id\":\"https:\/\/www.buergerstiftung-stendal.de\/index.php\/netzwerke\/#breadcrumb\",\"itemListElement\":[{\"@type\":\"ListItem\",\"position\":1,\"name\":\"Startseite\",\"item\":\"https:\/\/www.buergerstiftung-stendal.de\/\"},{\"@type\":\"ListItem\",\"position\":2,\"name\":\"Netzwerk\"}]},{\"@type\":\"WebSite\",\"@id\":\"https:\/\/www.buergerstiftung-stendal.de\/#website\",\"url\":\"https:\/\/www.buergerstiftung-stendal.de\/\",\"name\":\"Altm\u00e4rkische B\u00fcrgerstiftung Hansestadt Stendal\",\"description\":\"\",\"potentialAction\":[{\"@type\":\"SearchAction\",\"target\":{\"@type\":\"EntryPoint\",\"urlTemplate\":\"https:\/\/www.buergerstiftung-stendal.de\/?s={search_term_string}\"},\"query-input\":\"required name=search_term_string\"}],\"inLanguage\":\"de\"}]}<\/script>\n<!-- \/ Yoast SEO plugin. -->","yoast_head_json":{"title":"Netzwerk - Altm\u00e4rkische B\u00fcrgerstiftung Hansestadt Stendal","robots":{"index":"index","follow":"follow","max-snippet":"max-snippet:-1","max-image-preview":"max-image-preview:large","max-video-preview":"max-video-preview:-1"},"canonical":"https:\/\/www.buergerstiftung-stendal.de\/index.php\/netzwerke\/","og_locale":"de_DE","og_type":"article","og_title":"Netzwerk - Altm\u00e4rkische B\u00fcrgerstiftung Hansestadt Stendal","og_description":"Bundesverband Deutscher Stiftungen F\u00f6rderverein Glocken St. Marien Stendal&nbsp;e.V. Freiwilligen Agentur Altmark e.V. Freundeskreis der Stadtbibliothek&nbsp;Stendal \u2013 B\u00fccherfreu(n)de Stendal e.V. Hansestadt Stendal Hochschule Magdeburg-Stendal: Projekt Respekt KIB &#8211; Kompetenzzentrum Inklusive Bildung Sachsen-Anhalt&nbsp; &nbsp;&nbsp; H. und H. Kaschade Stiftung Inklusionsbeirat des Landkreises Stendal KinderSt\u00e4rken e.V. Landkreis Stendal Stiftung Aktive B\u00fcrgerschaft e. V. Theater der Altmark Unternehmensnetzwerk Altmark &hellip; Weiterlesen Netzwerk","og_url":"https:\/\/www.buergerstiftung-stendal.de\/index.php\/netzwerke\/","og_site_name":"Altm\u00e4rkische B\u00fcrgerstiftung Hansestadt Stendal","article_modified_time":"2025-07-23T15:05:03+00:00","twitter_card":"summary_large_image","twitter_misc":{"Gesch\u00e4tzte Lesezeit":"1\u00a0Minute"},"schema":{"@context":"https:\/\/schema.org","@graph":[{"@type":"WebPage","@id":"https:\/\/www.buergerstiftung-stendal.de\/index.php\/netzwerke\/","url":"https:\/\/www.buergerstiftung-stendal.de\/index.php\/netzwerke\/","name":"Netzwerk - Altm\u00e4rkische B\u00fcrgerstiftung Hansestadt Stendal","isPartOf":{"@id":"https:\/\/www.buergerstiftung-stendal.de\/#website"},"datePublished":"2019-04-22T21:38:50+00:00","dateModified":"2025-07-23T15:05:03+00:00","breadcrumb":{"@id":"https:\/\/www.buergerstiftung-stendal.de\/index.php\/netzwerke\/#breadcrumb"},"inLanguage":"de","potentialAction":[{"@type":"ReadAction","target":["https:\/\/www.buergerstiftung-stendal.de\/index.php\/netzwerke\/"]}]},{"@type":"BreadcrumbList","@id":"https:\/\/www.buergerstiftung-stendal.de\/index.php\/netzwerke\/#breadcrumb","itemListElement":[{"@type":"ListItem","position":1,"name":"Startseite","item":"https:\/\/www.buergerstiftung-stendal.de\/"},{"@type":"ListItem","position":2,"name":"Netzwerk"}]},{"@type":"WebSite","@id":"https:\/\/www.buergerstiftung-stendal.de\/#website","url":"https:\/\/www.buergerstiftung-stendal.de\/","name":"Altm\u00e4rkische B\u00fcrgerstiftung Hansestadt Stendal","description":"","potentialAction":[{"@type":"SearchAction","target":{"@type":"EntryPoint","urlTemplate":"https:\/\/www.buergerstiftung-stendal.de\/?s={search_term_string}"},"query-input":"required name=search_term_string"}],"inLanguage":"de"}]}},"_links":{"self":[{"href":"https:\/\/www.buergerstiftung-stendal.de\/index.php\/wp-json\/wp\/v2\/pages\/389"}],"collection":[{"href":"https:\/\/www.buergerstiftung-stendal.de\/index.php\/wp-json\/wp\/v2\/pages"}],"about":[{"href":"https:\/\/www.buergerstiftung-stendal.de\/index.php\/wp-json\/wp\/v2\/types\/page"}],"author":[{"embeddable":true,"href":"https:\/\/www.buergerstiftung-stendal.de\/index.php\/wp-json\/wp\/v2\/users\/1"}],"replies":[{"embeddable":true,"href":"https:\/\/www.buergerstiftung-stendal.de\/index.php\/wp-json\/wp\/v2\/comments?post=389"}],"version-history":[{"count":16,"href":"https:\/\/www.buergerstiftung-stendal.de\/index.php\/wp-json\/wp\/v2\/pages\/389\/revisions"}],"predecessor-version":[{"id":1060,"href":"https:\/\/www.buergerstiftung-stendal.de\/index.php\/wp-json\/wp\/v2\/pages\/389\/revisions\/1060"}],"wp:attachment":[{"href":"https:\/\/www.buergerstiftung-stendal.de\/index.php\/wp-json\/wp\/v2\/media?parent=389"}],"curies":[{"name":"wp","href":"https:\/\/api.w.org\/{rel}","templated":true}]}}