{"id":766,"date":"2020-03-29T15:16:49","date_gmt":"2020-03-29T13:16:49","guid":{"rendered":"https:\/\/www.buergerstiftung-stendal.de\/?page_id=766"},"modified":"2021-07-06T21:19:02","modified_gmt":"2021-07-06T19:19:02","slug":"projekt-winckelmann-pfad","status":"publish","type":"page","link":"https:\/\/www.buergerstiftung-stendal.de\/index.php\/projekt-winckelmann-pfad\/","title":{"rendered":"Der Winckelmann-Pfad in Stendal"},"content":{"rendered":"<p><img decoding=\"async\" loading=\"lazy\" class=\"size-medium wp-image-768 alignleft\" src=\"https:\/\/www.buergerstiftung-stendal.de\/wp-content\/uploads\/2020\/03\/winckelmann_denkmal_stendal-225x300.jpg\" alt=\"\" width=\"225\" height=\"300\" srcset=\"https:\/\/www.buergerstiftung-stendal.de\/wp-content\/uploads\/2020\/03\/winckelmann_denkmal_stendal-225x300.jpg 225w, https:\/\/www.buergerstiftung-stendal.de\/wp-content\/uploads\/2020\/03\/winckelmann_denkmal_stendal-768x1024.jpg 768w, https:\/\/www.buergerstiftung-stendal.de\/wp-content\/uploads\/2020\/03\/winckelmann_denkmal_stendal-1152x1536.jpg 1152w, https:\/\/www.buergerstiftung-stendal.de\/wp-content\/uploads\/2020\/03\/winckelmann_denkmal_stendal-1536x2048.jpg 1536w, https:\/\/www.buergerstiftung-stendal.de\/wp-content\/uploads\/2020\/03\/winckelmann_denkmal_stendal-285x380.jpg 285w, https:\/\/www.buergerstiftung-stendal.de\/wp-content\/uploads\/2020\/03\/winckelmann_denkmal_stendal-scaled.jpg 1920w\" sizes=\"(max-width: 225px) 100vw, 225px\" \/>Der Name Johann Joachim Winckelmann wird den meisten Bewohnerinnen und Bewohnern der Hansestadt Stendal und des Landkreises bekannt sein &#8211; es gibt das Winckelmann Museum, eine Stra\u00dfe und ein Platz sind nach ihm benannt, eine Apotheke, ein Gymnasium, eine Buchhandlung, ein Pflegedient&#8230;<\/p>\n<p>Er war Arch\u00e4ologe und Kunstgelehrter, wurde am 9. Dezember 1717 in Stendal geboren und gilt als &#8222;gr\u00f6\u00dfter Sohn&#8220; der Stadt. Am 8. Juni 1768 fiel er in Triest einem Raubmord zum Opfer.<br \/>\nMit seinem Hauptwerk &#8222;Geschichte der Kunst des Alterthums&#8220; (1764) gilt er als Begr\u00fcnder der wissenschaftlichen Arch\u00e4ologie und der modernen Kunstwissenschaft.<br \/>\nSeine leidenschaftliche Beschw\u00f6rung der griechischen Antike hatte bedeutende Wirkung auf das europ\u00e4ische Geistesleben.<\/p>\n<p>Bis 1736 blieb er in seiner Geburtsstadt, wurde dort in der Petrikirche getauft, ging zur Schule (an deren Stelle sich jetzt das Stadtarchiv befindet), wo er durch seinen Lehrer Esaias Wilhelm Tappert weitere F\u00f6rderung erfuhr. Das Grabmal von Tappert befindet sich in der Stendaler Marienkirche, nahe dem Winckelmann Platz, wo auch das Winckelmann Denkmal steht.<\/p>\n<h3>Das Projekt<\/h3>\n<p>Die Altm\u00e4rkische B\u00fcrgerstiftung hat gemeinsam mit der Winckelmann-Gesellschaft e.V. einen Rundweg durch Stendal entlang seiner Lebensstationen gestaltet. Platten aus haltbarem Edelstahl in den B\u00fcrgersteigen leiten Interessierte mit Hilfe von Pfeilen zu den bedeutenden Orten seines Lebens. <a href=\"https:\/\/www.buergerstiftung-stendal.de\/index.php\/winckelmann-pfad-in-stendal\/\">Online verf\u00fcgbare Texte zu jeder Station<\/a> und <a href=\"https:\/\/www.buergerstiftung-stendal.de\/wp-content\/uploads\/2021\/07\/Faltblatt_Winckelmann-Pfad.pdf\" target=\"_blank\" rel=\"noopener\">ein Faltblatt<\/a> liefern die Hintergrundinformationen.<\/p>\n<p><strong><a href=\"https:\/\/www.buergerstiftung-stendal.de\/index.php\/winckelmann-pfad-in-stendal\/\">Folgen Sie hier den Spuren Johann Joachim Winckelmanns<\/a><\/strong><\/p>\n<div id=\"attachment_953\" style=\"width: 255px\" class=\"wp-caption alignright\"><img aria-describedby=\"caption-attachment-953\" decoding=\"async\" loading=\"lazy\" class=\"size-medium wp-image-953\" src=\"https:\/\/www.buergerstiftung-stendal.de\/wp-content\/uploads\/2021\/06\/Pfad_4-245x300.jpg\" alt=\"Maik Aernecke (links) und J\u00fcrgen Lenski (rechts) bei der Er\u00f6ffnung des Winckelmann-Pfads\" width=\"245\" height=\"300\" srcset=\"https:\/\/www.buergerstiftung-stendal.de\/wp-content\/uploads\/2021\/06\/Pfad_4-245x300.jpg 245w, https:\/\/www.buergerstiftung-stendal.de\/wp-content\/uploads\/2021\/06\/Pfad_4-836x1024.jpg 836w, https:\/\/www.buergerstiftung-stendal.de\/wp-content\/uploads\/2021\/06\/Pfad_4-768x941.jpg 768w, https:\/\/www.buergerstiftung-stendal.de\/wp-content\/uploads\/2021\/06\/Pfad_4-1254x1536.jpg 1254w, https:\/\/www.buergerstiftung-stendal.de\/wp-content\/uploads\/2021\/06\/Pfad_4-1671x2048.jpg 1671w, https:\/\/www.buergerstiftung-stendal.de\/wp-content\/uploads\/2021\/06\/Pfad_4-310x380.jpg 310w\" sizes=\"(max-width: 245px) 100vw, 245px\" \/><p id=\"caption-attachment-953\" class=\"wp-caption-text\">Maik Aernecke (links) und J\u00fcrgen Lenski (rechts) bei der Er\u00f6ffnung des Winckelmann-Pfads.<br \/>Foto: Ute Krug<\/p><\/div>\n<p>Dank der F\u00f6rderung durch das Ministerium f\u00fcr Landesentwicklung und Verkehr des Landes Sachsen-Anhalt, zahlreicher kleiner und gro\u00dfer Spenden von Firmen und Privatpersonen, der Zuwendung der Kaschade-Stiftung und besonders auch der Unterst\u00fctzung durch die Kreissparkasse Stendal, die alle eingegangenen Spenden verdoppelt hat, konnte der Winckelmann Pfad am 8. Juni 2021 vollendet und am 24. Juni 2021 der \u00d6ffentlichkeit vorgestellt werden.<\/p>\n<p>Weitere Spenden sind willkommen!<\/p>\n","protected":false},"excerpt":{"rendered":"<p>Der Name Johann Joachim Winckelmann wird den meisten Bewohnerinnen und Bewohnern der Hansestadt Stendal und des Landkreises bekannt sein &#8211; es gibt das Winckelmann Museum, eine Stra\u00dfe und ein Platz sind nach ihm benannt, eine Apotheke, ein Gymnasium, eine Buchhandlung, ein Pflegedient&#8230; Er war Arch\u00e4ologe und Kunstgelehrter, wurde am 9. Dezember 1717 in Stendal geboren &hellip; <a href=\"https:\/\/www.buergerstiftung-stendal.de\/index.php\/projekt-winckelmann-pfad\/\" class=\"more-link\">Weiterlesen <span class=\"screen-reader-text\">Der Winckelmann-Pfad in Stendal<\/span><\/a><\/p>\n","protected":false},"author":2,"featured_media":0,"parent":0,"menu_order":0,"comment_status":"closed","ping_status":"closed","template":"","meta":{"ngg_post_thumbnail":0},"yoast_head":"<!-- This site is optimized with the Yoast SEO plugin v19.11 - https:\/\/yoast.com\/wordpress\/plugins\/seo\/ -->\n<title>Der Winckelmann-Pfad in Stendal - Altm\u00e4rkische B\u00fcrgerstiftung Hansestadt Stendal<\/title>\n<meta name=\"description\" content=\"Der Winckelmann-Pfad in Stendal folgt Stationen des Lebens von Johann Joachim Winckelmann. Erfahren Sie hier mehr \u00fcber das Projekt.\" \/>\n<meta name=\"robots\" content=\"index, follow, max-snippet:-1, max-image-preview:large, max-video-preview:-1\" \/>\n<link rel=\"canonical\" href=\"https:\/\/www.buergerstiftung-stendal.de\/index.php\/projekt-winckelmann-pfad\/\" \/>\n<meta property=\"og:locale\" content=\"de_DE\" \/>\n<meta property=\"og:type\" content=\"article\" \/>\n<meta property=\"og:title\" content=\"Der Winckelmann-Pfad in Stendal - Altm\u00e4rkische B\u00fcrgerstiftung Hansestadt Stendal\" \/>\n<meta property=\"og:description\" content=\"Der Winckelmann-Pfad in Stendal folgt Stationen des Lebens von Johann Joachim Winckelmann. Erfahren Sie hier mehr \u00fcber das Projekt.\" \/>\n<meta property=\"og:url\" content=\"https:\/\/www.buergerstiftung-stendal.de\/index.php\/projekt-winckelmann-pfad\/\" \/>\n<meta property=\"og:site_name\" content=\"Altm\u00e4rkische B\u00fcrgerstiftung Hansestadt Stendal\" \/>\n<meta property=\"article:modified_time\" content=\"2021-07-06T19:19:02+00:00\" \/>\n<meta property=\"og:image\" content=\"https:\/\/www.buergerstiftung-stendal.de\/wp-content\/uploads\/2020\/03\/winckelmann_denkmal_stendal-225x300.jpg\" \/>\n<meta name=\"twitter:card\" content=\"summary_large_image\" \/>\n<meta name=\"twitter:label1\" content=\"Gesch\u00e4tzte Lesezeit\" \/>\n\t<meta name=\"twitter:data1\" content=\"2\u00a0Minuten\" \/>\n<script type=\"application\/ld+json\" class=\"yoast-schema-graph\">{\"@context\":\"https:\/\/schema.org\",\"@graph\":[{\"@type\":\"WebPage\",\"@id\":\"https:\/\/www.buergerstiftung-stendal.de\/index.php\/projekt-winckelmann-pfad\/\",\"url\":\"https:\/\/www.buergerstiftung-stendal.de\/index.php\/projekt-winckelmann-pfad\/\",\"name\":\"Der Winckelmann-Pfad in Stendal - Altm\u00e4rkische B\u00fcrgerstiftung Hansestadt Stendal\",\"isPartOf\":{\"@id\":\"https:\/\/www.buergerstiftung-stendal.de\/#website\"},\"datePublished\":\"2020-03-29T13:16:49+00:00\",\"dateModified\":\"2021-07-06T19:19:02+00:00\",\"description\":\"Der Winckelmann-Pfad in Stendal folgt Stationen des Lebens von Johann Joachim Winckelmann. Erfahren Sie hier mehr \u00fcber das Projekt.\",\"breadcrumb\":{\"@id\":\"https:\/\/www.buergerstiftung-stendal.de\/index.php\/projekt-winckelmann-pfad\/#breadcrumb\"},\"inLanguage\":\"de\",\"potentialAction\":[{\"@type\":\"ReadAction\",\"target\":[\"https:\/\/www.buergerstiftung-stendal.de\/index.php\/projekt-winckelmann-pfad\/\"]}]},{\"@type\":\"BreadcrumbList\",\"@id\":\"https:\/\/www.buergerstiftung-stendal.de\/index.php\/projekt-winckelmann-pfad\/#breadcrumb\",\"itemListElement\":[{\"@type\":\"ListItem\",\"position\":1,\"name\":\"Startseite\",\"item\":\"https:\/\/www.buergerstiftung-stendal.de\/\"},{\"@type\":\"ListItem\",\"position\":2,\"name\":\"Der Winckelmann-Pfad in Stendal\"}]},{\"@type\":\"WebSite\",\"@id\":\"https:\/\/www.buergerstiftung-stendal.de\/#website\",\"url\":\"https:\/\/www.buergerstiftung-stendal.de\/\",\"name\":\"Altm\u00e4rkische B\u00fcrgerstiftung Hansestadt Stendal\",\"description\":\"\",\"potentialAction\":[{\"@type\":\"SearchAction\",\"target\":{\"@type\":\"EntryPoint\",\"urlTemplate\":\"https:\/\/www.buergerstiftung-stendal.de\/?s={search_term_string}\"},\"query-input\":\"required name=search_term_string\"}],\"inLanguage\":\"de\"}]}<\/script>\n<!-- \/ Yoast SEO plugin. -->","yoast_head_json":{"title":"Der Winckelmann-Pfad in Stendal - Altm\u00e4rkische B\u00fcrgerstiftung Hansestadt Stendal","description":"Der Winckelmann-Pfad in Stendal folgt Stationen des Lebens von Johann Joachim Winckelmann. Erfahren Sie hier mehr \u00fcber das Projekt.","robots":{"index":"index","follow":"follow","max-snippet":"max-snippet:-1","max-image-preview":"max-image-preview:large","max-video-preview":"max-video-preview:-1"},"canonical":"https:\/\/www.buergerstiftung-stendal.de\/index.php\/projekt-winckelmann-pfad\/","og_locale":"de_DE","og_type":"article","og_title":"Der Winckelmann-Pfad in Stendal - Altm\u00e4rkische B\u00fcrgerstiftung Hansestadt Stendal","og_description":"Der Winckelmann-Pfad in Stendal folgt Stationen des Lebens von Johann Joachim Winckelmann. Erfahren Sie hier mehr \u00fcber das Projekt.","og_url":"https:\/\/www.buergerstiftung-stendal.de\/index.php\/projekt-winckelmann-pfad\/","og_site_name":"Altm\u00e4rkische B\u00fcrgerstiftung Hansestadt Stendal","article_modified_time":"2021-07-06T19:19:02+00:00","og_image":[{"url":"https:\/\/www.buergerstiftung-stendal.de\/wp-content\/uploads\/2020\/03\/winckelmann_denkmal_stendal-225x300.jpg"}],"twitter_card":"summary_large_image","twitter_misc":{"Gesch\u00e4tzte Lesezeit":"2\u00a0Minuten"},"schema":{"@context":"https:\/\/schema.org","@graph":[{"@type":"WebPage","@id":"https:\/\/www.buergerstiftung-stendal.de\/index.php\/projekt-winckelmann-pfad\/","url":"https:\/\/www.buergerstiftung-stendal.de\/index.php\/projekt-winckelmann-pfad\/","name":"Der Winckelmann-Pfad in Stendal - Altm\u00e4rkische B\u00fcrgerstiftung Hansestadt Stendal","isPartOf":{"@id":"https:\/\/www.buergerstiftung-stendal.de\/#website"},"datePublished":"2020-03-29T13:16:49+00:00","dateModified":"2021-07-06T19:19:02+00:00","description":"Der Winckelmann-Pfad in Stendal folgt Stationen des Lebens von Johann Joachim Winckelmann. Erfahren Sie hier mehr \u00fcber das Projekt.","breadcrumb":{"@id":"https:\/\/www.buergerstiftung-stendal.de\/index.php\/projekt-winckelmann-pfad\/#breadcrumb"},"inLanguage":"de","potentialAction":[{"@type":"ReadAction","target":["https:\/\/www.buergerstiftung-stendal.de\/index.php\/projekt-winckelmann-pfad\/"]}]},{"@type":"BreadcrumbList","@id":"https:\/\/www.buergerstiftung-stendal.de\/index.php\/projekt-winckelmann-pfad\/#breadcrumb","itemListElement":[{"@type":"ListItem","position":1,"name":"Startseite","item":"https:\/\/www.buergerstiftung-stendal.de\/"},{"@type":"ListItem","position":2,"name":"Der Winckelmann-Pfad in Stendal"}]},{"@type":"WebSite","@id":"https:\/\/www.buergerstiftung-stendal.de\/#website","url":"https:\/\/www.buergerstiftung-stendal.de\/","name":"Altm\u00e4rkische B\u00fcrgerstiftung Hansestadt Stendal","description":"","potentialAction":[{"@type":"SearchAction","target":{"@type":"EntryPoint","urlTemplate":"https:\/\/www.buergerstiftung-stendal.de\/?s={search_term_string}"},"query-input":"required name=search_term_string"}],"inLanguage":"de"}]}},"_links":{"self":[{"href":"https:\/\/www.buergerstiftung-stendal.de\/index.php\/wp-json\/wp\/v2\/pages\/766"}],"collection":[{"href":"https:\/\/www.buergerstiftung-stendal.de\/index.php\/wp-json\/wp\/v2\/pages"}],"about":[{"href":"https:\/\/www.buergerstiftung-stendal.de\/index.php\/wp-json\/wp\/v2\/types\/page"}],"author":[{"embeddable":true,"href":"https:\/\/www.buergerstiftung-stendal.de\/index.php\/wp-json\/wp\/v2\/users\/2"}],"replies":[{"embeddable":true,"href":"https:\/\/www.buergerstiftung-stendal.de\/index.php\/wp-json\/wp\/v2\/comments?post=766"}],"version-history":[{"count":15,"href":"https:\/\/www.buergerstiftung-stendal.de\/index.php\/wp-json\/wp\/v2\/pages\/766\/revisions"}],"predecessor-version":[{"id":965,"href":"https:\/\/www.buergerstiftung-stendal.de\/index.php\/wp-json\/wp\/v2\/pages\/766\/revisions\/965"}],"wp:attachment":[{"href":"https:\/\/www.buergerstiftung-stendal.de\/index.php\/wp-json\/wp\/v2\/media?parent=766"}],"curies":[{"name":"wp","href":"https:\/\/api.w.org\/{rel}","templated":true}]}}