{"id":819,"date":"2021-06-12T15:16:37","date_gmt":"2021-06-12T13:16:37","guid":{"rendered":"https:\/\/www.buergerstiftung-stendal.de\/?page_id=819"},"modified":"2021-11-11T13:00:43","modified_gmt":"2021-11-11T12:00:43","slug":"station-1-geburtshaus","status":"publish","type":"page","link":"https:\/\/www.buergerstiftung-stendal.de\/index.php\/station-1-geburtshaus\/","title":{"rendered":"Station 1: Geburtshaus"},"content":{"rendered":"<p>(ehemaliger Standort)<\/p>\n<p><img decoding=\"async\" loading=\"lazy\" class=\"wp-image-816 size-medium alignleft\" src=\"https:\/\/www.buergerstiftung-stendal.de\/wp-content\/uploads\/2021\/04\/201206_Winckelmann-Pfad_Station_1-300x212.jpg\" alt=\"Winckelmann-Pfad Station 1\" width=\"300\" height=\"212\" srcset=\"https:\/\/www.buergerstiftung-stendal.de\/wp-content\/uploads\/2021\/04\/201206_Winckelmann-Pfad_Station_1-300x212.jpg 300w, https:\/\/www.buergerstiftung-stendal.de\/wp-content\/uploads\/2021\/04\/201206_Winckelmann-Pfad_Station_1-1024x724.jpg 1024w, https:\/\/www.buergerstiftung-stendal.de\/wp-content\/uploads\/2021\/04\/201206_Winckelmann-Pfad_Station_1-768x543.jpg 768w, https:\/\/www.buergerstiftung-stendal.de\/wp-content\/uploads\/2021\/04\/201206_Winckelmann-Pfad_Station_1-1536x1086.jpg 1536w, https:\/\/www.buergerstiftung-stendal.de\/wp-content\/uploads\/2021\/04\/201206_Winckelmann-Pfad_Station_1-538x380.jpg 538w, https:\/\/www.buergerstiftung-stendal.de\/wp-content\/uploads\/2021\/04\/201206_Winckelmann-Pfad_Station_1.jpg 1754w\" sizes=\"(max-width: 300px) 100vw, 300px\" \/><\/p>\n<p>Die Familie Winckelmann lebte in einem kleinen strohgedeckten Fachwerkhaus in der Lehmstra\u00dfe 263. Das einzige Zimmer diente als Wohnraum und Schusterwerkstatt zugleich. Im Jahr 1844 wurde die Stra\u00dfe in Winckelmannstra\u00dfe umbenannt. Das heutige zweigeschossige Fachwerkgeb\u00e4ude am originalen Ort des Geburtshauses beherbergt das Winckelmann-Museum, das sich u.a. dem Leben und Werk des Gelehrten widmet.<\/p>\n<p><img decoding=\"async\" loading=\"lazy\" class=\"size-medium wp-image-824 alignleft\" src=\"https:\/\/www.buergerstiftung-stendal.de\/wp-content\/uploads\/2021\/04\/winckelmann-museum-in-der-hansestadt-stendal-225x300.jpg\" alt=\"Winckelmann-Museum, Station 1: Geburtshaus (ehemaliger Standort)\" width=\"225\" height=\"300\" srcset=\"https:\/\/www.buergerstiftung-stendal.de\/wp-content\/uploads\/2021\/04\/winckelmann-museum-in-der-hansestadt-stendal-225x300.jpg 225w, https:\/\/www.buergerstiftung-stendal.de\/wp-content\/uploads\/2021\/04\/winckelmann-museum-in-der-hansestadt-stendal-768x1024.jpg 768w, https:\/\/www.buergerstiftung-stendal.de\/wp-content\/uploads\/2021\/04\/winckelmann-museum-in-der-hansestadt-stendal-1152x1536.jpg 1152w, https:\/\/www.buergerstiftung-stendal.de\/wp-content\/uploads\/2021\/04\/winckelmann-museum-in-der-hansestadt-stendal-285x380.jpg 285w, https:\/\/www.buergerstiftung-stendal.de\/wp-content\/uploads\/2021\/04\/winckelmann-museum-in-der-hansestadt-stendal.jpg 1536w\" sizes=\"(max-width: 225px) 100vw, 225px\" \/><\/p>\n<p><a href=\"https:\/\/www.buergerstiftung-stendal.de\/index.php\/station-6-trojanisches-pferd\/\">Zur\u00fcck zu Station 6<\/a><\/p>\n<p><a href=\"https:\/\/www.buergerstiftung-stendal.de\/index.php\/station-2-taufkirche\/\">Weiter zu Station 2<\/a><\/p>\n","protected":false},"excerpt":{"rendered":"<p>(ehemaliger Standort) Die Familie Winckelmann lebte in einem kleinen strohgedeckten Fachwerkhaus in der Lehmstra\u00dfe 263. Das einzige Zimmer diente als Wohnraum und Schusterwerkstatt zugleich. Im Jahr 1844 wurde die Stra\u00dfe in Winckelmannstra\u00dfe umbenannt. Das heutige zweigeschossige Fachwerkgeb\u00e4ude am originalen Ort des Geburtshauses beherbergt das Winckelmann-Museum, das sich u.a. dem Leben und Werk des Gelehrten widmet. &hellip; <a href=\"https:\/\/www.buergerstiftung-stendal.de\/index.php\/station-1-geburtshaus\/\" class=\"more-link\">Weiterlesen <span class=\"screen-reader-text\">Station 1: Geburtshaus<\/span><\/a><\/p>\n","protected":false},"author":2,"featured_media":0,"parent":0,"menu_order":0,"comment_status":"closed","ping_status":"closed","template":"","meta":{"ngg_post_thumbnail":0},"yoast_head":"<!-- This site is optimized with the Yoast SEO plugin v19.11 - https:\/\/yoast.com\/wordpress\/plugins\/seo\/ -->\n<title>Station 1: Geburtshaus - Altm\u00e4rkische B\u00fcrgerstiftung Hansestadt Stendal<\/title>\n<meta name=\"description\" content=\"Station 1 des Winckelmann-Pfades in Stendal: Geburtshaus Johann Joachim Winckelmanns (ehemaliger Standort), heute Winckelmann-Museum.\" \/>\n<meta name=\"robots\" content=\"index, follow, max-snippet:-1, max-image-preview:large, max-video-preview:-1\" \/>\n<link rel=\"canonical\" href=\"https:\/\/www.buergerstiftung-stendal.de\/index.php\/station-1-geburtshaus\/\" \/>\n<meta property=\"og:locale\" content=\"de_DE\" \/>\n<meta property=\"og:type\" content=\"article\" \/>\n<meta property=\"og:title\" content=\"Station 1: Geburtshaus - Altm\u00e4rkische B\u00fcrgerstiftung Hansestadt Stendal\" \/>\n<meta property=\"og:description\" content=\"Station 1 des Winckelmann-Pfades in Stendal: Geburtshaus Johann Joachim Winckelmanns (ehemaliger Standort), heute Winckelmann-Museum.\" \/>\n<meta property=\"og:url\" content=\"https:\/\/www.buergerstiftung-stendal.de\/index.php\/station-1-geburtshaus\/\" \/>\n<meta property=\"og:site_name\" content=\"Altm\u00e4rkische B\u00fcrgerstiftung Hansestadt Stendal\" \/>\n<meta property=\"article:modified_time\" content=\"2021-11-11T12:00:43+00:00\" \/>\n<meta property=\"og:image\" content=\"https:\/\/www.buergerstiftung-stendal.de\/wp-content\/uploads\/2021\/04\/201206_Winckelmann-Pfad_Station_1-300x212.jpg\" \/>\n<meta name=\"twitter:card\" content=\"summary_large_image\" \/>\n<meta name=\"twitter:label1\" content=\"Gesch\u00e4tzte Lesezeit\" \/>\n\t<meta name=\"twitter:data1\" content=\"1\u00a0Minute\" \/>\n<script type=\"application\/ld+json\" class=\"yoast-schema-graph\">{\"@context\":\"https:\/\/schema.org\",\"@graph\":[{\"@type\":\"WebPage\",\"@id\":\"https:\/\/www.buergerstiftung-stendal.de\/index.php\/station-1-geburtshaus\/\",\"url\":\"https:\/\/www.buergerstiftung-stendal.de\/index.php\/station-1-geburtshaus\/\",\"name\":\"Station 1: Geburtshaus - Altm\u00e4rkische B\u00fcrgerstiftung Hansestadt Stendal\",\"isPartOf\":{\"@id\":\"https:\/\/www.buergerstiftung-stendal.de\/#website\"},\"datePublished\":\"2021-06-12T13:16:37+00:00\",\"dateModified\":\"2021-11-11T12:00:43+00:00\",\"description\":\"Station 1 des Winckelmann-Pfades in Stendal: Geburtshaus Johann Joachim Winckelmanns (ehemaliger Standort), heute Winckelmann-Museum.\",\"breadcrumb\":{\"@id\":\"https:\/\/www.buergerstiftung-stendal.de\/index.php\/station-1-geburtshaus\/#breadcrumb\"},\"inLanguage\":\"de\",\"potentialAction\":[{\"@type\":\"ReadAction\",\"target\":[\"https:\/\/www.buergerstiftung-stendal.de\/index.php\/station-1-geburtshaus\/\"]}]},{\"@type\":\"BreadcrumbList\",\"@id\":\"https:\/\/www.buergerstiftung-stendal.de\/index.php\/station-1-geburtshaus\/#breadcrumb\",\"itemListElement\":[{\"@type\":\"ListItem\",\"position\":1,\"name\":\"Startseite\",\"item\":\"https:\/\/www.buergerstiftung-stendal.de\/\"},{\"@type\":\"ListItem\",\"position\":2,\"name\":\"Station 1: Geburtshaus\"}]},{\"@type\":\"WebSite\",\"@id\":\"https:\/\/www.buergerstiftung-stendal.de\/#website\",\"url\":\"https:\/\/www.buergerstiftung-stendal.de\/\",\"name\":\"Altm\u00e4rkische B\u00fcrgerstiftung Hansestadt Stendal\",\"description\":\"\",\"potentialAction\":[{\"@type\":\"SearchAction\",\"target\":{\"@type\":\"EntryPoint\",\"urlTemplate\":\"https:\/\/www.buergerstiftung-stendal.de\/?s={search_term_string}\"},\"query-input\":\"required name=search_term_string\"}],\"inLanguage\":\"de\"}]}<\/script>\n<!-- \/ Yoast SEO plugin. -->","yoast_head_json":{"title":"Station 1: Geburtshaus - Altm\u00e4rkische B\u00fcrgerstiftung Hansestadt Stendal","description":"Station 1 des Winckelmann-Pfades in Stendal: Geburtshaus Johann Joachim Winckelmanns (ehemaliger Standort), heute Winckelmann-Museum.","robots":{"index":"index","follow":"follow","max-snippet":"max-snippet:-1","max-image-preview":"max-image-preview:large","max-video-preview":"max-video-preview:-1"},"canonical":"https:\/\/www.buergerstiftung-stendal.de\/index.php\/station-1-geburtshaus\/","og_locale":"de_DE","og_type":"article","og_title":"Station 1: Geburtshaus - Altm\u00e4rkische B\u00fcrgerstiftung Hansestadt Stendal","og_description":"Station 1 des Winckelmann-Pfades in Stendal: Geburtshaus Johann Joachim Winckelmanns (ehemaliger Standort), heute Winckelmann-Museum.","og_url":"https:\/\/www.buergerstiftung-stendal.de\/index.php\/station-1-geburtshaus\/","og_site_name":"Altm\u00e4rkische B\u00fcrgerstiftung Hansestadt Stendal","article_modified_time":"2021-11-11T12:00:43+00:00","og_image":[{"url":"https:\/\/www.buergerstiftung-stendal.de\/wp-content\/uploads\/2021\/04\/201206_Winckelmann-Pfad_Station_1-300x212.jpg"}],"twitter_card":"summary_large_image","twitter_misc":{"Gesch\u00e4tzte Lesezeit":"1\u00a0Minute"},"schema":{"@context":"https:\/\/schema.org","@graph":[{"@type":"WebPage","@id":"https:\/\/www.buergerstiftung-stendal.de\/index.php\/station-1-geburtshaus\/","url":"https:\/\/www.buergerstiftung-stendal.de\/index.php\/station-1-geburtshaus\/","name":"Station 1: Geburtshaus - Altm\u00e4rkische B\u00fcrgerstiftung Hansestadt Stendal","isPartOf":{"@id":"https:\/\/www.buergerstiftung-stendal.de\/#website"},"datePublished":"2021-06-12T13:16:37+00:00","dateModified":"2021-11-11T12:00:43+00:00","description":"Station 1 des Winckelmann-Pfades in Stendal: Geburtshaus Johann Joachim Winckelmanns (ehemaliger Standort), heute Winckelmann-Museum.","breadcrumb":{"@id":"https:\/\/www.buergerstiftung-stendal.de\/index.php\/station-1-geburtshaus\/#breadcrumb"},"inLanguage":"de","potentialAction":[{"@type":"ReadAction","target":["https:\/\/www.buergerstiftung-stendal.de\/index.php\/station-1-geburtshaus\/"]}]},{"@type":"BreadcrumbList","@id":"https:\/\/www.buergerstiftung-stendal.de\/index.php\/station-1-geburtshaus\/#breadcrumb","itemListElement":[{"@type":"ListItem","position":1,"name":"Startseite","item":"https:\/\/www.buergerstiftung-stendal.de\/"},{"@type":"ListItem","position":2,"name":"Station 1: Geburtshaus"}]},{"@type":"WebSite","@id":"https:\/\/www.buergerstiftung-stendal.de\/#website","url":"https:\/\/www.buergerstiftung-stendal.de\/","name":"Altm\u00e4rkische B\u00fcrgerstiftung Hansestadt Stendal","description":"","potentialAction":[{"@type":"SearchAction","target":{"@type":"EntryPoint","urlTemplate":"https:\/\/www.buergerstiftung-stendal.de\/?s={search_term_string}"},"query-input":"required name=search_term_string"}],"inLanguage":"de"}]}},"_links":{"self":[{"href":"https:\/\/www.buergerstiftung-stendal.de\/index.php\/wp-json\/wp\/v2\/pages\/819"}],"collection":[{"href":"https:\/\/www.buergerstiftung-stendal.de\/index.php\/wp-json\/wp\/v2\/pages"}],"about":[{"href":"https:\/\/www.buergerstiftung-stendal.de\/index.php\/wp-json\/wp\/v2\/types\/page"}],"author":[{"embeddable":true,"href":"https:\/\/www.buergerstiftung-stendal.de\/index.php\/wp-json\/wp\/v2\/users\/2"}],"replies":[{"embeddable":true,"href":"https:\/\/www.buergerstiftung-stendal.de\/index.php\/wp-json\/wp\/v2\/comments?post=819"}],"version-history":[{"count":14,"href":"https:\/\/www.buergerstiftung-stendal.de\/index.php\/wp-json\/wp\/v2\/pages\/819\/revisions"}],"predecessor-version":[{"id":970,"href":"https:\/\/www.buergerstiftung-stendal.de\/index.php\/wp-json\/wp\/v2\/pages\/819\/revisions\/970"}],"wp:attachment":[{"href":"https:\/\/www.buergerstiftung-stendal.de\/index.php\/wp-json\/wp\/v2\/media?parent=819"}],"curies":[{"name":"wp","href":"https:\/\/api.w.org\/{rel}","templated":true}]}}