{"id":83,"date":"2019-04-04T15:16:50","date_gmt":"2019-04-04T13:16:50","guid":{"rendered":"http:\/\/localhost\/wordpress\/?page_id=83"},"modified":"2020-03-29T15:21:53","modified_gmt":"2020-03-29T13:21:53","slug":"ideenstifter","status":"publish","type":"page","link":"https:\/\/www.buergerstiftung-stendal.de\/index.php\/ideenstifter\/","title":{"rendered":"Archiv: IdeenStifter Wettbewerb"},"content":{"rendered":"\r\n<p>Auf dieser Seite finden Sie Informationen \u00fcber unser vergangenes Projekt &#8222;IdeenStifter Wettbewerb&#8220;<\/p>\r\n\r\n\r\n\r\n<h4 class=\"t pg-2m0 pg-2x2 pg-2h6 pg-2yf pg-2ff2 pg-2fs2 pg-2fc1 pg-2sc0 pg-2ls0 pg-2ws0\">DER WETTBEWERB<\/h4>\r\n<div class=\"t pg-2m0 pg-2x2 pg-2h3 pg-2y10 pg-2ff1 pg-2fs0 pg-2fc0 pg-2sc0 pg-2ls0 pg-2ws0\">Die Altm\u00e4rkische B\u00fcrgerstiftung Hansestadt Stendal schreibt mit Unterst\u00fctzung der Kreissparkasse Stendal einen Ideenwettbewerb f\u00fcr gemeinwohlorientierte Projekte aus. Viele Menschen in der Altmark haben gute und f\u00f6rderungsw\u00fcrdige Ideen. Unsere Preise sollen die Vielfalt dieser Ideen sichtbar machen und fruchtbar werden lassen.<\/div>\r\n<div class=\"t pg-2m0 pg-2x2 pg-2h3 pg-2y14 pg-2ff1 pg-2fs0 pg-2fc0 pg-2sc0 pg-2ls0 pg-2ws0\">Wir fordern B\u00fcrgerinnen und B\u00fcrger, Vereine, Organisationen und Initiativen auf, ihre kreativen<\/div>\r\n<div class=\"t pg-2m0 pg-2x2 pg-2h3 pg-2y15 pg-2ff1 pg-2fs0 pg-2fc0 pg-2sc0 pg-2ls0 pg-2ws0\">Ideen f\u00fcr die Altmark einzubringen. Entwickeln Sie eine Projektidee und nutzen Sie auch die\r\n<div class=\"t pg-3m0 pg-3x2 pg-3h3 pg-3y2 pg-3ff1 pg-3fs0 pg-3fc0 pg-3sc0 pg-3ls0 pg-3ws0\">M\u00f6glichkeit mit Kooperationspartnern zu arbeiten.<\/div>\r\n<div>&nbsp;<\/div>\r\n<\/div>\r\n<p>Der IdeenStifter Wettbewerb 2019 ist abgeschlossen. Wir bedanken und bei allen Teilnehmenden und bei der Kreissparkasse Stendal.&nbsp;<\/p>\r\n\r\n\r\n\r\n<figure class=\"wp-block-image\"><\/figure>\r\n","protected":false},"excerpt":{"rendered":"<p>Auf dieser Seite finden Sie Informationen \u00fcber unser vergangenes Projekt &#8222;IdeenStifter Wettbewerb&#8220; DER WETTBEWERB Die Altm\u00e4rkische B\u00fcrgerstiftung Hansestadt Stendal schreibt mit Unterst\u00fctzung der Kreissparkasse Stendal einen Ideenwettbewerb f\u00fcr gemeinwohlorientierte Projekte aus. Viele Menschen in der Altmark haben gute und f\u00f6rderungsw\u00fcrdige Ideen. Unsere Preise sollen die Vielfalt dieser Ideen sichtbar machen und fruchtbar werden lassen. Wir &hellip; <a href=\"https:\/\/www.buergerstiftung-stendal.de\/index.php\/ideenstifter\/\" class=\"more-link\">Weiterlesen <span class=\"screen-reader-text\">Archiv: IdeenStifter Wettbewerb<\/span><\/a><\/p>\n","protected":false},"author":1,"featured_media":0,"parent":0,"menu_order":0,"comment_status":"closed","ping_status":"closed","template":"","meta":{"ngg_post_thumbnail":0},"yoast_head":"<!-- This site is optimized with the Yoast SEO plugin v19.11 - https:\/\/yoast.com\/wordpress\/plugins\/seo\/ -->\n<title>Archiv: IdeenStifter Wettbewerb - Altm\u00e4rkische B\u00fcrgerstiftung Hansestadt Stendal<\/title>\n<meta name=\"robots\" content=\"index, follow, max-snippet:-1, max-image-preview:large, max-video-preview:-1\" \/>\n<link rel=\"canonical\" href=\"https:\/\/www.buergerstiftung-stendal.de\/index.php\/ideenstifter\/\" \/>\n<meta property=\"og:locale\" content=\"de_DE\" \/>\n<meta property=\"og:type\" content=\"article\" \/>\n<meta property=\"og:title\" content=\"Archiv: IdeenStifter Wettbewerb - Altm\u00e4rkische B\u00fcrgerstiftung Hansestadt Stendal\" \/>\n<meta property=\"og:description\" content=\"Auf dieser Seite finden Sie Informationen \u00fcber unser vergangenes Projekt &#8222;IdeenStifter Wettbewerb&#8220; DER WETTBEWERB Die Altm\u00e4rkische B\u00fcrgerstiftung Hansestadt Stendal schreibt mit Unterst\u00fctzung der Kreissparkasse Stendal einen Ideenwettbewerb f\u00fcr gemeinwohlorientierte Projekte aus. Viele Menschen in der Altmark haben gute und f\u00f6rderungsw\u00fcrdige Ideen. Unsere Preise sollen die Vielfalt dieser Ideen sichtbar machen und fruchtbar werden lassen. Wir &hellip; Weiterlesen Archiv: IdeenStifter Wettbewerb\" \/>\n<meta property=\"og:url\" content=\"https:\/\/www.buergerstiftung-stendal.de\/index.php\/ideenstifter\/\" \/>\n<meta property=\"og:site_name\" content=\"Altm\u00e4rkische B\u00fcrgerstiftung Hansestadt Stendal\" \/>\n<meta property=\"article:modified_time\" content=\"2020-03-29T13:21:53+00:00\" \/>\n<meta name=\"twitter:card\" content=\"summary_large_image\" \/>\n<meta name=\"twitter:label1\" content=\"Gesch\u00e4tzte Lesezeit\" \/>\n\t<meta name=\"twitter:data1\" content=\"1\u00a0Minute\" \/>\n<script type=\"application\/ld+json\" class=\"yoast-schema-graph\">{\"@context\":\"https:\/\/schema.org\",\"@graph\":[{\"@type\":\"WebPage\",\"@id\":\"https:\/\/www.buergerstiftung-stendal.de\/index.php\/ideenstifter\/\",\"url\":\"https:\/\/www.buergerstiftung-stendal.de\/index.php\/ideenstifter\/\",\"name\":\"Archiv: IdeenStifter Wettbewerb - Altm\u00e4rkische B\u00fcrgerstiftung Hansestadt Stendal\",\"isPartOf\":{\"@id\":\"https:\/\/www.buergerstiftung-stendal.de\/#website\"},\"datePublished\":\"2019-04-04T13:16:50+00:00\",\"dateModified\":\"2020-03-29T13:21:53+00:00\",\"breadcrumb\":{\"@id\":\"https:\/\/www.buergerstiftung-stendal.de\/index.php\/ideenstifter\/#breadcrumb\"},\"inLanguage\":\"de\",\"potentialAction\":[{\"@type\":\"ReadAction\",\"target\":[\"https:\/\/www.buergerstiftung-stendal.de\/index.php\/ideenstifter\/\"]}]},{\"@type\":\"BreadcrumbList\",\"@id\":\"https:\/\/www.buergerstiftung-stendal.de\/index.php\/ideenstifter\/#breadcrumb\",\"itemListElement\":[{\"@type\":\"ListItem\",\"position\":1,\"name\":\"Startseite\",\"item\":\"https:\/\/www.buergerstiftung-stendal.de\/\"},{\"@type\":\"ListItem\",\"position\":2,\"name\":\"Archiv: IdeenStifter Wettbewerb\"}]},{\"@type\":\"WebSite\",\"@id\":\"https:\/\/www.buergerstiftung-stendal.de\/#website\",\"url\":\"https:\/\/www.buergerstiftung-stendal.de\/\",\"name\":\"Altm\u00e4rkische B\u00fcrgerstiftung Hansestadt Stendal\",\"description\":\"\",\"potentialAction\":[{\"@type\":\"SearchAction\",\"target\":{\"@type\":\"EntryPoint\",\"urlTemplate\":\"https:\/\/www.buergerstiftung-stendal.de\/?s={search_term_string}\"},\"query-input\":\"required name=search_term_string\"}],\"inLanguage\":\"de\"}]}<\/script>\n<!-- \/ Yoast SEO plugin. -->","yoast_head_json":{"title":"Archiv: IdeenStifter Wettbewerb - Altm\u00e4rkische B\u00fcrgerstiftung Hansestadt Stendal","robots":{"index":"index","follow":"follow","max-snippet":"max-snippet:-1","max-image-preview":"max-image-preview:large","max-video-preview":"max-video-preview:-1"},"canonical":"https:\/\/www.buergerstiftung-stendal.de\/index.php\/ideenstifter\/","og_locale":"de_DE","og_type":"article","og_title":"Archiv: IdeenStifter Wettbewerb - Altm\u00e4rkische B\u00fcrgerstiftung Hansestadt Stendal","og_description":"Auf dieser Seite finden Sie Informationen \u00fcber unser vergangenes Projekt &#8222;IdeenStifter Wettbewerb&#8220; DER WETTBEWERB Die Altm\u00e4rkische B\u00fcrgerstiftung Hansestadt Stendal schreibt mit Unterst\u00fctzung der Kreissparkasse Stendal einen Ideenwettbewerb f\u00fcr gemeinwohlorientierte Projekte aus. Viele Menschen in der Altmark haben gute und f\u00f6rderungsw\u00fcrdige Ideen. Unsere Preise sollen die Vielfalt dieser Ideen sichtbar machen und fruchtbar werden lassen. Wir &hellip; Weiterlesen Archiv: IdeenStifter Wettbewerb","og_url":"https:\/\/www.buergerstiftung-stendal.de\/index.php\/ideenstifter\/","og_site_name":"Altm\u00e4rkische B\u00fcrgerstiftung Hansestadt Stendal","article_modified_time":"2020-03-29T13:21:53+00:00","twitter_card":"summary_large_image","twitter_misc":{"Gesch\u00e4tzte Lesezeit":"1\u00a0Minute"},"schema":{"@context":"https:\/\/schema.org","@graph":[{"@type":"WebPage","@id":"https:\/\/www.buergerstiftung-stendal.de\/index.php\/ideenstifter\/","url":"https:\/\/www.buergerstiftung-stendal.de\/index.php\/ideenstifter\/","name":"Archiv: IdeenStifter Wettbewerb - Altm\u00e4rkische B\u00fcrgerstiftung Hansestadt Stendal","isPartOf":{"@id":"https:\/\/www.buergerstiftung-stendal.de\/#website"},"datePublished":"2019-04-04T13:16:50+00:00","dateModified":"2020-03-29T13:21:53+00:00","breadcrumb":{"@id":"https:\/\/www.buergerstiftung-stendal.de\/index.php\/ideenstifter\/#breadcrumb"},"inLanguage":"de","potentialAction":[{"@type":"ReadAction","target":["https:\/\/www.buergerstiftung-stendal.de\/index.php\/ideenstifter\/"]}]},{"@type":"BreadcrumbList","@id":"https:\/\/www.buergerstiftung-stendal.de\/index.php\/ideenstifter\/#breadcrumb","itemListElement":[{"@type":"ListItem","position":1,"name":"Startseite","item":"https:\/\/www.buergerstiftung-stendal.de\/"},{"@type":"ListItem","position":2,"name":"Archiv: IdeenStifter Wettbewerb"}]},{"@type":"WebSite","@id":"https:\/\/www.buergerstiftung-stendal.de\/#website","url":"https:\/\/www.buergerstiftung-stendal.de\/","name":"Altm\u00e4rkische B\u00fcrgerstiftung Hansestadt Stendal","description":"","potentialAction":[{"@type":"SearchAction","target":{"@type":"EntryPoint","urlTemplate":"https:\/\/www.buergerstiftung-stendal.de\/?s={search_term_string}"},"query-input":"required name=search_term_string"}],"inLanguage":"de"}]}},"_links":{"self":[{"href":"https:\/\/www.buergerstiftung-stendal.de\/index.php\/wp-json\/wp\/v2\/pages\/83"}],"collection":[{"href":"https:\/\/www.buergerstiftung-stendal.de\/index.php\/wp-json\/wp\/v2\/pages"}],"about":[{"href":"https:\/\/www.buergerstiftung-stendal.de\/index.php\/wp-json\/wp\/v2\/types\/page"}],"author":[{"embeddable":true,"href":"https:\/\/www.buergerstiftung-stendal.de\/index.php\/wp-json\/wp\/v2\/users\/1"}],"replies":[{"embeddable":true,"href":"https:\/\/www.buergerstiftung-stendal.de\/index.php\/wp-json\/wp\/v2\/comments?post=83"}],"version-history":[{"count":16,"href":"https:\/\/www.buergerstiftung-stendal.de\/index.php\/wp-json\/wp\/v2\/pages\/83\/revisions"}],"predecessor-version":[{"id":776,"href":"https:\/\/www.buergerstiftung-stendal.de\/index.php\/wp-json\/wp\/v2\/pages\/83\/revisions\/776"}],"wp:attachment":[{"href":"https:\/\/www.buergerstiftung-stendal.de\/index.php\/wp-json\/wp\/v2\/media?parent=83"}],"curies":[{"name":"wp","href":"https:\/\/api.w.org\/{rel}","templated":true}]}}