{"id":831,"date":"2021-06-12T15:17:41","date_gmt":"2021-06-12T13:17:41","guid":{"rendered":"https:\/\/www.buergerstiftung-stendal.de\/?page_id=831"},"modified":"2021-07-06T21:19:36","modified_gmt":"2021-07-06T19:19:36","slug":"winckelmann-pfad-in-stendal","status":"publish","type":"page","link":"https:\/\/www.buergerstiftung-stendal.de\/index.php\/winckelmann-pfad-in-stendal\/","title":{"rendered":"Folgen Sie den Spuren Johann Joachim Winckelmanns durch Stendal"},"content":{"rendered":"<p>Machen Sie sich auf den Weg durch Stendal und folgen Sie dabei den Spuren Johann Joachim Winckelmanns (1717\u20131768). Der Begr\u00fcnder der klassischen Arch\u00e4ologie und der modernen Kunstgeschichte wurde am 9. Dezember 1717 in Stendal geboren und verbrachte seine Kindheit und Jugend hier. Als Sohn eines armen Schuhmachers k\u00e4mpfte er sich, in st\u00e4ndiger Geldnot, durch den m\u00fchseligen Alltag. Zugleich aber fielen seine Wissbegier und sein Streben nach Bildung bereits hier auf fruchtbaren Boden \u2013 er fand in Stendal F\u00f6rderer und Institutionen, die den Grundstein f\u00fcr seinen erstaunlichen sp\u00e4teren Werdegang legten.<\/p>\n<p>Mit einem Klick auf die einzelnen Stations-Bilder gelangen Sie direkt zur jeweiligen Unterseite. Alle Stationen in der \u00dcbersicht bietet Ihnen <a href=\"https:\/\/www.buergerstiftung-stendal.de\/wp-content\/uploads\/2021\/07\/Faltblatt_Winckelmann-Pfad.pdf\" target=\"_blank\" rel=\"noopener\">dieses Faltblatt<\/a>.<\/p>\n<div id=\"envira-gallery-wrap-915\" class=\"envira-gallery-wrap envira-gallery-theme-base envira-lightbox-theme-base\" itemscope itemtype=\"https:\/\/schema.org\/ImageGallery\"><div data-row-height=\"\" data-gallery-theme=\"\" id=\"envira-gallery-915\" class=\"envira-gallery-public  envira-gallery-3-columns envira-clear enviratope envira-gallery-css-animations\" data-envira-columns=\"3\"><div id=\"envira-gallery-item-816\" class=\"envira-gallery-item enviratope-item envira-gallery-item-1 envira-lazy-load\" style=\"padding-left: 5px; padding-bottom: 10px; padding-right: 5px;\"  itemscope itemtype=\"https:\/\/schema.org\/ImageObject\"><div class=\"envira-gallery-item-inner\"><div class=\"envira-gallery-position-overlay  envira-gallery-top-left\"><\/div><div class=\"envira-gallery-position-overlay  envira-gallery-top-right\"><\/div><div class=\"envira-gallery-position-overlay  envira-gallery-bottom-left\"><\/div><div class=\"envira-gallery-position-overlay  envira-gallery-bottom-right\"><\/div><a href=\"https:\/\/www.buergerstiftung-stendal.de\/index.php\/station-1-geburtshaus\/\" class=\"envira-gallery-915 envira-gallery-link\" rel=\"enviragallery915\" title=\"Winckelmann-Pfad Station 1\" data-envira-caption=\"Winckelmann-Pfad Station 1\" data-envira-retina=\"\" data-thumbnail=\"\"  itemprop=\"contentUrl\"><div class=\"envira-lazy\" data-test-width=\"640\" data-test-height=\"480\" style=\"padding-bottom:75%;\"><img id=\"envira-gallery-image-816\" class=\"envira-gallery-image envira-gallery-image-1\" data-envira-index=\"1\" src=\"https:\/\/www.buergerstiftung-stendal.de\/wp-content\/uploads\/2021\/04\/201206_Winckelmann-Pfad_Station_1-1024x724-640x480.jpg\" data-envira-src=\"https:\/\/www.buergerstiftung-stendal.de\/wp-content\/uploads\/2021\/04\/201206_Winckelmann-Pfad_Station_1-1024x724-640x480.jpg\" data-envira-gallery-id=\"915\" data-envira-item-id=\"816\" data-envira-caption=\"Winckelmann-Pfad Station 1\" alt=\"Winckelmann-Pfad Station 1\" title=\"Winckelmann-Pfad Station 1\"  itemprop=\"thumbnailUrl\" data-envira-srcset=\"https:\/\/www.buergerstiftung-stendal.de\/wp-content\/uploads\/2021\/04\/201206_Winckelmann-Pfad_Station_1-1024x724-640x480.jpg 400w,https:\/\/www.buergerstiftung-stendal.de\/wp-content\/uploads\/2021\/04\/201206_Winckelmann-Pfad_Station_1-1024x724-640x480.jpg 2x\" srcset=\"data:image\/gif;base64,R0lGODlhAQABAIAAAP\/\/\/\/\/\/\/yH5BAEKAAEALAAAAAABAAEAAAICTAEAOw==\" \/><\/div><\/a><\/div><\/div><div id=\"envira-gallery-item-815\" class=\"envira-gallery-item enviratope-item envira-gallery-item-2 envira-lazy-load\" style=\"padding-left: 5px; padding-bottom: 10px; padding-right: 5px;\"  itemscope itemtype=\"https:\/\/schema.org\/ImageObject\"><div class=\"envira-gallery-item-inner\"><div class=\"envira-gallery-position-overlay  envira-gallery-top-left\"><\/div><div class=\"envira-gallery-position-overlay  envira-gallery-top-right\"><\/div><div class=\"envira-gallery-position-overlay  envira-gallery-bottom-left\"><\/div><div class=\"envira-gallery-position-overlay  envira-gallery-bottom-right\"><\/div><a href=\"https:\/\/www.buergerstiftung-stendal.de\/index.php\/station-2-taufkirche\/\" class=\"envira-gallery-915 envira-gallery-link\" rel=\"enviragallery915\" title=\"Winckelmann-Pfad Station 2\" data-envira-caption=\"Winckelmann-Pfad Station 2\" data-envira-retina=\"\" data-thumbnail=\"\"  itemprop=\"contentUrl\"><div class=\"envira-lazy\" data-test-width=\"640\" data-test-height=\"480\" style=\"padding-bottom:75%;\"><img id=\"envira-gallery-image-815\" class=\"envira-gallery-image envira-gallery-image-2\" data-envira-index=\"2\" src=\"https:\/\/www.buergerstiftung-stendal.de\/wp-content\/uploads\/2021\/04\/201206_Winckelmann-Pfad_Station_2-1024x724-640x480.jpg\" data-envira-src=\"https:\/\/www.buergerstiftung-stendal.de\/wp-content\/uploads\/2021\/04\/201206_Winckelmann-Pfad_Station_2-1024x724-640x480.jpg\" data-envira-gallery-id=\"915\" data-envira-item-id=\"815\" data-envira-caption=\"Winckelmann-Pfad Station 2\" alt=\"Winckelmann-Pfad Station 2\" title=\"Winckelmann-Pfad Station 2\"  itemprop=\"thumbnailUrl\" data-envira-srcset=\"https:\/\/www.buergerstiftung-stendal.de\/wp-content\/uploads\/2021\/04\/201206_Winckelmann-Pfad_Station_2-1024x724-640x480.jpg 400w,https:\/\/www.buergerstiftung-stendal.de\/wp-content\/uploads\/2021\/04\/201206_Winckelmann-Pfad_Station_2-1024x724-640x480.jpg 2x\" srcset=\"data:image\/gif;base64,R0lGODlhAQABAIAAAP\/\/\/\/\/\/\/yH5BAEKAAEALAAAAAABAAEAAAICTAEAOw==\" \/><\/div><\/a><\/div><\/div><div id=\"envira-gallery-item-814\" class=\"envira-gallery-item enviratope-item envira-gallery-item-3 envira-lazy-load\" style=\"padding-left: 5px; padding-bottom: 10px; padding-right: 5px;\"  itemscope itemtype=\"https:\/\/schema.org\/ImageObject\"><div class=\"envira-gallery-item-inner\"><div class=\"envira-gallery-position-overlay  envira-gallery-top-left\"><\/div><div class=\"envira-gallery-position-overlay  envira-gallery-top-right\"><\/div><div class=\"envira-gallery-position-overlay  envira-gallery-bottom-left\"><\/div><div class=\"envira-gallery-position-overlay  envira-gallery-bottom-right\"><\/div><a href=\"https:\/\/www.buergerstiftung-stendal.de\/index.php\/station-3-lateinschule\/\" class=\"envira-gallery-915 envira-gallery-link\" rel=\"enviragallery915\" title=\"Winckelmann-Pfad Station 3\" data-envira-caption=\"Winckelmann-Pfad Station 3\" data-envira-retina=\"\" data-thumbnail=\"\"  itemprop=\"contentUrl\"><div class=\"envira-lazy\" data-test-width=\"640\" data-test-height=\"480\" style=\"padding-bottom:75%;\"><img id=\"envira-gallery-image-814\" class=\"envira-gallery-image envira-gallery-image-3\" data-envira-index=\"3\" src=\"https:\/\/www.buergerstiftung-stendal.de\/wp-content\/uploads\/2021\/04\/201206_Winckelmann-Pfad_Station_3-1024x724-640x480.jpg\" data-envira-src=\"https:\/\/www.buergerstiftung-stendal.de\/wp-content\/uploads\/2021\/04\/201206_Winckelmann-Pfad_Station_3-1024x724-640x480.jpg\" data-envira-gallery-id=\"915\" data-envira-item-id=\"814\" data-envira-caption=\"Winckelmann-Pfad Station 3\" alt=\"Winckelmann-Pfad Station 3\" title=\"Winckelmann-Pfad Station 3\"  itemprop=\"thumbnailUrl\" data-envira-srcset=\"https:\/\/www.buergerstiftung-stendal.de\/wp-content\/uploads\/2021\/04\/201206_Winckelmann-Pfad_Station_3-1024x724-640x480.jpg 400w,https:\/\/www.buergerstiftung-stendal.de\/wp-content\/uploads\/2021\/04\/201206_Winckelmann-Pfad_Station_3-1024x724-640x480.jpg 2x\" srcset=\"data:image\/gif;base64,R0lGODlhAQABAIAAAP\/\/\/\/\/\/\/yH5BAEKAAEALAAAAAABAAEAAAICTAEAOw==\" \/><\/div><\/a><\/div><\/div><div id=\"envira-gallery-item-813\" class=\"envira-gallery-item enviratope-item envira-gallery-item-4 envira-lazy-load\" style=\"padding-left: 5px; padding-bottom: 10px; padding-right: 5px;\"  itemscope itemtype=\"https:\/\/schema.org\/ImageObject\"><div class=\"envira-gallery-item-inner\"><div class=\"envira-gallery-position-overlay  envira-gallery-top-left\"><\/div><div class=\"envira-gallery-position-overlay  envira-gallery-top-right\"><\/div><div class=\"envira-gallery-position-overlay  envira-gallery-bottom-left\"><\/div><div class=\"envira-gallery-position-overlay  envira-gallery-bottom-right\"><\/div><a href=\"https:\/\/www.buergerstiftung-stendal.de\/index.php\/station-4-marienkirche\/\" class=\"envira-gallery-915 envira-gallery-link\" rel=\"enviragallery915\" title=\"Winckelmann-Pfad Station 4\" data-envira-caption=\"Winckelmann-Pfad Station 4\" data-envira-retina=\"\" data-thumbnail=\"\"  itemprop=\"contentUrl\"><div class=\"envira-lazy\" data-test-width=\"640\" data-test-height=\"480\" style=\"padding-bottom:75%;\"><img id=\"envira-gallery-image-813\" class=\"envira-gallery-image envira-gallery-image-4\" data-envira-index=\"4\" src=\"https:\/\/www.buergerstiftung-stendal.de\/wp-content\/uploads\/2021\/04\/201206_Winckelmann-Pfad_Station_4-1024x724-640x480.jpg\" data-envira-src=\"https:\/\/www.buergerstiftung-stendal.de\/wp-content\/uploads\/2021\/04\/201206_Winckelmann-Pfad_Station_4-1024x724-640x480.jpg\" data-envira-gallery-id=\"915\" data-envira-item-id=\"813\" data-envira-caption=\"Winckelmann-Pfad Station 4\" alt=\"Winckelmann-Pfad Station 4\" title=\"Winckelmann-Pfad Station 4\"  itemprop=\"thumbnailUrl\" data-envira-srcset=\"https:\/\/www.buergerstiftung-stendal.de\/wp-content\/uploads\/2021\/04\/201206_Winckelmann-Pfad_Station_4-1024x724-640x480.jpg 400w,https:\/\/www.buergerstiftung-stendal.de\/wp-content\/uploads\/2021\/04\/201206_Winckelmann-Pfad_Station_4-1024x724-640x480.jpg 2x\" srcset=\"data:image\/gif;base64,R0lGODlhAQABAIAAAP\/\/\/\/\/\/\/yH5BAEKAAEALAAAAAABAAEAAAICTAEAOw==\" \/><\/div><\/a><\/div><\/div><div id=\"envira-gallery-item-812\" class=\"envira-gallery-item enviratope-item envira-gallery-item-5 envira-lazy-load\" style=\"padding-left: 5px; padding-bottom: 10px; padding-right: 5px;\"  itemscope itemtype=\"https:\/\/schema.org\/ImageObject\"><div class=\"envira-gallery-item-inner\"><div class=\"envira-gallery-position-overlay  envira-gallery-top-left\"><\/div><div class=\"envira-gallery-position-overlay  envira-gallery-top-right\"><\/div><div class=\"envira-gallery-position-overlay  envira-gallery-bottom-left\"><\/div><div class=\"envira-gallery-position-overlay  envira-gallery-bottom-right\"><\/div><a href=\"https:\/\/www.buergerstiftung-stendal.de\/index.php\/station-5-denkmal\/\" class=\"envira-gallery-915 envira-gallery-link\" rel=\"enviragallery915\" title=\"Winckelmann-Pfad Station 5\" data-envira-caption=\"Winckelmann-Pfad Station 5\" data-envira-retina=\"\" data-thumbnail=\"\"  itemprop=\"contentUrl\"><div class=\"envira-lazy\" data-test-width=\"640\" data-test-height=\"480\" style=\"padding-bottom:75%;\"><img id=\"envira-gallery-image-812\" class=\"envira-gallery-image envira-gallery-image-5\" data-envira-index=\"5\" src=\"https:\/\/www.buergerstiftung-stendal.de\/wp-content\/uploads\/2021\/04\/201206_Winckelmann-Pfad_Station_5-1024x724-640x480.jpg\" data-envira-src=\"https:\/\/www.buergerstiftung-stendal.de\/wp-content\/uploads\/2021\/04\/201206_Winckelmann-Pfad_Station_5-1024x724-640x480.jpg\" data-envira-gallery-id=\"915\" data-envira-item-id=\"812\" data-envira-caption=\"Winckelmann-Pfad Station 5\" alt=\"Winckelmann-Pfad Station 5\" title=\"Winckelmann-Pfad Station 5\"  itemprop=\"thumbnailUrl\" data-envira-srcset=\"https:\/\/www.buergerstiftung-stendal.de\/wp-content\/uploads\/2021\/04\/201206_Winckelmann-Pfad_Station_5-1024x724-640x480.jpg 400w,https:\/\/www.buergerstiftung-stendal.de\/wp-content\/uploads\/2021\/04\/201206_Winckelmann-Pfad_Station_5-1024x724-640x480.jpg 2x\" srcset=\"data:image\/gif;base64,R0lGODlhAQABAIAAAP\/\/\/\/\/\/\/yH5BAEKAAEALAAAAAABAAEAAAICTAEAOw==\" \/><\/div><\/a><\/div><\/div><div id=\"envira-gallery-item-811\" class=\"envira-gallery-item enviratope-item envira-gallery-item-6 envira-lazy-load\" style=\"padding-left: 5px; padding-bottom: 10px; padding-right: 5px;\"  itemscope itemtype=\"https:\/\/schema.org\/ImageObject\"><div class=\"envira-gallery-item-inner\"><div class=\"envira-gallery-position-overlay  envira-gallery-top-left\"><\/div><div class=\"envira-gallery-position-overlay  envira-gallery-top-right\"><\/div><div class=\"envira-gallery-position-overlay  envira-gallery-bottom-left\"><\/div><div class=\"envira-gallery-position-overlay  envira-gallery-bottom-right\"><\/div><a href=\"https:\/\/www.buergerstiftung-stendal.de\/index.php\/station-6-trojanisches-pferd\/\" class=\"envira-gallery-915 envira-gallery-link\" rel=\"enviragallery915\" title=\"Winckelmann-Pfad Station 6\" data-envira-caption=\"Winckelmann-Pfad Station 6\" data-envira-retina=\"\" data-thumbnail=\"\"  itemprop=\"contentUrl\"><div class=\"envira-lazy\" data-test-width=\"640\" data-test-height=\"480\" style=\"padding-bottom:75%;\"><img id=\"envira-gallery-image-811\" class=\"envira-gallery-image envira-gallery-image-6\" data-envira-index=\"6\" src=\"https:\/\/www.buergerstiftung-stendal.de\/wp-content\/uploads\/2021\/04\/201206_Winckelmann-Pfad_Station_6-1024x724-640x480.jpg\" data-envira-src=\"https:\/\/www.buergerstiftung-stendal.de\/wp-content\/uploads\/2021\/04\/201206_Winckelmann-Pfad_Station_6-1024x724-640x480.jpg\" data-envira-gallery-id=\"915\" data-envira-item-id=\"811\" data-envira-caption=\"Winckelmann-Pfad Station 6\" alt=\"Winckelmann-Pfad Station 6\" title=\"Winckelmann-Pfad Station 6\"  itemprop=\"thumbnailUrl\" data-envira-srcset=\"https:\/\/www.buergerstiftung-stendal.de\/wp-content\/uploads\/2021\/04\/201206_Winckelmann-Pfad_Station_6-1024x724-640x480.jpg 400w,https:\/\/www.buergerstiftung-stendal.de\/wp-content\/uploads\/2021\/04\/201206_Winckelmann-Pfad_Station_6-1024x724-640x480.jpg 2x\" srcset=\"data:image\/gif;base64,R0lGODlhAQABAIAAAP\/\/\/\/\/\/\/yH5BAEKAAEALAAAAAABAAEAAAICTAEAOw==\" \/><\/div><\/a><\/div><\/div><\/div><\/div><noscript><img src=\"https:\/\/www.buergerstiftung-stendal.de\/wp-content\/uploads\/2021\/04\/201206_Winckelmann-Pfad_Station_1.jpg\" alt=\"Winckelmann-Pfad Station 1\" \/><img src=\"https:\/\/www.buergerstiftung-stendal.de\/wp-content\/uploads\/2021\/04\/201206_Winckelmann-Pfad_Station_2.jpg\" alt=\"Winckelmann-Pfad Station 2\" \/><img src=\"https:\/\/www.buergerstiftung-stendal.de\/wp-content\/uploads\/2021\/04\/201206_Winckelmann-Pfad_Station_3.jpg\" alt=\"Winckelmann-Pfad Station 3\" \/><img src=\"https:\/\/www.buergerstiftung-stendal.de\/wp-content\/uploads\/2021\/04\/201206_Winckelmann-Pfad_Station_4.jpg\" alt=\"Winckelmann-Pfad Station 4\" \/><img src=\"https:\/\/www.buergerstiftung-stendal.de\/wp-content\/uploads\/2021\/04\/201206_Winckelmann-Pfad_Station_5.jpg\" alt=\"Winckelmann-Pfad Station 5\" \/><img src=\"https:\/\/www.buergerstiftung-stendal.de\/wp-content\/uploads\/2021\/04\/201206_Winckelmann-Pfad_Station_6.jpg\" alt=\"Winckelmann-Pfad Station 6\" \/><\/noscript>\n","protected":false},"excerpt":{"rendered":"<p>Machen Sie sich auf den Weg durch Stendal und folgen Sie dabei den Spuren Johann Joachim Winckelmanns (1717\u20131768). Der Begr\u00fcnder der klassischen Arch\u00e4ologie und der modernen Kunstgeschichte wurde am 9. Dezember 1717 in Stendal geboren und verbrachte seine Kindheit und Jugend hier. Als Sohn eines armen Schuhmachers k\u00e4mpfte er sich, in st\u00e4ndiger Geldnot, durch den &hellip; <a href=\"https:\/\/www.buergerstiftung-stendal.de\/index.php\/winckelmann-pfad-in-stendal\/\" class=\"more-link\">Weiterlesen <span class=\"screen-reader-text\">Folgen Sie den Spuren Johann Joachim Winckelmanns durch Stendal<\/span><\/a><\/p>\n","protected":false},"author":2,"featured_media":0,"parent":0,"menu_order":0,"comment_status":"closed","ping_status":"closed","template":"","meta":{"ngg_post_thumbnail":0},"yoast_head":"<!-- This site is optimized with the Yoast SEO plugin v19.11 - https:\/\/yoast.com\/wordpress\/plugins\/seo\/ -->\n<title>Folgen Sie den Spuren Johann Joachim Winckelmanns durch Stendal - Altm\u00e4rkische B\u00fcrgerstiftung Hansestadt Stendal<\/title>\n<meta name=\"description\" content=\"Folgen Sie den Spuren Johann Joachim Winckelmanns auf 6 Stationen auf dem Winckelmann-Pfad durch die Hansestadt Stendal.\" \/>\n<meta name=\"robots\" content=\"index, follow, max-snippet:-1, max-image-preview:large, max-video-preview:-1\" \/>\n<link rel=\"canonical\" href=\"https:\/\/www.buergerstiftung-stendal.de\/index.php\/winckelmann-pfad-in-stendal\/\" \/>\n<meta property=\"og:locale\" content=\"de_DE\" \/>\n<meta property=\"og:type\" content=\"article\" \/>\n<meta property=\"og:title\" content=\"Folgen Sie den Spuren Johann Joachim Winckelmanns durch Stendal - Altm\u00e4rkische B\u00fcrgerstiftung Hansestadt Stendal\" \/>\n<meta property=\"og:description\" content=\"Folgen Sie den Spuren Johann Joachim Winckelmanns auf 6 Stationen auf dem Winckelmann-Pfad durch die Hansestadt Stendal.\" \/>\n<meta property=\"og:url\" content=\"https:\/\/www.buergerstiftung-stendal.de\/index.php\/winckelmann-pfad-in-stendal\/\" \/>\n<meta property=\"og:site_name\" content=\"Altm\u00e4rkische B\u00fcrgerstiftung Hansestadt Stendal\" \/>\n<meta property=\"article:modified_time\" content=\"2021-07-06T19:19:36+00:00\" \/>\n<meta name=\"twitter:card\" content=\"summary_large_image\" \/>\n<meta name=\"twitter:label1\" content=\"Gesch\u00e4tzte Lesezeit\" \/>\n\t<meta name=\"twitter:data1\" content=\"1\u00a0Minute\" \/>\n<script type=\"application\/ld+json\" class=\"yoast-schema-graph\">{\"@context\":\"https:\/\/schema.org\",\"@graph\":[{\"@type\":\"WebPage\",\"@id\":\"https:\/\/www.buergerstiftung-stendal.de\/index.php\/winckelmann-pfad-in-stendal\/\",\"url\":\"https:\/\/www.buergerstiftung-stendal.de\/index.php\/winckelmann-pfad-in-stendal\/\",\"name\":\"Folgen Sie den Spuren Johann Joachim Winckelmanns durch Stendal - Altm\u00e4rkische B\u00fcrgerstiftung Hansestadt Stendal\",\"isPartOf\":{\"@id\":\"https:\/\/www.buergerstiftung-stendal.de\/#website\"},\"datePublished\":\"2021-06-12T13:17:41+00:00\",\"dateModified\":\"2021-07-06T19:19:36+00:00\",\"description\":\"Folgen Sie den Spuren Johann Joachim Winckelmanns auf 6 Stationen auf dem Winckelmann-Pfad durch die Hansestadt Stendal.\",\"breadcrumb\":{\"@id\":\"https:\/\/www.buergerstiftung-stendal.de\/index.php\/winckelmann-pfad-in-stendal\/#breadcrumb\"},\"inLanguage\":\"de\",\"potentialAction\":[{\"@type\":\"ReadAction\",\"target\":[\"https:\/\/www.buergerstiftung-stendal.de\/index.php\/winckelmann-pfad-in-stendal\/\"]}]},{\"@type\":\"BreadcrumbList\",\"@id\":\"https:\/\/www.buergerstiftung-stendal.de\/index.php\/winckelmann-pfad-in-stendal\/#breadcrumb\",\"itemListElement\":[{\"@type\":\"ListItem\",\"position\":1,\"name\":\"Startseite\",\"item\":\"https:\/\/www.buergerstiftung-stendal.de\/\"},{\"@type\":\"ListItem\",\"position\":2,\"name\":\"Folgen Sie den Spuren Johann Joachim Winckelmanns durch Stendal\"}]},{\"@type\":\"WebSite\",\"@id\":\"https:\/\/www.buergerstiftung-stendal.de\/#website\",\"url\":\"https:\/\/www.buergerstiftung-stendal.de\/\",\"name\":\"Altm\u00e4rkische B\u00fcrgerstiftung Hansestadt Stendal\",\"description\":\"\",\"potentialAction\":[{\"@type\":\"SearchAction\",\"target\":{\"@type\":\"EntryPoint\",\"urlTemplate\":\"https:\/\/www.buergerstiftung-stendal.de\/?s={search_term_string}\"},\"query-input\":\"required name=search_term_string\"}],\"inLanguage\":\"de\"}]}<\/script>\n<!-- \/ Yoast SEO plugin. -->","yoast_head_json":{"title":"Folgen Sie den Spuren Johann Joachim Winckelmanns durch Stendal - Altm\u00e4rkische B\u00fcrgerstiftung Hansestadt Stendal","description":"Folgen Sie den Spuren Johann Joachim Winckelmanns auf 6 Stationen auf dem Winckelmann-Pfad durch die Hansestadt Stendal.","robots":{"index":"index","follow":"follow","max-snippet":"max-snippet:-1","max-image-preview":"max-image-preview:large","max-video-preview":"max-video-preview:-1"},"canonical":"https:\/\/www.buergerstiftung-stendal.de\/index.php\/winckelmann-pfad-in-stendal\/","og_locale":"de_DE","og_type":"article","og_title":"Folgen Sie den Spuren Johann Joachim Winckelmanns durch Stendal - Altm\u00e4rkische B\u00fcrgerstiftung Hansestadt Stendal","og_description":"Folgen Sie den Spuren Johann Joachim Winckelmanns auf 6 Stationen auf dem Winckelmann-Pfad durch die Hansestadt Stendal.","og_url":"https:\/\/www.buergerstiftung-stendal.de\/index.php\/winckelmann-pfad-in-stendal\/","og_site_name":"Altm\u00e4rkische B\u00fcrgerstiftung Hansestadt Stendal","article_modified_time":"2021-07-06T19:19:36+00:00","twitter_card":"summary_large_image","twitter_misc":{"Gesch\u00e4tzte Lesezeit":"1\u00a0Minute"},"schema":{"@context":"https:\/\/schema.org","@graph":[{"@type":"WebPage","@id":"https:\/\/www.buergerstiftung-stendal.de\/index.php\/winckelmann-pfad-in-stendal\/","url":"https:\/\/www.buergerstiftung-stendal.de\/index.php\/winckelmann-pfad-in-stendal\/","name":"Folgen Sie den Spuren Johann Joachim Winckelmanns durch Stendal - Altm\u00e4rkische B\u00fcrgerstiftung Hansestadt Stendal","isPartOf":{"@id":"https:\/\/www.buergerstiftung-stendal.de\/#website"},"datePublished":"2021-06-12T13:17:41+00:00","dateModified":"2021-07-06T19:19:36+00:00","description":"Folgen Sie den Spuren Johann Joachim Winckelmanns auf 6 Stationen auf dem Winckelmann-Pfad durch die Hansestadt Stendal.","breadcrumb":{"@id":"https:\/\/www.buergerstiftung-stendal.de\/index.php\/winckelmann-pfad-in-stendal\/#breadcrumb"},"inLanguage":"de","potentialAction":[{"@type":"ReadAction","target":["https:\/\/www.buergerstiftung-stendal.de\/index.php\/winckelmann-pfad-in-stendal\/"]}]},{"@type":"BreadcrumbList","@id":"https:\/\/www.buergerstiftung-stendal.de\/index.php\/winckelmann-pfad-in-stendal\/#breadcrumb","itemListElement":[{"@type":"ListItem","position":1,"name":"Startseite","item":"https:\/\/www.buergerstiftung-stendal.de\/"},{"@type":"ListItem","position":2,"name":"Folgen Sie den Spuren Johann Joachim Winckelmanns durch Stendal"}]},{"@type":"WebSite","@id":"https:\/\/www.buergerstiftung-stendal.de\/#website","url":"https:\/\/www.buergerstiftung-stendal.de\/","name":"Altm\u00e4rkische B\u00fcrgerstiftung Hansestadt Stendal","description":"","potentialAction":[{"@type":"SearchAction","target":{"@type":"EntryPoint","urlTemplate":"https:\/\/www.buergerstiftung-stendal.de\/?s={search_term_string}"},"query-input":"required name=search_term_string"}],"inLanguage":"de"}]}},"_links":{"self":[{"href":"https:\/\/www.buergerstiftung-stendal.de\/index.php\/wp-json\/wp\/v2\/pages\/831"}],"collection":[{"href":"https:\/\/www.buergerstiftung-stendal.de\/index.php\/wp-json\/wp\/v2\/pages"}],"about":[{"href":"https:\/\/www.buergerstiftung-stendal.de\/index.php\/wp-json\/wp\/v2\/types\/page"}],"author":[{"embeddable":true,"href":"https:\/\/www.buergerstiftung-stendal.de\/index.php\/wp-json\/wp\/v2\/users\/2"}],"replies":[{"embeddable":true,"href":"https:\/\/www.buergerstiftung-stendal.de\/index.php\/wp-json\/wp\/v2\/comments?post=831"}],"version-history":[{"count":13,"href":"https:\/\/www.buergerstiftung-stendal.de\/index.php\/wp-json\/wp\/v2\/pages\/831\/revisions"}],"predecessor-version":[{"id":966,"href":"https:\/\/www.buergerstiftung-stendal.de\/index.php\/wp-json\/wp\/v2\/pages\/831\/revisions\/966"}],"wp:attachment":[{"href":"https:\/\/www.buergerstiftung-stendal.de\/index.php\/wp-json\/wp\/v2\/media?parent=831"}],"curies":[{"name":"wp","href":"https:\/\/api.w.org\/{rel}","templated":true}]}}