{"id":86,"date":"2019-04-04T15:17:09","date_gmt":"2019-04-04T13:17:09","guid":{"rendered":"http:\/\/localhost\/wordpress\/?page_id=86"},"modified":"2019-05-22T14:43:29","modified_gmt":"2019-05-22T12:43:29","slug":"ehrenamt","status":"publish","type":"page","link":"https:\/\/www.buergerstiftung-stendal.de\/index.php\/ehrenamt\/","title":{"rendered":"\ufeffGute Gr\u00fcnde um mitzumachen"},"content":{"rendered":"\r\n<ul>\r\n<li><strong>B\u00fcrgerstiftungen\u00a0arbeiten lokal und st\u00e4rken unser Lebensumfeld<\/strong>, indem sie gemeinn\u00fctziges Engagement f\u00fcr Bildung, Integration, Soziales, Jugend, Kultur usw. vor allem finanziell, aber auch durch ideelles und pers\u00f6nliches Engagement oder durch Beratung unterst\u00fctzen.<\/li>\r\n<li><strong>B\u00fcrgerstiftungen sind<\/strong>\u00a0<strong>zukunftssicher<\/strong>, denn ihre vielf\u00e4ltigen F\u00f6rderzwecke erm\u00f6glichen ein flexibles Reagieren auf k\u00fcnftige gesellschaftliche Herausforderungen. Um dennoch fokussiert zu arbeiten, werden f\u00fcr einen bestimmten Zeitraum\u00a0F\u00f6rderschwerpunkte\u00a0gebildet.<\/li>\r\n<li><strong>B\u00fcrgerstiftungen wirken<\/strong>\u00a0<strong>nachhaltig<\/strong>, denn das Stiftungsverm\u00f6gen bleibt bestehen, nur die Ertr\u00e4ge aus dem Verm\u00f6gen und Spenden werden f\u00fcr die F\u00f6rderung eingesetzt. Das angelegte\u00a0Stiftungsverm\u00f6gen bleibt in der Region\u00a0und kommt ihr dauerhaft zugute.<\/li>\r\n<li><strong>In B\u00fcrgerstiftungen engagieren sich Menschen aus der Region<\/strong>, seien es Privatpersonen, Unternehmen, Vereine oder Banken. Durch das gemeinsame Dach sind auch kleinere F\u00f6rderbeitr\u00e4ge oder begrenzte Engagements wirkungsvoll. Die\u00a0Verwaltungskosten\u00a0bleiben durch das ehrenamtliche Engagement\u00a0gering.<\/li>\r\n<li><strong>B\u00fcrgerstiftungen verwalten und geh\u00f6ren sich selbst<\/strong>. Ein\u00a0Kontrollorgan\u00a0\u00fcberwacht die Arbeit der B\u00fcrgerstiftung, zus\u00e4tzlich pr\u00fcfen Finanzamt und Stiftungsaufsicht die Einhaltung der formellen Anforderungen. H\u00e4ufig testiert ein\u00a0Wirtschaftspr\u00fcfer\u00a0die Buchhaltung.<\/li>\r\n<li><strong>B\u00fcrgerstiftungen informieren und beraten potentielle Spender und Stifter<\/strong> und bieten\u00a0verschiedene Engagementm\u00f6glichkeiten\u00a0aus einer Hand: Vom ehrenamtlichen Engagement \u00fcber Spendenprojekte und Zustiftungsm\u00f6glichkeiten bis hin zur eigenen Stiftung.<\/li>\r\n<\/ul>\r\n<p>Quelle: Flyer &#8222;B\u00fcrgerstiftungen: mitStiften! Mit Geld, Zeit, Ideen&#8220;, Herausgeber: Aktive B\u00fcrgerschaft e.V., Gesch\u00e4ftsstelle: Reinhardtstra\u00dfe 25, 10117 Berlin-Mitte.<\/p>\r\n\r\n\r\n\r\n<p>Sie m\u00f6chten uns unterst\u00fctzen? Wir freuen uns \u00fcber Ihre Kontaktaufnahme <a href=\"http:\/\/www.buergerstiftung-stendal.de\/index.php\/kontakt\/\">per Mail<\/a> oder telefonisch.<\/p>\r\n","protected":false},"excerpt":{"rendered":"<p>B\u00fcrgerstiftungen\u00a0arbeiten lokal und st\u00e4rken unser Lebensumfeld, indem sie gemeinn\u00fctziges Engagement f\u00fcr Bildung, Integration, Soziales, Jugend, Kultur usw. vor allem finanziell, aber auch durch ideelles und pers\u00f6nliches Engagement oder durch Beratung unterst\u00fctzen. B\u00fcrgerstiftungen sind\u00a0zukunftssicher, denn ihre vielf\u00e4ltigen F\u00f6rderzwecke erm\u00f6glichen ein flexibles Reagieren auf k\u00fcnftige gesellschaftliche Herausforderungen. Um dennoch fokussiert zu arbeiten, werden f\u00fcr einen bestimmten Zeitraum\u00a0F\u00f6rderschwerpunkte\u00a0gebildet. &hellip; <a href=\"https:\/\/www.buergerstiftung-stendal.de\/index.php\/ehrenamt\/\" class=\"more-link\">Weiterlesen <span class=\"screen-reader-text\">\ufeffGute Gr\u00fcnde um mitzumachen<\/span><\/a><\/p>\n","protected":false},"author":1,"featured_media":0,"parent":0,"menu_order":0,"comment_status":"closed","ping_status":"closed","template":"","meta":{"ngg_post_thumbnail":0},"yoast_head":"<!-- This site is optimized with the Yoast SEO plugin v19.11 - https:\/\/yoast.com\/wordpress\/plugins\/seo\/ -->\n<title>\ufeffGute Gr\u00fcnde um mitzumachen - Altm\u00e4rkische B\u00fcrgerstiftung Hansestadt Stendal<\/title>\n<meta name=\"robots\" content=\"index, follow, max-snippet:-1, max-image-preview:large, max-video-preview:-1\" \/>\n<link rel=\"canonical\" href=\"https:\/\/www.buergerstiftung-stendal.de\/index.php\/ehrenamt\/\" \/>\n<meta property=\"og:locale\" content=\"de_DE\" \/>\n<meta property=\"og:type\" content=\"article\" \/>\n<meta property=\"og:title\" content=\"\ufeffGute Gr\u00fcnde um mitzumachen - Altm\u00e4rkische B\u00fcrgerstiftung Hansestadt Stendal\" \/>\n<meta property=\"og:description\" content=\"B\u00fcrgerstiftungen\u00a0arbeiten lokal und st\u00e4rken unser Lebensumfeld, indem sie gemeinn\u00fctziges Engagement f\u00fcr Bildung, Integration, Soziales, Jugend, Kultur usw. vor allem finanziell, aber auch durch ideelles und pers\u00f6nliches Engagement oder durch Beratung unterst\u00fctzen. B\u00fcrgerstiftungen sind\u00a0zukunftssicher, denn ihre vielf\u00e4ltigen F\u00f6rderzwecke erm\u00f6glichen ein flexibles Reagieren auf k\u00fcnftige gesellschaftliche Herausforderungen. Um dennoch fokussiert zu arbeiten, werden f\u00fcr einen bestimmten Zeitraum\u00a0F\u00f6rderschwerpunkte\u00a0gebildet. &hellip; Weiterlesen \ufeffGute Gr\u00fcnde um mitzumachen\" \/>\n<meta property=\"og:url\" content=\"https:\/\/www.buergerstiftung-stendal.de\/index.php\/ehrenamt\/\" \/>\n<meta property=\"og:site_name\" content=\"Altm\u00e4rkische B\u00fcrgerstiftung Hansestadt Stendal\" \/>\n<meta property=\"article:modified_time\" content=\"2019-05-22T12:43:29+00:00\" \/>\n<meta name=\"twitter:card\" content=\"summary_large_image\" \/>\n<meta name=\"twitter:label1\" content=\"Gesch\u00e4tzte Lesezeit\" \/>\n\t<meta name=\"twitter:data1\" content=\"1\u00a0Minute\" \/>\n<script type=\"application\/ld+json\" class=\"yoast-schema-graph\">{\"@context\":\"https:\/\/schema.org\",\"@graph\":[{\"@type\":\"WebPage\",\"@id\":\"https:\/\/www.buergerstiftung-stendal.de\/index.php\/ehrenamt\/\",\"url\":\"https:\/\/www.buergerstiftung-stendal.de\/index.php\/ehrenamt\/\",\"name\":\"\ufeffGute Gr\u00fcnde um mitzumachen - Altm\u00e4rkische B\u00fcrgerstiftung Hansestadt Stendal\",\"isPartOf\":{\"@id\":\"https:\/\/www.buergerstiftung-stendal.de\/#website\"},\"datePublished\":\"2019-04-04T13:17:09+00:00\",\"dateModified\":\"2019-05-22T12:43:29+00:00\",\"breadcrumb\":{\"@id\":\"https:\/\/www.buergerstiftung-stendal.de\/index.php\/ehrenamt\/#breadcrumb\"},\"inLanguage\":\"de\",\"potentialAction\":[{\"@type\":\"ReadAction\",\"target\":[\"https:\/\/www.buergerstiftung-stendal.de\/index.php\/ehrenamt\/\"]}]},{\"@type\":\"BreadcrumbList\",\"@id\":\"https:\/\/www.buergerstiftung-stendal.de\/index.php\/ehrenamt\/#breadcrumb\",\"itemListElement\":[{\"@type\":\"ListItem\",\"position\":1,\"name\":\"Startseite\",\"item\":\"https:\/\/www.buergerstiftung-stendal.de\/\"},{\"@type\":\"ListItem\",\"position\":2,\"name\":\"\ufeffGute Gr\u00fcnde um mitzumachen\"}]},{\"@type\":\"WebSite\",\"@id\":\"https:\/\/www.buergerstiftung-stendal.de\/#website\",\"url\":\"https:\/\/www.buergerstiftung-stendal.de\/\",\"name\":\"Altm\u00e4rkische B\u00fcrgerstiftung Hansestadt Stendal\",\"description\":\"\",\"potentialAction\":[{\"@type\":\"SearchAction\",\"target\":{\"@type\":\"EntryPoint\",\"urlTemplate\":\"https:\/\/www.buergerstiftung-stendal.de\/?s={search_term_string}\"},\"query-input\":\"required name=search_term_string\"}],\"inLanguage\":\"de\"}]}<\/script>\n<!-- \/ Yoast SEO plugin. -->","yoast_head_json":{"title":"\ufeffGute Gr\u00fcnde um mitzumachen - Altm\u00e4rkische B\u00fcrgerstiftung Hansestadt Stendal","robots":{"index":"index","follow":"follow","max-snippet":"max-snippet:-1","max-image-preview":"max-image-preview:large","max-video-preview":"max-video-preview:-1"},"canonical":"https:\/\/www.buergerstiftung-stendal.de\/index.php\/ehrenamt\/","og_locale":"de_DE","og_type":"article","og_title":"\ufeffGute Gr\u00fcnde um mitzumachen - Altm\u00e4rkische B\u00fcrgerstiftung Hansestadt Stendal","og_description":"B\u00fcrgerstiftungen\u00a0arbeiten lokal und st\u00e4rken unser Lebensumfeld, indem sie gemeinn\u00fctziges Engagement f\u00fcr Bildung, Integration, Soziales, Jugend, Kultur usw. vor allem finanziell, aber auch durch ideelles und pers\u00f6nliches Engagement oder durch Beratung unterst\u00fctzen. B\u00fcrgerstiftungen sind\u00a0zukunftssicher, denn ihre vielf\u00e4ltigen F\u00f6rderzwecke erm\u00f6glichen ein flexibles Reagieren auf k\u00fcnftige gesellschaftliche Herausforderungen. Um dennoch fokussiert zu arbeiten, werden f\u00fcr einen bestimmten Zeitraum\u00a0F\u00f6rderschwerpunkte\u00a0gebildet. &hellip; Weiterlesen \ufeffGute Gr\u00fcnde um mitzumachen","og_url":"https:\/\/www.buergerstiftung-stendal.de\/index.php\/ehrenamt\/","og_site_name":"Altm\u00e4rkische B\u00fcrgerstiftung Hansestadt Stendal","article_modified_time":"2019-05-22T12:43:29+00:00","twitter_card":"summary_large_image","twitter_misc":{"Gesch\u00e4tzte Lesezeit":"1\u00a0Minute"},"schema":{"@context":"https:\/\/schema.org","@graph":[{"@type":"WebPage","@id":"https:\/\/www.buergerstiftung-stendal.de\/index.php\/ehrenamt\/","url":"https:\/\/www.buergerstiftung-stendal.de\/index.php\/ehrenamt\/","name":"\ufeffGute Gr\u00fcnde um mitzumachen - Altm\u00e4rkische B\u00fcrgerstiftung Hansestadt Stendal","isPartOf":{"@id":"https:\/\/www.buergerstiftung-stendal.de\/#website"},"datePublished":"2019-04-04T13:17:09+00:00","dateModified":"2019-05-22T12:43:29+00:00","breadcrumb":{"@id":"https:\/\/www.buergerstiftung-stendal.de\/index.php\/ehrenamt\/#breadcrumb"},"inLanguage":"de","potentialAction":[{"@type":"ReadAction","target":["https:\/\/www.buergerstiftung-stendal.de\/index.php\/ehrenamt\/"]}]},{"@type":"BreadcrumbList","@id":"https:\/\/www.buergerstiftung-stendal.de\/index.php\/ehrenamt\/#breadcrumb","itemListElement":[{"@type":"ListItem","position":1,"name":"Startseite","item":"https:\/\/www.buergerstiftung-stendal.de\/"},{"@type":"ListItem","position":2,"name":"\ufeffGute Gr\u00fcnde um mitzumachen"}]},{"@type":"WebSite","@id":"https:\/\/www.buergerstiftung-stendal.de\/#website","url":"https:\/\/www.buergerstiftung-stendal.de\/","name":"Altm\u00e4rkische B\u00fcrgerstiftung Hansestadt Stendal","description":"","potentialAction":[{"@type":"SearchAction","target":{"@type":"EntryPoint","urlTemplate":"https:\/\/www.buergerstiftung-stendal.de\/?s={search_term_string}"},"query-input":"required name=search_term_string"}],"inLanguage":"de"}]}},"_links":{"self":[{"href":"https:\/\/www.buergerstiftung-stendal.de\/index.php\/wp-json\/wp\/v2\/pages\/86"}],"collection":[{"href":"https:\/\/www.buergerstiftung-stendal.de\/index.php\/wp-json\/wp\/v2\/pages"}],"about":[{"href":"https:\/\/www.buergerstiftung-stendal.de\/index.php\/wp-json\/wp\/v2\/types\/page"}],"author":[{"embeddable":true,"href":"https:\/\/www.buergerstiftung-stendal.de\/index.php\/wp-json\/wp\/v2\/users\/1"}],"replies":[{"embeddable":true,"href":"https:\/\/www.buergerstiftung-stendal.de\/index.php\/wp-json\/wp\/v2\/comments?post=86"}],"version-history":[{"count":8,"href":"https:\/\/www.buergerstiftung-stendal.de\/index.php\/wp-json\/wp\/v2\/pages\/86\/revisions"}],"predecessor-version":[{"id":602,"href":"https:\/\/www.buergerstiftung-stendal.de\/index.php\/wp-json\/wp\/v2\/pages\/86\/revisions\/602"}],"wp:attachment":[{"href":"https:\/\/www.buergerstiftung-stendal.de\/index.php\/wp-json\/wp\/v2\/media?parent=86"}],"curies":[{"name":"wp","href":"https:\/\/api.w.org\/{rel}","templated":true}]}}