{"id":863,"date":"2021-06-21T22:25:27","date_gmt":"2021-06-21T20:25:27","guid":{"rendered":"https:\/\/www.buergerstiftung-stendal.de\/?page_id=863"},"modified":"2021-11-11T13:06:41","modified_gmt":"2021-11-11T12:06:41","slug":"station-2-taufkirche","status":"publish","type":"page","link":"https:\/\/www.buergerstiftung-stendal.de\/index.php\/station-2-taufkirche\/","title":{"rendered":"Station 2: Taufkirche"},"content":{"rendered":"<p><img decoding=\"async\" loading=\"lazy\" class=\"alignleft wp-image-815 size-medium\" src=\"https:\/\/www.buergerstiftung-stendal.de\/wp-content\/uploads\/2021\/04\/201206_Winckelmann-Pfad_Station_2-300x212.jpg\" alt=\"Winckelmann-Pfad Station 2\" width=\"300\" height=\"212\" srcset=\"https:\/\/www.buergerstiftung-stendal.de\/wp-content\/uploads\/2021\/04\/201206_Winckelmann-Pfad_Station_2-300x212.jpg 300w, https:\/\/www.buergerstiftung-stendal.de\/wp-content\/uploads\/2021\/04\/201206_Winckelmann-Pfad_Station_2-1024x724.jpg 1024w, https:\/\/www.buergerstiftung-stendal.de\/wp-content\/uploads\/2021\/04\/201206_Winckelmann-Pfad_Station_2-768x543.jpg 768w, https:\/\/www.buergerstiftung-stendal.de\/wp-content\/uploads\/2021\/04\/201206_Winckelmann-Pfad_Station_2-1536x1086.jpg 1536w, https:\/\/www.buergerstiftung-stendal.de\/wp-content\/uploads\/2021\/04\/201206_Winckelmann-Pfad_Station_2-538x380.jpg 538w, https:\/\/www.buergerstiftung-stendal.de\/wp-content\/uploads\/2021\/04\/201206_Winckelmann-Pfad_Station_2.jpg 1754w\" sizes=\"(max-width: 300px) 100vw, 300px\" \/><\/p>\n<p>Laut Eintragung im heute verschollenen Kirchenbuch der Petrigemeinde wurde Winckelmann im Dezember \u201eAnno 1717\u201c in der Petrikirche getauft. Die Hallenkirche wurde nach 1285 begonnen, zun\u00e4chst in Feldsteinmauerwerk, die sp\u00e4teren Teile dann in Backsteintechnik. Im Inneren befinden sich bemerkenswerte Werke des 14. und 15. Jahrhunderts.<\/p>\n<div id=\"attachment_918\" style=\"width: 235px\" class=\"wp-caption alignleft\"><img aria-describedby=\"caption-attachment-918\" decoding=\"async\" loading=\"lazy\" class=\"wp-image-918 size-medium\" src=\"https:\/\/www.buergerstiftung-stendal.de\/wp-content\/uploads\/2021\/06\/20201230_111343-225x300.jpg\" alt=\"Kirche St. Petri\" width=\"225\" height=\"300\" srcset=\"https:\/\/www.buergerstiftung-stendal.de\/wp-content\/uploads\/2021\/06\/20201230_111343-225x300.jpg 225w, https:\/\/www.buergerstiftung-stendal.de\/wp-content\/uploads\/2021\/06\/20201230_111343-768x1024.jpg 768w, https:\/\/www.buergerstiftung-stendal.de\/wp-content\/uploads\/2021\/06\/20201230_111343-1152x1536.jpg 1152w, https:\/\/www.buergerstiftung-stendal.de\/wp-content\/uploads\/2021\/06\/20201230_111343-1536x2048.jpg 1536w, https:\/\/www.buergerstiftung-stendal.de\/wp-content\/uploads\/2021\/06\/20201230_111343-285x380.jpg 285w, https:\/\/www.buergerstiftung-stendal.de\/wp-content\/uploads\/2021\/06\/20201230_111343-scaled.jpg 1920w\" sizes=\"(max-width: 225px) 100vw, 225px\" \/><p id=\"caption-attachment-918\" class=\"wp-caption-text\">Kirche St. Petri<\/p><\/div>\n<p><a href=\"https:\/\/www.buergerstiftung-stendal.de\/index.php\/station-1-geburtshaus\/\">Zur\u00fcck zu Station 1<\/a><\/p>\n<p><a href=\"https:\/\/www.buergerstiftung-stendal.de\/index.php\/station-3-lateinschule\/\">Weiter zu Station 3<\/a><\/p>\n<p>&nbsp;<\/p>\n","protected":false},"excerpt":{"rendered":"<p>Laut Eintragung im heute verschollenen Kirchenbuch der Petrigemeinde wurde Winckelmann im Dezember \u201eAnno 1717\u201c in der Petrikirche getauft. Die Hallenkirche wurde nach 1285 begonnen, zun\u00e4chst in Feldsteinmauerwerk, die sp\u00e4teren Teile dann in Backsteintechnik. Im Inneren befinden sich bemerkenswerte Werke des 14. und 15. Jahrhunderts. Zur\u00fcck zu Station 1 Weiter zu Station 3 &nbsp;<\/p>\n","protected":false},"author":2,"featured_media":0,"parent":0,"menu_order":0,"comment_status":"closed","ping_status":"closed","template":"","meta":{"ngg_post_thumbnail":0},"yoast_head":"<!-- This site is optimized with the Yoast SEO plugin v19.11 - https:\/\/yoast.com\/wordpress\/plugins\/seo\/ -->\n<title>Station 2: Taufkirche - Altm\u00e4rkische B\u00fcrgerstiftung Hansestadt Stendal<\/title>\n<meta name=\"description\" content=\"Station 2 des Winckelmann-Pfades in Stendal: Taufkirche \/ Kirche St. Petri\" \/>\n<meta name=\"robots\" content=\"index, follow, max-snippet:-1, max-image-preview:large, max-video-preview:-1\" \/>\n<link rel=\"canonical\" href=\"https:\/\/www.buergerstiftung-stendal.de\/index.php\/station-2-taufkirche\/\" \/>\n<meta property=\"og:locale\" content=\"de_DE\" \/>\n<meta property=\"og:type\" content=\"article\" \/>\n<meta property=\"og:title\" content=\"Station 2: Taufkirche - Altm\u00e4rkische B\u00fcrgerstiftung Hansestadt Stendal\" \/>\n<meta property=\"og:description\" content=\"Station 2 des Winckelmann-Pfades in Stendal: Taufkirche \/ Kirche St. Petri\" \/>\n<meta property=\"og:url\" content=\"https:\/\/www.buergerstiftung-stendal.de\/index.php\/station-2-taufkirche\/\" \/>\n<meta property=\"og:site_name\" content=\"Altm\u00e4rkische B\u00fcrgerstiftung Hansestadt Stendal\" \/>\n<meta property=\"article:modified_time\" content=\"2021-11-11T12:06:41+00:00\" \/>\n<meta property=\"og:image\" content=\"https:\/\/www.buergerstiftung-stendal.de\/wp-content\/uploads\/2021\/04\/201206_Winckelmann-Pfad_Station_2-300x212.jpg\" \/>\n<meta name=\"twitter:card\" content=\"summary_large_image\" \/>\n<meta name=\"twitter:label1\" content=\"Gesch\u00e4tzte Lesezeit\" \/>\n\t<meta name=\"twitter:data1\" content=\"1\u00a0Minute\" \/>\n<script type=\"application\/ld+json\" class=\"yoast-schema-graph\">{\"@context\":\"https:\/\/schema.org\",\"@graph\":[{\"@type\":\"WebPage\",\"@id\":\"https:\/\/www.buergerstiftung-stendal.de\/index.php\/station-2-taufkirche\/\",\"url\":\"https:\/\/www.buergerstiftung-stendal.de\/index.php\/station-2-taufkirche\/\",\"name\":\"Station 2: Taufkirche - Altm\u00e4rkische B\u00fcrgerstiftung Hansestadt Stendal\",\"isPartOf\":{\"@id\":\"https:\/\/www.buergerstiftung-stendal.de\/#website\"},\"datePublished\":\"2021-06-21T20:25:27+00:00\",\"dateModified\":\"2021-11-11T12:06:41+00:00\",\"description\":\"Station 2 des Winckelmann-Pfades in Stendal: Taufkirche \/ Kirche St. Petri\",\"breadcrumb\":{\"@id\":\"https:\/\/www.buergerstiftung-stendal.de\/index.php\/station-2-taufkirche\/#breadcrumb\"},\"inLanguage\":\"de\",\"potentialAction\":[{\"@type\":\"ReadAction\",\"target\":[\"https:\/\/www.buergerstiftung-stendal.de\/index.php\/station-2-taufkirche\/\"]}]},{\"@type\":\"BreadcrumbList\",\"@id\":\"https:\/\/www.buergerstiftung-stendal.de\/index.php\/station-2-taufkirche\/#breadcrumb\",\"itemListElement\":[{\"@type\":\"ListItem\",\"position\":1,\"name\":\"Startseite\",\"item\":\"https:\/\/www.buergerstiftung-stendal.de\/\"},{\"@type\":\"ListItem\",\"position\":2,\"name\":\"Station 2: Taufkirche\"}]},{\"@type\":\"WebSite\",\"@id\":\"https:\/\/www.buergerstiftung-stendal.de\/#website\",\"url\":\"https:\/\/www.buergerstiftung-stendal.de\/\",\"name\":\"Altm\u00e4rkische B\u00fcrgerstiftung Hansestadt Stendal\",\"description\":\"\",\"potentialAction\":[{\"@type\":\"SearchAction\",\"target\":{\"@type\":\"EntryPoint\",\"urlTemplate\":\"https:\/\/www.buergerstiftung-stendal.de\/?s={search_term_string}\"},\"query-input\":\"required name=search_term_string\"}],\"inLanguage\":\"de\"}]}<\/script>\n<!-- \/ Yoast SEO plugin. -->","yoast_head_json":{"title":"Station 2: Taufkirche - Altm\u00e4rkische B\u00fcrgerstiftung Hansestadt Stendal","description":"Station 2 des Winckelmann-Pfades in Stendal: Taufkirche \/ Kirche St. Petri","robots":{"index":"index","follow":"follow","max-snippet":"max-snippet:-1","max-image-preview":"max-image-preview:large","max-video-preview":"max-video-preview:-1"},"canonical":"https:\/\/www.buergerstiftung-stendal.de\/index.php\/station-2-taufkirche\/","og_locale":"de_DE","og_type":"article","og_title":"Station 2: Taufkirche - Altm\u00e4rkische B\u00fcrgerstiftung Hansestadt Stendal","og_description":"Station 2 des Winckelmann-Pfades in Stendal: Taufkirche \/ Kirche St. Petri","og_url":"https:\/\/www.buergerstiftung-stendal.de\/index.php\/station-2-taufkirche\/","og_site_name":"Altm\u00e4rkische B\u00fcrgerstiftung Hansestadt Stendal","article_modified_time":"2021-11-11T12:06:41+00:00","og_image":[{"url":"https:\/\/www.buergerstiftung-stendal.de\/wp-content\/uploads\/2021\/04\/201206_Winckelmann-Pfad_Station_2-300x212.jpg"}],"twitter_card":"summary_large_image","twitter_misc":{"Gesch\u00e4tzte Lesezeit":"1\u00a0Minute"},"schema":{"@context":"https:\/\/schema.org","@graph":[{"@type":"WebPage","@id":"https:\/\/www.buergerstiftung-stendal.de\/index.php\/station-2-taufkirche\/","url":"https:\/\/www.buergerstiftung-stendal.de\/index.php\/station-2-taufkirche\/","name":"Station 2: Taufkirche - Altm\u00e4rkische B\u00fcrgerstiftung Hansestadt Stendal","isPartOf":{"@id":"https:\/\/www.buergerstiftung-stendal.de\/#website"},"datePublished":"2021-06-21T20:25:27+00:00","dateModified":"2021-11-11T12:06:41+00:00","description":"Station 2 des Winckelmann-Pfades in Stendal: Taufkirche \/ Kirche St. Petri","breadcrumb":{"@id":"https:\/\/www.buergerstiftung-stendal.de\/index.php\/station-2-taufkirche\/#breadcrumb"},"inLanguage":"de","potentialAction":[{"@type":"ReadAction","target":["https:\/\/www.buergerstiftung-stendal.de\/index.php\/station-2-taufkirche\/"]}]},{"@type":"BreadcrumbList","@id":"https:\/\/www.buergerstiftung-stendal.de\/index.php\/station-2-taufkirche\/#breadcrumb","itemListElement":[{"@type":"ListItem","position":1,"name":"Startseite","item":"https:\/\/www.buergerstiftung-stendal.de\/"},{"@type":"ListItem","position":2,"name":"Station 2: Taufkirche"}]},{"@type":"WebSite","@id":"https:\/\/www.buergerstiftung-stendal.de\/#website","url":"https:\/\/www.buergerstiftung-stendal.de\/","name":"Altm\u00e4rkische B\u00fcrgerstiftung Hansestadt Stendal","description":"","potentialAction":[{"@type":"SearchAction","target":{"@type":"EntryPoint","urlTemplate":"https:\/\/www.buergerstiftung-stendal.de\/?s={search_term_string}"},"query-input":"required name=search_term_string"}],"inLanguage":"de"}]}},"_links":{"self":[{"href":"https:\/\/www.buergerstiftung-stendal.de\/index.php\/wp-json\/wp\/v2\/pages\/863"}],"collection":[{"href":"https:\/\/www.buergerstiftung-stendal.de\/index.php\/wp-json\/wp\/v2\/pages"}],"about":[{"href":"https:\/\/www.buergerstiftung-stendal.de\/index.php\/wp-json\/wp\/v2\/types\/page"}],"author":[{"embeddable":true,"href":"https:\/\/www.buergerstiftung-stendal.de\/index.php\/wp-json\/wp\/v2\/users\/2"}],"replies":[{"embeddable":true,"href":"https:\/\/www.buergerstiftung-stendal.de\/index.php\/wp-json\/wp\/v2\/comments?post=863"}],"version-history":[{"count":5,"href":"https:\/\/www.buergerstiftung-stendal.de\/index.php\/wp-json\/wp\/v2\/pages\/863\/revisions"}],"predecessor-version":[{"id":973,"href":"https:\/\/www.buergerstiftung-stendal.de\/index.php\/wp-json\/wp\/v2\/pages\/863\/revisions\/973"}],"wp:attachment":[{"href":"https:\/\/www.buergerstiftung-stendal.de\/index.php\/wp-json\/wp\/v2\/media?parent=863"}],"curies":[{"name":"wp","href":"https:\/\/api.w.org\/{rel}","templated":true}]}}