{"id":865,"date":"2021-06-21T22:25:45","date_gmt":"2021-06-21T20:25:45","guid":{"rendered":"https:\/\/www.buergerstiftung-stendal.de\/?page_id=865"},"modified":"2021-11-11T13:16:26","modified_gmt":"2021-11-11T12:16:26","slug":"station-3-lateinschule","status":"publish","type":"page","link":"https:\/\/www.buergerstiftung-stendal.de\/index.php\/station-3-lateinschule\/","title":{"rendered":"Station 3: Lateinschule"},"content":{"rendered":"<p>(ehemaliger Standort)<\/p>\n<p><img decoding=\"async\" loading=\"lazy\" class=\"size-medium wp-image-838 alignleft\" src=\"https:\/\/www.buergerstiftung-stendal.de\/wp-content\/uploads\/2021\/04\/201206_Winckelmann-Pfad_Station_3-1-300x212.jpg\" alt=\"\" width=\"300\" height=\"212\" srcset=\"https:\/\/www.buergerstiftung-stendal.de\/wp-content\/uploads\/2021\/04\/201206_Winckelmann-Pfad_Station_3-1-300x212.jpg 300w, https:\/\/www.buergerstiftung-stendal.de\/wp-content\/uploads\/2021\/04\/201206_Winckelmann-Pfad_Station_3-1-1024x724.jpg 1024w, https:\/\/www.buergerstiftung-stendal.de\/wp-content\/uploads\/2021\/04\/201206_Winckelmann-Pfad_Station_3-1-768x543.jpg 768w, https:\/\/www.buergerstiftung-stendal.de\/wp-content\/uploads\/2021\/04\/201206_Winckelmann-Pfad_Station_3-1-1536x1086.jpg 1536w, https:\/\/www.buergerstiftung-stendal.de\/wp-content\/uploads\/2021\/04\/201206_Winckelmann-Pfad_Station_3-1-538x380.jpg 538w, https:\/\/www.buergerstiftung-stendal.de\/wp-content\/uploads\/2021\/04\/201206_Winckelmann-Pfad_Station_3-1.jpg 1754w\" sizes=\"(max-width: 300px) 100vw, 300px\" \/>Die Lateinschule, die Winckelmann besuchte, befand sich im ehemaligen Franziskanerkloster am M\u00f6nchskirchhof. Das eigentliche Kirchengeb\u00e4ude mit der Schule wurde 1784 abgerissen und 1840 durch ein Geb\u00e4ude ersetzt, in dem sich heute das Stadtarchiv befindet.<\/p>\n<p>&nbsp;<\/p>\n<p><img decoding=\"async\" loading=\"lazy\" class=\"size-medium wp-image-901 alignleft\" style=\"background-color: initial;\" src=\"https:\/\/www.buergerstiftung-stendal.de\/wp-content\/uploads\/2021\/06\/stadtarchiv-und-ehemalige-lateinschule-mit-refektorium-300x200.jpg\" alt=\"Stadtarchiv und ehemalige Lateinschule mit Refektorium\" width=\"300\" height=\"200\" srcset=\"https:\/\/www.buergerstiftung-stendal.de\/wp-content\/uploads\/2021\/06\/stadtarchiv-und-ehemalige-lateinschule-mit-refektorium-300x200.jpg 300w, https:\/\/www.buergerstiftung-stendal.de\/wp-content\/uploads\/2021\/06\/stadtarchiv-und-ehemalige-lateinschule-mit-refektorium-1024x683.jpg 1024w, https:\/\/www.buergerstiftung-stendal.de\/wp-content\/uploads\/2021\/06\/stadtarchiv-und-ehemalige-lateinschule-mit-refektorium-768x512.jpg 768w, https:\/\/www.buergerstiftung-stendal.de\/wp-content\/uploads\/2021\/06\/stadtarchiv-und-ehemalige-lateinschule-mit-refektorium-1536x1024.jpg 1536w, https:\/\/www.buergerstiftung-stendal.de\/wp-content\/uploads\/2021\/06\/stadtarchiv-und-ehemalige-lateinschule-mit-refektorium-570x380.jpg 570w, https:\/\/www.buergerstiftung-stendal.de\/wp-content\/uploads\/2021\/06\/stadtarchiv-und-ehemalige-lateinschule-mit-refektorium.jpg 2048w\" sizes=\"(max-width: 300px) 100vw, 300px\" \/><a href=\"https:\/\/www.buergerstiftung-stendal.de\/index.php\/station-2-taufkirche\/\">Zur\u00fcck zu Station 2<\/a><\/p>\n<p><a href=\"https:\/\/www.buergerstiftung-stendal.de\/index.php\/station-4-marienkirche\/\">Weiter zu Station 4<\/a><\/p>\n<p>&nbsp;<\/p>\n<p>&nbsp;<\/p>\n<p><em><br \/>\nStadtarchiv und ehemalige Lateinschule mit Refektorium<\/em><\/p>\n","protected":false},"excerpt":{"rendered":"<p>(ehemaliger Standort) Die Lateinschule, die Winckelmann besuchte, befand sich im ehemaligen Franziskanerkloster am M\u00f6nchskirchhof. Das eigentliche Kirchengeb\u00e4ude mit der Schule wurde 1784 abgerissen und 1840 durch ein Geb\u00e4ude ersetzt, in dem sich heute das Stadtarchiv befindet. &nbsp; Zur\u00fcck zu Station 2 Weiter zu Station 4 &nbsp; &nbsp; Stadtarchiv und ehemalige Lateinschule mit Refektorium<\/p>\n","protected":false},"author":2,"featured_media":0,"parent":0,"menu_order":0,"comment_status":"closed","ping_status":"closed","template":"","meta":{"ngg_post_thumbnail":0},"yoast_head":"<!-- This site is optimized with the Yoast SEO plugin v19.11 - https:\/\/yoast.com\/wordpress\/plugins\/seo\/ -->\n<title>Station 3: Lateinschule - Altm\u00e4rkische B\u00fcrgerstiftung Hansestadt Stendal<\/title>\n<meta name=\"description\" content=\"Station 3 des Winckelmann-Pfades in Stendal: Lateinschule (ehemaliger Standort), heutiges Stadtarchiv.\" \/>\n<meta name=\"robots\" content=\"index, follow, max-snippet:-1, max-image-preview:large, max-video-preview:-1\" \/>\n<link rel=\"canonical\" href=\"https:\/\/www.buergerstiftung-stendal.de\/index.php\/station-3-lateinschule\/\" \/>\n<meta property=\"og:locale\" content=\"de_DE\" \/>\n<meta property=\"og:type\" content=\"article\" \/>\n<meta property=\"og:title\" content=\"Station 3: Lateinschule - Altm\u00e4rkische B\u00fcrgerstiftung Hansestadt Stendal\" \/>\n<meta property=\"og:description\" content=\"Station 3 des Winckelmann-Pfades in Stendal: Lateinschule (ehemaliger Standort), heutiges Stadtarchiv.\" \/>\n<meta property=\"og:url\" content=\"https:\/\/www.buergerstiftung-stendal.de\/index.php\/station-3-lateinschule\/\" \/>\n<meta property=\"og:site_name\" content=\"Altm\u00e4rkische B\u00fcrgerstiftung Hansestadt Stendal\" \/>\n<meta property=\"article:modified_time\" content=\"2021-11-11T12:16:26+00:00\" \/>\n<meta property=\"og:image\" content=\"https:\/\/www.buergerstiftung-stendal.de\/wp-content\/uploads\/2021\/04\/201206_Winckelmann-Pfad_Station_3-1-300x212.jpg\" \/>\n<meta name=\"twitter:card\" content=\"summary_large_image\" \/>\n<meta name=\"twitter:label1\" content=\"Gesch\u00e4tzte Lesezeit\" \/>\n\t<meta name=\"twitter:data1\" content=\"1\u00a0Minute\" \/>\n<script type=\"application\/ld+json\" class=\"yoast-schema-graph\">{\"@context\":\"https:\/\/schema.org\",\"@graph\":[{\"@type\":\"WebPage\",\"@id\":\"https:\/\/www.buergerstiftung-stendal.de\/index.php\/station-3-lateinschule\/\",\"url\":\"https:\/\/www.buergerstiftung-stendal.de\/index.php\/station-3-lateinschule\/\",\"name\":\"Station 3: Lateinschule - Altm\u00e4rkische B\u00fcrgerstiftung Hansestadt Stendal\",\"isPartOf\":{\"@id\":\"https:\/\/www.buergerstiftung-stendal.de\/#website\"},\"datePublished\":\"2021-06-21T20:25:45+00:00\",\"dateModified\":\"2021-11-11T12:16:26+00:00\",\"description\":\"Station 3 des Winckelmann-Pfades in Stendal: Lateinschule (ehemaliger Standort), heutiges Stadtarchiv.\",\"breadcrumb\":{\"@id\":\"https:\/\/www.buergerstiftung-stendal.de\/index.php\/station-3-lateinschule\/#breadcrumb\"},\"inLanguage\":\"de\",\"potentialAction\":[{\"@type\":\"ReadAction\",\"target\":[\"https:\/\/www.buergerstiftung-stendal.de\/index.php\/station-3-lateinschule\/\"]}]},{\"@type\":\"BreadcrumbList\",\"@id\":\"https:\/\/www.buergerstiftung-stendal.de\/index.php\/station-3-lateinschule\/#breadcrumb\",\"itemListElement\":[{\"@type\":\"ListItem\",\"position\":1,\"name\":\"Startseite\",\"item\":\"https:\/\/www.buergerstiftung-stendal.de\/\"},{\"@type\":\"ListItem\",\"position\":2,\"name\":\"Station 3: Lateinschule\"}]},{\"@type\":\"WebSite\",\"@id\":\"https:\/\/www.buergerstiftung-stendal.de\/#website\",\"url\":\"https:\/\/www.buergerstiftung-stendal.de\/\",\"name\":\"Altm\u00e4rkische B\u00fcrgerstiftung Hansestadt Stendal\",\"description\":\"\",\"potentialAction\":[{\"@type\":\"SearchAction\",\"target\":{\"@type\":\"EntryPoint\",\"urlTemplate\":\"https:\/\/www.buergerstiftung-stendal.de\/?s={search_term_string}\"},\"query-input\":\"required name=search_term_string\"}],\"inLanguage\":\"de\"}]}<\/script>\n<!-- \/ Yoast SEO plugin. -->","yoast_head_json":{"title":"Station 3: Lateinschule - Altm\u00e4rkische B\u00fcrgerstiftung Hansestadt Stendal","description":"Station 3 des Winckelmann-Pfades in Stendal: Lateinschule (ehemaliger Standort), heutiges Stadtarchiv.","robots":{"index":"index","follow":"follow","max-snippet":"max-snippet:-1","max-image-preview":"max-image-preview:large","max-video-preview":"max-video-preview:-1"},"canonical":"https:\/\/www.buergerstiftung-stendal.de\/index.php\/station-3-lateinschule\/","og_locale":"de_DE","og_type":"article","og_title":"Station 3: Lateinschule - Altm\u00e4rkische B\u00fcrgerstiftung Hansestadt Stendal","og_description":"Station 3 des Winckelmann-Pfades in Stendal: Lateinschule (ehemaliger Standort), heutiges Stadtarchiv.","og_url":"https:\/\/www.buergerstiftung-stendal.de\/index.php\/station-3-lateinschule\/","og_site_name":"Altm\u00e4rkische B\u00fcrgerstiftung Hansestadt Stendal","article_modified_time":"2021-11-11T12:16:26+00:00","og_image":[{"url":"https:\/\/www.buergerstiftung-stendal.de\/wp-content\/uploads\/2021\/04\/201206_Winckelmann-Pfad_Station_3-1-300x212.jpg"}],"twitter_card":"summary_large_image","twitter_misc":{"Gesch\u00e4tzte Lesezeit":"1\u00a0Minute"},"schema":{"@context":"https:\/\/schema.org","@graph":[{"@type":"WebPage","@id":"https:\/\/www.buergerstiftung-stendal.de\/index.php\/station-3-lateinschule\/","url":"https:\/\/www.buergerstiftung-stendal.de\/index.php\/station-3-lateinschule\/","name":"Station 3: Lateinschule - Altm\u00e4rkische B\u00fcrgerstiftung Hansestadt Stendal","isPartOf":{"@id":"https:\/\/www.buergerstiftung-stendal.de\/#website"},"datePublished":"2021-06-21T20:25:45+00:00","dateModified":"2021-11-11T12:16:26+00:00","description":"Station 3 des Winckelmann-Pfades in Stendal: Lateinschule (ehemaliger Standort), heutiges Stadtarchiv.","breadcrumb":{"@id":"https:\/\/www.buergerstiftung-stendal.de\/index.php\/station-3-lateinschule\/#breadcrumb"},"inLanguage":"de","potentialAction":[{"@type":"ReadAction","target":["https:\/\/www.buergerstiftung-stendal.de\/index.php\/station-3-lateinschule\/"]}]},{"@type":"BreadcrumbList","@id":"https:\/\/www.buergerstiftung-stendal.de\/index.php\/station-3-lateinschule\/#breadcrumb","itemListElement":[{"@type":"ListItem","position":1,"name":"Startseite","item":"https:\/\/www.buergerstiftung-stendal.de\/"},{"@type":"ListItem","position":2,"name":"Station 3: Lateinschule"}]},{"@type":"WebSite","@id":"https:\/\/www.buergerstiftung-stendal.de\/#website","url":"https:\/\/www.buergerstiftung-stendal.de\/","name":"Altm\u00e4rkische B\u00fcrgerstiftung Hansestadt Stendal","description":"","potentialAction":[{"@type":"SearchAction","target":{"@type":"EntryPoint","urlTemplate":"https:\/\/www.buergerstiftung-stendal.de\/?s={search_term_string}"},"query-input":"required name=search_term_string"}],"inLanguage":"de"}]}},"_links":{"self":[{"href":"https:\/\/www.buergerstiftung-stendal.de\/index.php\/wp-json\/wp\/v2\/pages\/865"}],"collection":[{"href":"https:\/\/www.buergerstiftung-stendal.de\/index.php\/wp-json\/wp\/v2\/pages"}],"about":[{"href":"https:\/\/www.buergerstiftung-stendal.de\/index.php\/wp-json\/wp\/v2\/types\/page"}],"author":[{"embeddable":true,"href":"https:\/\/www.buergerstiftung-stendal.de\/index.php\/wp-json\/wp\/v2\/users\/2"}],"replies":[{"embeddable":true,"href":"https:\/\/www.buergerstiftung-stendal.de\/index.php\/wp-json\/wp\/v2\/comments?post=865"}],"version-history":[{"count":7,"href":"https:\/\/www.buergerstiftung-stendal.de\/index.php\/wp-json\/wp\/v2\/pages\/865\/revisions"}],"predecessor-version":[{"id":982,"href":"https:\/\/www.buergerstiftung-stendal.de\/index.php\/wp-json\/wp\/v2\/pages\/865\/revisions\/982"}],"wp:attachment":[{"href":"https:\/\/www.buergerstiftung-stendal.de\/index.php\/wp-json\/wp\/v2\/media?parent=865"}],"curies":[{"name":"wp","href":"https:\/\/api.w.org\/{rel}","templated":true}]}}