{"id":869,"date":"2021-06-21T22:28:40","date_gmt":"2021-06-21T20:28:40","guid":{"rendered":"https:\/\/www.buergerstiftung-stendal.de\/?page_id=869"},"modified":"2021-11-11T13:13:09","modified_gmt":"2021-11-11T12:13:09","slug":"station-5-denkmal","status":"publish","type":"page","link":"https:\/\/www.buergerstiftung-stendal.de\/index.php\/station-5-denkmal\/","title":{"rendered":"Station 5: Denkmal"},"content":{"rendered":"<p><img decoding=\"async\" loading=\"lazy\" class=\"size-medium wp-image-840 alignleft\" src=\"https:\/\/www.buergerstiftung-stendal.de\/wp-content\/uploads\/2021\/04\/201206_Winckelmann-Pfad_Station_5-1-300x212.jpg\" alt=\"\" width=\"300\" height=\"212\" srcset=\"https:\/\/www.buergerstiftung-stendal.de\/wp-content\/uploads\/2021\/04\/201206_Winckelmann-Pfad_Station_5-1-300x212.jpg 300w, https:\/\/www.buergerstiftung-stendal.de\/wp-content\/uploads\/2021\/04\/201206_Winckelmann-Pfad_Station_5-1-1024x724.jpg 1024w, https:\/\/www.buergerstiftung-stendal.de\/wp-content\/uploads\/2021\/04\/201206_Winckelmann-Pfad_Station_5-1-768x543.jpg 768w, https:\/\/www.buergerstiftung-stendal.de\/wp-content\/uploads\/2021\/04\/201206_Winckelmann-Pfad_Station_5-1-1536x1086.jpg 1536w, https:\/\/www.buergerstiftung-stendal.de\/wp-content\/uploads\/2021\/04\/201206_Winckelmann-Pfad_Station_5-1-538x380.jpg 538w, https:\/\/www.buergerstiftung-stendal.de\/wp-content\/uploads\/2021\/04\/201206_Winckelmann-Pfad_Station_5-1.jpg 1754w\" sizes=\"(max-width: 300px) 100vw, 300px\" \/>Das Denkmal auf dem damaligen Marienkirchhof, dem heutigen Winckelmannplatz, schuf der Berliner Bildhauer Ludwig Wichmann (1788\u20131859). Bereits 1843 hatte er das Tonmodell in Lebensgr\u00f6\u00dfe fertiggestellt. Gegossen wurde das Bronzedenkmal 13 Jahre sp\u00e4ter von der Gie\u00dferei Lauchhammer, am 18. Oktober 1859 wurde es enth\u00fcllt.<\/p>\n<p><img decoding=\"async\" loading=\"lazy\" class=\"size-medium wp-image-909 alignleft\" style=\"background-color: initial;\" src=\"https:\/\/www.buergerstiftung-stendal.de\/wp-content\/uploads\/2021\/06\/20190606_101054-300x225.jpg\" alt=\"Winckelmann-Denkmal\" width=\"300\" height=\"225\" srcset=\"https:\/\/www.buergerstiftung-stendal.de\/wp-content\/uploads\/2021\/06\/20190606_101054-300x225.jpg 300w, https:\/\/www.buergerstiftung-stendal.de\/wp-content\/uploads\/2021\/06\/20190606_101054-1024x768.jpg 1024w, https:\/\/www.buergerstiftung-stendal.de\/wp-content\/uploads\/2021\/06\/20190606_101054-768x576.jpg 768w, https:\/\/www.buergerstiftung-stendal.de\/wp-content\/uploads\/2021\/06\/20190606_101054-1536x1152.jpg 1536w, https:\/\/www.buergerstiftung-stendal.de\/wp-content\/uploads\/2021\/06\/20190606_101054-2048x1536.jpg 2048w, https:\/\/www.buergerstiftung-stendal.de\/wp-content\/uploads\/2021\/06\/20190606_101054-507x380.jpg 507w\" sizes=\"(max-width: 300px) 100vw, 300px\" \/><span style=\"background-color: initial;\"><a href=\"https:\/\/www.buergerstiftung-stendal.de\/index.php\/station-4-marienkirche\/\">Zur\u00fcck zu Station 4&nbsp;<\/a><\/p>\n<p><\/span><a href=\"https:\/\/www.buergerstiftung-stendal.de\/index.php\/station-6-trojanisches-pferd\/\">Weiter zu Station 6<\/a><\/p>\n<p>Winckelmann-Denkmal<\/p>\n","protected":false},"excerpt":{"rendered":"<p>Das Denkmal auf dem damaligen Marienkirchhof, dem heutigen Winckelmannplatz, schuf der Berliner Bildhauer Ludwig Wichmann (1788\u20131859). Bereits 1843 hatte er das Tonmodell in Lebensgr\u00f6\u00dfe fertiggestellt. Gegossen wurde das Bronzedenkmal 13 Jahre sp\u00e4ter von der Gie\u00dferei Lauchhammer, am 18. Oktober 1859 wurde es enth\u00fcllt. Zur\u00fcck zu Station 4&nbsp; Weiter zu Station 6 Winckelmann-Denkmal<\/p>\n","protected":false},"author":2,"featured_media":0,"parent":0,"menu_order":0,"comment_status":"closed","ping_status":"closed","template":"","meta":{"ngg_post_thumbnail":0},"yoast_head":"<!-- This site is optimized with the Yoast SEO plugin v19.11 - https:\/\/yoast.com\/wordpress\/plugins\/seo\/ -->\n<title>Station 5: Denkmal - Altm\u00e4rkische B\u00fcrgerstiftung Hansestadt Stendal<\/title>\n<meta name=\"description\" content=\"Station 5 des Winckelmann-Pfades in Stendal: Winckelmann-Denkmal\" \/>\n<meta name=\"robots\" content=\"index, follow, max-snippet:-1, max-image-preview:large, max-video-preview:-1\" \/>\n<link rel=\"canonical\" href=\"https:\/\/www.buergerstiftung-stendal.de\/index.php\/station-5-denkmal\/\" \/>\n<meta property=\"og:locale\" content=\"de_DE\" \/>\n<meta property=\"og:type\" content=\"article\" \/>\n<meta property=\"og:title\" content=\"Station 5: Denkmal - Altm\u00e4rkische B\u00fcrgerstiftung Hansestadt Stendal\" \/>\n<meta property=\"og:description\" content=\"Station 5 des Winckelmann-Pfades in Stendal: Winckelmann-Denkmal\" \/>\n<meta property=\"og:url\" content=\"https:\/\/www.buergerstiftung-stendal.de\/index.php\/station-5-denkmal\/\" \/>\n<meta property=\"og:site_name\" content=\"Altm\u00e4rkische B\u00fcrgerstiftung Hansestadt Stendal\" \/>\n<meta property=\"article:modified_time\" content=\"2021-11-11T12:13:09+00:00\" \/>\n<meta property=\"og:image\" content=\"https:\/\/www.buergerstiftung-stendal.de\/wp-content\/uploads\/2021\/04\/201206_Winckelmann-Pfad_Station_5-1-300x212.jpg\" \/>\n<meta name=\"twitter:card\" content=\"summary_large_image\" \/>\n<meta name=\"twitter:label1\" content=\"Gesch\u00e4tzte Lesezeit\" \/>\n\t<meta name=\"twitter:data1\" content=\"1\u00a0Minute\" \/>\n<script type=\"application\/ld+json\" class=\"yoast-schema-graph\">{\"@context\":\"https:\/\/schema.org\",\"@graph\":[{\"@type\":\"WebPage\",\"@id\":\"https:\/\/www.buergerstiftung-stendal.de\/index.php\/station-5-denkmal\/\",\"url\":\"https:\/\/www.buergerstiftung-stendal.de\/index.php\/station-5-denkmal\/\",\"name\":\"Station 5: Denkmal - Altm\u00e4rkische B\u00fcrgerstiftung Hansestadt Stendal\",\"isPartOf\":{\"@id\":\"https:\/\/www.buergerstiftung-stendal.de\/#website\"},\"datePublished\":\"2021-06-21T20:28:40+00:00\",\"dateModified\":\"2021-11-11T12:13:09+00:00\",\"description\":\"Station 5 des Winckelmann-Pfades in Stendal: Winckelmann-Denkmal\",\"breadcrumb\":{\"@id\":\"https:\/\/www.buergerstiftung-stendal.de\/index.php\/station-5-denkmal\/#breadcrumb\"},\"inLanguage\":\"de\",\"potentialAction\":[{\"@type\":\"ReadAction\",\"target\":[\"https:\/\/www.buergerstiftung-stendal.de\/index.php\/station-5-denkmal\/\"]}]},{\"@type\":\"BreadcrumbList\",\"@id\":\"https:\/\/www.buergerstiftung-stendal.de\/index.php\/station-5-denkmal\/#breadcrumb\",\"itemListElement\":[{\"@type\":\"ListItem\",\"position\":1,\"name\":\"Startseite\",\"item\":\"https:\/\/www.buergerstiftung-stendal.de\/\"},{\"@type\":\"ListItem\",\"position\":2,\"name\":\"Station 5: Denkmal\"}]},{\"@type\":\"WebSite\",\"@id\":\"https:\/\/www.buergerstiftung-stendal.de\/#website\",\"url\":\"https:\/\/www.buergerstiftung-stendal.de\/\",\"name\":\"Altm\u00e4rkische B\u00fcrgerstiftung Hansestadt Stendal\",\"description\":\"\",\"potentialAction\":[{\"@type\":\"SearchAction\",\"target\":{\"@type\":\"EntryPoint\",\"urlTemplate\":\"https:\/\/www.buergerstiftung-stendal.de\/?s={search_term_string}\"},\"query-input\":\"required name=search_term_string\"}],\"inLanguage\":\"de\"}]}<\/script>\n<!-- \/ Yoast SEO plugin. -->","yoast_head_json":{"title":"Station 5: Denkmal - Altm\u00e4rkische B\u00fcrgerstiftung Hansestadt Stendal","description":"Station 5 des Winckelmann-Pfades in Stendal: Winckelmann-Denkmal","robots":{"index":"index","follow":"follow","max-snippet":"max-snippet:-1","max-image-preview":"max-image-preview:large","max-video-preview":"max-video-preview:-1"},"canonical":"https:\/\/www.buergerstiftung-stendal.de\/index.php\/station-5-denkmal\/","og_locale":"de_DE","og_type":"article","og_title":"Station 5: Denkmal - Altm\u00e4rkische B\u00fcrgerstiftung Hansestadt Stendal","og_description":"Station 5 des Winckelmann-Pfades in Stendal: Winckelmann-Denkmal","og_url":"https:\/\/www.buergerstiftung-stendal.de\/index.php\/station-5-denkmal\/","og_site_name":"Altm\u00e4rkische B\u00fcrgerstiftung Hansestadt Stendal","article_modified_time":"2021-11-11T12:13:09+00:00","og_image":[{"url":"https:\/\/www.buergerstiftung-stendal.de\/wp-content\/uploads\/2021\/04\/201206_Winckelmann-Pfad_Station_5-1-300x212.jpg"}],"twitter_card":"summary_large_image","twitter_misc":{"Gesch\u00e4tzte Lesezeit":"1\u00a0Minute"},"schema":{"@context":"https:\/\/schema.org","@graph":[{"@type":"WebPage","@id":"https:\/\/www.buergerstiftung-stendal.de\/index.php\/station-5-denkmal\/","url":"https:\/\/www.buergerstiftung-stendal.de\/index.php\/station-5-denkmal\/","name":"Station 5: Denkmal - Altm\u00e4rkische B\u00fcrgerstiftung Hansestadt Stendal","isPartOf":{"@id":"https:\/\/www.buergerstiftung-stendal.de\/#website"},"datePublished":"2021-06-21T20:28:40+00:00","dateModified":"2021-11-11T12:13:09+00:00","description":"Station 5 des Winckelmann-Pfades in Stendal: Winckelmann-Denkmal","breadcrumb":{"@id":"https:\/\/www.buergerstiftung-stendal.de\/index.php\/station-5-denkmal\/#breadcrumb"},"inLanguage":"de","potentialAction":[{"@type":"ReadAction","target":["https:\/\/www.buergerstiftung-stendal.de\/index.php\/station-5-denkmal\/"]}]},{"@type":"BreadcrumbList","@id":"https:\/\/www.buergerstiftung-stendal.de\/index.php\/station-5-denkmal\/#breadcrumb","itemListElement":[{"@type":"ListItem","position":1,"name":"Startseite","item":"https:\/\/www.buergerstiftung-stendal.de\/"},{"@type":"ListItem","position":2,"name":"Station 5: Denkmal"}]},{"@type":"WebSite","@id":"https:\/\/www.buergerstiftung-stendal.de\/#website","url":"https:\/\/www.buergerstiftung-stendal.de\/","name":"Altm\u00e4rkische B\u00fcrgerstiftung Hansestadt Stendal","description":"","potentialAction":[{"@type":"SearchAction","target":{"@type":"EntryPoint","urlTemplate":"https:\/\/www.buergerstiftung-stendal.de\/?s={search_term_string}"},"query-input":"required name=search_term_string"}],"inLanguage":"de"}]}},"_links":{"self":[{"href":"https:\/\/www.buergerstiftung-stendal.de\/index.php\/wp-json\/wp\/v2\/pages\/869"}],"collection":[{"href":"https:\/\/www.buergerstiftung-stendal.de\/index.php\/wp-json\/wp\/v2\/pages"}],"about":[{"href":"https:\/\/www.buergerstiftung-stendal.de\/index.php\/wp-json\/wp\/v2\/types\/page"}],"author":[{"embeddable":true,"href":"https:\/\/www.buergerstiftung-stendal.de\/index.php\/wp-json\/wp\/v2\/users\/2"}],"replies":[{"embeddable":true,"href":"https:\/\/www.buergerstiftung-stendal.de\/index.php\/wp-json\/wp\/v2\/comments?post=869"}],"version-history":[{"count":5,"href":"https:\/\/www.buergerstiftung-stendal.de\/index.php\/wp-json\/wp\/v2\/pages\/869\/revisions"}],"predecessor-version":[{"id":979,"href":"https:\/\/www.buergerstiftung-stendal.de\/index.php\/wp-json\/wp\/v2\/pages\/869\/revisions\/979"}],"wp:attachment":[{"href":"https:\/\/www.buergerstiftung-stendal.de\/index.php\/wp-json\/wp\/v2\/media?parent=869"}],"curies":[{"name":"wp","href":"https:\/\/api.w.org\/{rel}","templated":true}]}}