{"id":89,"date":"2019-04-04T15:17:24","date_gmt":"2019-04-04T13:17:24","guid":{"rendered":"http:\/\/localhost\/wordpress\/?page_id=89"},"modified":"2020-03-29T15:07:40","modified_gmt":"2020-03-29T13:07:40","slug":"spenden","status":"publish","type":"page","link":"https:\/\/www.buergerstiftung-stendal.de\/index.php\/spenden\/","title":{"rendered":"Spenden"},"content":{"rendered":"\r\n<p>Sie k\u00f6nnen unsere Arbeit auch mit einer Spende unterst\u00fctzen, die direkt unseren Projekten zuflie\u00dft. Jeder Euro z\u00e4hlt und flie\u00dft unmittelbar in die Realisierung von gemeinn\u00fctzigen Projekten. Nat\u00fcrlich k\u00f6nnen Sie f\u00fcr Ihre Spende auch einen konkreten Verwendungszweck (z.B. \u201eWinckelmann Pfad\u201c) vorgeben.<\/p>\r\n\r\n\r\n\r\n<p>Bitte sprechen Sie uns an. Wir beraten Sie gerne.<\/p>\r\n\r\n\r\n\r\n<p><strong>Unsere Bankverbin<\/strong><strong>dung:<\/strong><\/p>\r\n\r\n\r\n\r\n<p>Kreissparkasse Stendal<br>Kontoinhaberin: Altm\u00e4rkische B\u00fcrgerstiftung<br>IBAN: DE20 8105 0555 0101 0101 84<br>BIC: NOLADE21SDL<\/p>\r\n\r\n\r\n\r\n\r\n\r\n\r\n\r\n\r\n\r\n\r\n\r\n\r\n\r\n<h2>Vielen Dank f\u00fcr Ihre Unterst\u00fctzung!<\/h2>\r\n\r\n\r\n\r\n<p><strong>Zur steuerlichen Situation:<\/strong><\/p>\r\n\r\n\r\n\r\n<p>Ihre Zustiftung oder Spende k\u00f6nnen Sie im Rahmen bestimmter H\u00f6chstbetr\u00e4ge als Sonder- oder Betriebsausgabe steuermindernd geltend machen. Dadurch k\u00f6nnen Sie Ihre steuerpflichtigen Eink\u00fcnfte in ihrer H\u00f6he (bis zu 43 % der Spende) senken und die Steuerlast herabsetzen.<\/p>\r\n\r\n\r\n\r\n<p>Allgemeiner H\u00f6chstbetrag (Spende)<\/p>\r\n\r\n\r\n\r\n<p>Zuwendungen k\u00f6nnen bis zu 20 Prozent des Gesamtbetrags der Eink\u00fcnfte als Sonderausgaben geltend gemacht werden. Abziehbare Zuwendungen, die die H\u00f6chsts\u00e4tze \u00fcberschreiten oder im Veranlagungszeitraum nicht ber\u00fccksichtigt werden k\u00f6nnen, sind im Rahmen der H\u00f6chstbetr\u00e4ge in den folgenden Veranlagungszeitr\u00e4umen (unbegrenzter Spendenvortrag) als Sonderausgaben abzuziehen.<\/p>\r\n\r\n\r\n\r\n<p>Alternativ k\u00f6nnen von Unternehmen bis zu vier Promille der Summe der Ums\u00e4tze und der im Kalenderjahr aufgewendeten L\u00f6hne und Geh\u00e4lter steuerlich geltend gemacht werden.<\/p>\r\n\r\n\r\n\r\n<p>H\u00f6chstbetrag (Zustiftung)<\/p>\r\n\r\n\r\n\r\n<p>Zus\u00e4tzlich k\u00f6nnen Sie Zuwendungen in den Verm\u00f6gensstock bis zu 1 Mio. Euro zus\u00e4tzlich als Sonderausgabe steuerlich abgesetzt werden. Dieser Betrag kann bei der Einkommen- und Gewerbesteuer (jedoch nicht bei der K\u00f6rperschaftsteuer) entweder komplett im Jahr der Zuwendung oder flexibel innerhalb von zehn Jahren steuerlich geltend gemacht werden. Bei Ehepaaren kann jeder Ehepartner den H\u00f6chstbetrag nutzen.<\/p>\r\n\r\n\r\n\r\n<p>\u00dcbertragung von Verm\u00f6genswerten auf die Stiftung<\/p>\r\n\r\n\r\n\r\n<p>Bei der \u00dcbertragung von Verm\u00f6genswerten fallen keine Erbschaft-, Schenkung- oder Grunderwerbsteuern an. Das \u00fcbertragene Verm\u00f6gen bleibt ungeschm\u00e4lert erhalten.<\/p>\r\n\r\n\r\n\r\n<p>Bitte sprechen Sie uns an.<\/p>\r\n","protected":false},"excerpt":{"rendered":"<p>Sie k\u00f6nnen unsere Arbeit auch mit einer Spende unterst\u00fctzen, die direkt unseren Projekten zuflie\u00dft. Jeder Euro z\u00e4hlt und flie\u00dft unmittelbar in die Realisierung von gemeinn\u00fctzigen Projekten. Nat\u00fcrlich k\u00f6nnen Sie f\u00fcr Ihre Spende auch einen konkreten Verwendungszweck (z.B. \u201eWinckelmann Pfad\u201c) vorgeben. Bitte sprechen Sie uns an. Wir beraten Sie gerne. Unsere Bankverbindung: Kreissparkasse StendalKontoinhaberin: Altm\u00e4rkische B\u00fcrgerstiftungIBAN: &hellip; <a href=\"https:\/\/www.buergerstiftung-stendal.de\/index.php\/spenden\/\" class=\"more-link\">Weiterlesen <span class=\"screen-reader-text\">Spenden<\/span><\/a><\/p>\n","protected":false},"author":1,"featured_media":0,"parent":0,"menu_order":0,"comment_status":"closed","ping_status":"closed","template":"","meta":{"ngg_post_thumbnail":0},"yoast_head":"<!-- This site is optimized with the Yoast SEO plugin v19.11 - https:\/\/yoast.com\/wordpress\/plugins\/seo\/ -->\n<title>Spenden - Altm\u00e4rkische B\u00fcrgerstiftung Hansestadt Stendal<\/title>\n<meta name=\"robots\" content=\"index, follow, max-snippet:-1, max-image-preview:large, max-video-preview:-1\" \/>\n<link rel=\"canonical\" href=\"https:\/\/www.buergerstiftung-stendal.de\/index.php\/spenden\/\" \/>\n<meta property=\"og:locale\" content=\"de_DE\" \/>\n<meta property=\"og:type\" content=\"article\" \/>\n<meta property=\"og:title\" content=\"Spenden - Altm\u00e4rkische B\u00fcrgerstiftung Hansestadt Stendal\" \/>\n<meta property=\"og:description\" content=\"Sie k\u00f6nnen unsere Arbeit auch mit einer Spende unterst\u00fctzen, die direkt unseren Projekten zuflie\u00dft. Jeder Euro z\u00e4hlt und flie\u00dft unmittelbar in die Realisierung von gemeinn\u00fctzigen Projekten. Nat\u00fcrlich k\u00f6nnen Sie f\u00fcr Ihre Spende auch einen konkreten Verwendungszweck (z.B. \u201eWinckelmann Pfad\u201c) vorgeben. Bitte sprechen Sie uns an. Wir beraten Sie gerne. Unsere Bankverbindung: Kreissparkasse StendalKontoinhaberin: Altm\u00e4rkische B\u00fcrgerstiftungIBAN: &hellip; Weiterlesen Spenden\" \/>\n<meta property=\"og:url\" content=\"https:\/\/www.buergerstiftung-stendal.de\/index.php\/spenden\/\" \/>\n<meta property=\"og:site_name\" content=\"Altm\u00e4rkische B\u00fcrgerstiftung Hansestadt Stendal\" \/>\n<meta property=\"article:modified_time\" content=\"2020-03-29T13:07:40+00:00\" \/>\n<meta name=\"twitter:card\" content=\"summary_large_image\" \/>\n<meta name=\"twitter:label1\" content=\"Gesch\u00e4tzte Lesezeit\" \/>\n\t<meta name=\"twitter:data1\" content=\"2\u00a0Minuten\" \/>\n<script type=\"application\/ld+json\" class=\"yoast-schema-graph\">{\"@context\":\"https:\/\/schema.org\",\"@graph\":[{\"@type\":\"WebPage\",\"@id\":\"https:\/\/www.buergerstiftung-stendal.de\/index.php\/spenden\/\",\"url\":\"https:\/\/www.buergerstiftung-stendal.de\/index.php\/spenden\/\",\"name\":\"Spenden - Altm\u00e4rkische B\u00fcrgerstiftung Hansestadt Stendal\",\"isPartOf\":{\"@id\":\"https:\/\/www.buergerstiftung-stendal.de\/#website\"},\"datePublished\":\"2019-04-04T13:17:24+00:00\",\"dateModified\":\"2020-03-29T13:07:40+00:00\",\"breadcrumb\":{\"@id\":\"https:\/\/www.buergerstiftung-stendal.de\/index.php\/spenden\/#breadcrumb\"},\"inLanguage\":\"de\",\"potentialAction\":[{\"@type\":\"ReadAction\",\"target\":[\"https:\/\/www.buergerstiftung-stendal.de\/index.php\/spenden\/\"]}]},{\"@type\":\"BreadcrumbList\",\"@id\":\"https:\/\/www.buergerstiftung-stendal.de\/index.php\/spenden\/#breadcrumb\",\"itemListElement\":[{\"@type\":\"ListItem\",\"position\":1,\"name\":\"Startseite\",\"item\":\"https:\/\/www.buergerstiftung-stendal.de\/\"},{\"@type\":\"ListItem\",\"position\":2,\"name\":\"Spenden\"}]},{\"@type\":\"WebSite\",\"@id\":\"https:\/\/www.buergerstiftung-stendal.de\/#website\",\"url\":\"https:\/\/www.buergerstiftung-stendal.de\/\",\"name\":\"Altm\u00e4rkische B\u00fcrgerstiftung Hansestadt Stendal\",\"description\":\"\",\"potentialAction\":[{\"@type\":\"SearchAction\",\"target\":{\"@type\":\"EntryPoint\",\"urlTemplate\":\"https:\/\/www.buergerstiftung-stendal.de\/?s={search_term_string}\"},\"query-input\":\"required name=search_term_string\"}],\"inLanguage\":\"de\"}]}<\/script>\n<!-- \/ Yoast SEO plugin. -->","yoast_head_json":{"title":"Spenden - Altm\u00e4rkische B\u00fcrgerstiftung Hansestadt Stendal","robots":{"index":"index","follow":"follow","max-snippet":"max-snippet:-1","max-image-preview":"max-image-preview:large","max-video-preview":"max-video-preview:-1"},"canonical":"https:\/\/www.buergerstiftung-stendal.de\/index.php\/spenden\/","og_locale":"de_DE","og_type":"article","og_title":"Spenden - Altm\u00e4rkische B\u00fcrgerstiftung Hansestadt Stendal","og_description":"Sie k\u00f6nnen unsere Arbeit auch mit einer Spende unterst\u00fctzen, die direkt unseren Projekten zuflie\u00dft. Jeder Euro z\u00e4hlt und flie\u00dft unmittelbar in die Realisierung von gemeinn\u00fctzigen Projekten. Nat\u00fcrlich k\u00f6nnen Sie f\u00fcr Ihre Spende auch einen konkreten Verwendungszweck (z.B. \u201eWinckelmann Pfad\u201c) vorgeben. Bitte sprechen Sie uns an. Wir beraten Sie gerne. Unsere Bankverbindung: Kreissparkasse StendalKontoinhaberin: Altm\u00e4rkische B\u00fcrgerstiftungIBAN: &hellip; Weiterlesen Spenden","og_url":"https:\/\/www.buergerstiftung-stendal.de\/index.php\/spenden\/","og_site_name":"Altm\u00e4rkische B\u00fcrgerstiftung Hansestadt Stendal","article_modified_time":"2020-03-29T13:07:40+00:00","twitter_card":"summary_large_image","twitter_misc":{"Gesch\u00e4tzte Lesezeit":"2\u00a0Minuten"},"schema":{"@context":"https:\/\/schema.org","@graph":[{"@type":"WebPage","@id":"https:\/\/www.buergerstiftung-stendal.de\/index.php\/spenden\/","url":"https:\/\/www.buergerstiftung-stendal.de\/index.php\/spenden\/","name":"Spenden - Altm\u00e4rkische B\u00fcrgerstiftung Hansestadt Stendal","isPartOf":{"@id":"https:\/\/www.buergerstiftung-stendal.de\/#website"},"datePublished":"2019-04-04T13:17:24+00:00","dateModified":"2020-03-29T13:07:40+00:00","breadcrumb":{"@id":"https:\/\/www.buergerstiftung-stendal.de\/index.php\/spenden\/#breadcrumb"},"inLanguage":"de","potentialAction":[{"@type":"ReadAction","target":["https:\/\/www.buergerstiftung-stendal.de\/index.php\/spenden\/"]}]},{"@type":"BreadcrumbList","@id":"https:\/\/www.buergerstiftung-stendal.de\/index.php\/spenden\/#breadcrumb","itemListElement":[{"@type":"ListItem","position":1,"name":"Startseite","item":"https:\/\/www.buergerstiftung-stendal.de\/"},{"@type":"ListItem","position":2,"name":"Spenden"}]},{"@type":"WebSite","@id":"https:\/\/www.buergerstiftung-stendal.de\/#website","url":"https:\/\/www.buergerstiftung-stendal.de\/","name":"Altm\u00e4rkische B\u00fcrgerstiftung Hansestadt Stendal","description":"","potentialAction":[{"@type":"SearchAction","target":{"@type":"EntryPoint","urlTemplate":"https:\/\/www.buergerstiftung-stendal.de\/?s={search_term_string}"},"query-input":"required name=search_term_string"}],"inLanguage":"de"}]}},"_links":{"self":[{"href":"https:\/\/www.buergerstiftung-stendal.de\/index.php\/wp-json\/wp\/v2\/pages\/89"}],"collection":[{"href":"https:\/\/www.buergerstiftung-stendal.de\/index.php\/wp-json\/wp\/v2\/pages"}],"about":[{"href":"https:\/\/www.buergerstiftung-stendal.de\/index.php\/wp-json\/wp\/v2\/types\/page"}],"author":[{"embeddable":true,"href":"https:\/\/www.buergerstiftung-stendal.de\/index.php\/wp-json\/wp\/v2\/users\/1"}],"replies":[{"embeddable":true,"href":"https:\/\/www.buergerstiftung-stendal.de\/index.php\/wp-json\/wp\/v2\/comments?post=89"}],"version-history":[{"count":11,"href":"https:\/\/www.buergerstiftung-stendal.de\/index.php\/wp-json\/wp\/v2\/pages\/89\/revisions"}],"predecessor-version":[{"id":765,"href":"https:\/\/www.buergerstiftung-stendal.de\/index.php\/wp-json\/wp\/v2\/pages\/89\/revisions\/765"}],"wp:attachment":[{"href":"https:\/\/www.buergerstiftung-stendal.de\/index.php\/wp-json\/wp\/v2\/media?parent=89"}],"curies":[{"name":"wp","href":"https:\/\/api.w.org\/{rel}","templated":true}]}}