{"id":92,"date":"2019-04-04T15:17:40","date_gmt":"2019-04-04T13:17:40","guid":{"rendered":"http:\/\/localhost\/wordpress\/?page_id=92"},"modified":"2019-05-22T14:45:47","modified_gmt":"2019-05-22T12:45:47","slug":"stiften","status":"publish","type":"page","link":"https:\/\/www.buergerstiftung-stendal.de\/index.php\/stiften\/","title":{"rendered":"Stiften"},"content":{"rendered":"<div title=\"Page 3\">\r\n<div title=\"Page 4\">\r\n<div>\r\n<div><strong>Wie Sie mitstiften k\u00f6nnen:<\/strong><\/div>\r\n<\/div>\r\n<\/div>\r\n<div title=\"Page 6\">\r\n<div>\u00a0<\/div>\r\n<div>\r\n<ul>\r\n<li>Pers\u00f6nliches Engagement: Engagieren Sie sich ehrenamtlich in den Gremien, Arbeitskreisen oder Projekten der B\u00fcrgerstiftung.<\/li>\r\n<li>Spenden:\u00a0Spenden Sie einmalig f\u00fcr ein konkretes Projekt oder unterst\u00fctzen Sie die Arbeit der B\u00fcrgerstiftung kontinuierlich durch einen regelm\u00e4\u00dfigen F\u00f6rderbetrag oder durch eine spezielle Patenschaft.<\/li>\r\n<li>Stiften: Helfen Sie der B\u00fcrgerstiftung durch eine Zustiftung in das Grundstockverm\u00f6gen, nachhaltig Gutes zu tun. Das Verm\u00f6gen bleibt ewig bestehen, nur die Ertr\u00e4ge werden f\u00fcr die F\u00f6rderung von Bildung, Kultur, Jugend usw. verwendet.<\/li>\r\n<li>Eigene Stiftung: Gr\u00fcnden Sie Ihre eigene Stiftung in Form eines Stiftungsfonds oder einer Treuhandstiftung unter dem Dach der B\u00fcrgerstiftung. Kosteng\u00fcnstig in der Gr\u00fcndung und Verwaltung, kommt so m\u00f6glichst viel Geld den F\u00f6rderzwecken zugute. Sie entscheiden dar\u00fcber, was gef\u00f6rdert wird, die B\u00fcrgerstiftung k\u00fcmmert sich um die Formalit\u00e4ten. Dies ist nicht nur f\u00fcr Privatpersonen und Unternehmen interessant, sondern auch f\u00fcr gemeinn\u00fctzige Organisationen.<\/li>\r\n<li>Letztwillige Zuwendung: Indem Sie die B\u00fcrgerstiftung testamentarisch als (Mit-)Erbin oder Verm\u00e4chtnisnehmerin einsetzen, k\u00f6nnen Sie sicherstellen, dass die Ihnen am Herzen liegenden gemeinn\u00fctzigen Zwecke dauerhaft in Ihrem Sinne verfolgt werden.<\/li>\r\n<\/ul>\r\n<\/div>\r\n<\/div>\r\nQuelle: Flyer &#8222;B\u00fcrgerstiftungen: mitStiften! Mit Geld, Zeit, Ideen&#8220;, Herausgeber: Aktive B\u00fcrgerschaft e.V., Gesch\u00e4ftsstelle: Reinhardtstra\u00dfe 25, 10117 Berlin-Mitte. Weitere Informationen finden Sie <a href=\"https:\/\/www.aktive-buergerschaft.de\/wp-content\/uploads\/2018\/02\/VAB_Buergerstiftung_MitStiften.pdf\" target=\"_blank\" rel=\"noopener noreferrer\">hier<\/a>.<\/div>\r\n<div title=\"Page 3\">\u00a0<\/div>\r\n<div title=\"Page 3\"><strong>Unsere Bankverbindung:<\/strong> <br \/>Kreissparkasse Stendal <strong><br \/><\/strong>Kontonummer 10 10 10 184 <br \/>Bankleitzahl 810 505 55<\/div>\r\n<div title=\"Page 3\">\u00a0<\/div>\r\n<div title=\"Page 3\"><strong>Unsere Zustifter 2016:<\/strong> <br \/><!-- \/wp:paragraph -->\r\n\r\n<!-- wp:paragraph --> ZORN Instruments, Prof. Dr. Wolf Patzig, Kay Timm, Nordmethan Arneburg GmbH, Carsten und Martina Wulf\u00e4nger, Fa. GRADO Fenster und T\u00fcren \u2013 insgesamt 4.200,00 \u20ac<\/div>\r\n<div title=\"Page 3\">\r\n<h2>\u00a0<\/h2>\r\n<h2>VIELEN DANK F\u00dcR IHRE UNTERST\u00dcTZUNG!<\/h2>\r\n<\/div>","protected":false},"excerpt":{"rendered":"<p>Wie Sie mitstiften k\u00f6nnen: \u00a0 Pers\u00f6nliches Engagement: Engagieren Sie sich ehrenamtlich in den Gremien, Arbeitskreisen oder Projekten der B\u00fcrgerstiftung. Spenden:\u00a0Spenden Sie einmalig f\u00fcr ein konkretes Projekt oder unterst\u00fctzen Sie die Arbeit der B\u00fcrgerstiftung kontinuierlich durch einen regelm\u00e4\u00dfigen F\u00f6rderbetrag oder durch eine spezielle Patenschaft. Stiften: Helfen Sie der B\u00fcrgerstiftung durch eine Zustiftung in das Grundstockverm\u00f6gen, nachhaltig &hellip; <a href=\"https:\/\/www.buergerstiftung-stendal.de\/index.php\/stiften\/\" class=\"more-link\">Weiterlesen <span class=\"screen-reader-text\">Stiften<\/span><\/a><\/p>\n","protected":false},"author":1,"featured_media":0,"parent":0,"menu_order":0,"comment_status":"closed","ping_status":"closed","template":"","meta":{"ngg_post_thumbnail":0},"yoast_head":"<!-- This site is optimized with the Yoast SEO plugin v19.11 - https:\/\/yoast.com\/wordpress\/plugins\/seo\/ -->\n<title>Stiften - Altm\u00e4rkische B\u00fcrgerstiftung Hansestadt Stendal<\/title>\n<meta name=\"robots\" content=\"index, follow, max-snippet:-1, max-image-preview:large, max-video-preview:-1\" \/>\n<link rel=\"canonical\" href=\"https:\/\/www.buergerstiftung-stendal.de\/index.php\/stiften\/\" \/>\n<meta property=\"og:locale\" content=\"de_DE\" \/>\n<meta property=\"og:type\" content=\"article\" \/>\n<meta property=\"og:title\" content=\"Stiften - Altm\u00e4rkische B\u00fcrgerstiftung Hansestadt Stendal\" \/>\n<meta property=\"og:description\" content=\"Wie Sie mitstiften k\u00f6nnen: \u00a0 Pers\u00f6nliches Engagement: Engagieren Sie sich ehrenamtlich in den Gremien, Arbeitskreisen oder Projekten der B\u00fcrgerstiftung. Spenden:\u00a0Spenden Sie einmalig f\u00fcr ein konkretes Projekt oder unterst\u00fctzen Sie die Arbeit der B\u00fcrgerstiftung kontinuierlich durch einen regelm\u00e4\u00dfigen F\u00f6rderbetrag oder durch eine spezielle Patenschaft. Stiften: Helfen Sie der B\u00fcrgerstiftung durch eine Zustiftung in das Grundstockverm\u00f6gen, nachhaltig &hellip; Weiterlesen Stiften\" \/>\n<meta property=\"og:url\" content=\"https:\/\/www.buergerstiftung-stendal.de\/index.php\/stiften\/\" \/>\n<meta property=\"og:site_name\" content=\"Altm\u00e4rkische B\u00fcrgerstiftung Hansestadt Stendal\" \/>\n<meta property=\"article:modified_time\" content=\"2019-05-22T12:45:47+00:00\" \/>\n<meta name=\"twitter:card\" content=\"summary_large_image\" \/>\n<meta name=\"twitter:label1\" content=\"Gesch\u00e4tzte Lesezeit\" \/>\n\t<meta name=\"twitter:data1\" content=\"1\u00a0Minute\" \/>\n<script type=\"application\/ld+json\" class=\"yoast-schema-graph\">{\"@context\":\"https:\/\/schema.org\",\"@graph\":[{\"@type\":\"WebPage\",\"@id\":\"https:\/\/www.buergerstiftung-stendal.de\/index.php\/stiften\/\",\"url\":\"https:\/\/www.buergerstiftung-stendal.de\/index.php\/stiften\/\",\"name\":\"Stiften - Altm\u00e4rkische B\u00fcrgerstiftung Hansestadt Stendal\",\"isPartOf\":{\"@id\":\"https:\/\/www.buergerstiftung-stendal.de\/#website\"},\"datePublished\":\"2019-04-04T13:17:40+00:00\",\"dateModified\":\"2019-05-22T12:45:47+00:00\",\"breadcrumb\":{\"@id\":\"https:\/\/www.buergerstiftung-stendal.de\/index.php\/stiften\/#breadcrumb\"},\"inLanguage\":\"de\",\"potentialAction\":[{\"@type\":\"ReadAction\",\"target\":[\"https:\/\/www.buergerstiftung-stendal.de\/index.php\/stiften\/\"]}]},{\"@type\":\"BreadcrumbList\",\"@id\":\"https:\/\/www.buergerstiftung-stendal.de\/index.php\/stiften\/#breadcrumb\",\"itemListElement\":[{\"@type\":\"ListItem\",\"position\":1,\"name\":\"Startseite\",\"item\":\"https:\/\/www.buergerstiftung-stendal.de\/\"},{\"@type\":\"ListItem\",\"position\":2,\"name\":\"Stiften\"}]},{\"@type\":\"WebSite\",\"@id\":\"https:\/\/www.buergerstiftung-stendal.de\/#website\",\"url\":\"https:\/\/www.buergerstiftung-stendal.de\/\",\"name\":\"Altm\u00e4rkische B\u00fcrgerstiftung Hansestadt Stendal\",\"description\":\"\",\"potentialAction\":[{\"@type\":\"SearchAction\",\"target\":{\"@type\":\"EntryPoint\",\"urlTemplate\":\"https:\/\/www.buergerstiftung-stendal.de\/?s={search_term_string}\"},\"query-input\":\"required name=search_term_string\"}],\"inLanguage\":\"de\"}]}<\/script>\n<!-- \/ Yoast SEO plugin. -->","yoast_head_json":{"title":"Stiften - Altm\u00e4rkische B\u00fcrgerstiftung Hansestadt Stendal","robots":{"index":"index","follow":"follow","max-snippet":"max-snippet:-1","max-image-preview":"max-image-preview:large","max-video-preview":"max-video-preview:-1"},"canonical":"https:\/\/www.buergerstiftung-stendal.de\/index.php\/stiften\/","og_locale":"de_DE","og_type":"article","og_title":"Stiften - Altm\u00e4rkische B\u00fcrgerstiftung Hansestadt Stendal","og_description":"Wie Sie mitstiften k\u00f6nnen: \u00a0 Pers\u00f6nliches Engagement: Engagieren Sie sich ehrenamtlich in den Gremien, Arbeitskreisen oder Projekten der B\u00fcrgerstiftung. Spenden:\u00a0Spenden Sie einmalig f\u00fcr ein konkretes Projekt oder unterst\u00fctzen Sie die Arbeit der B\u00fcrgerstiftung kontinuierlich durch einen regelm\u00e4\u00dfigen F\u00f6rderbetrag oder durch eine spezielle Patenschaft. Stiften: Helfen Sie der B\u00fcrgerstiftung durch eine Zustiftung in das Grundstockverm\u00f6gen, nachhaltig &hellip; Weiterlesen Stiften","og_url":"https:\/\/www.buergerstiftung-stendal.de\/index.php\/stiften\/","og_site_name":"Altm\u00e4rkische B\u00fcrgerstiftung Hansestadt Stendal","article_modified_time":"2019-05-22T12:45:47+00:00","twitter_card":"summary_large_image","twitter_misc":{"Gesch\u00e4tzte Lesezeit":"1\u00a0Minute"},"schema":{"@context":"https:\/\/schema.org","@graph":[{"@type":"WebPage","@id":"https:\/\/www.buergerstiftung-stendal.de\/index.php\/stiften\/","url":"https:\/\/www.buergerstiftung-stendal.de\/index.php\/stiften\/","name":"Stiften - Altm\u00e4rkische B\u00fcrgerstiftung Hansestadt Stendal","isPartOf":{"@id":"https:\/\/www.buergerstiftung-stendal.de\/#website"},"datePublished":"2019-04-04T13:17:40+00:00","dateModified":"2019-05-22T12:45:47+00:00","breadcrumb":{"@id":"https:\/\/www.buergerstiftung-stendal.de\/index.php\/stiften\/#breadcrumb"},"inLanguage":"de","potentialAction":[{"@type":"ReadAction","target":["https:\/\/www.buergerstiftung-stendal.de\/index.php\/stiften\/"]}]},{"@type":"BreadcrumbList","@id":"https:\/\/www.buergerstiftung-stendal.de\/index.php\/stiften\/#breadcrumb","itemListElement":[{"@type":"ListItem","position":1,"name":"Startseite","item":"https:\/\/www.buergerstiftung-stendal.de\/"},{"@type":"ListItem","position":2,"name":"Stiften"}]},{"@type":"WebSite","@id":"https:\/\/www.buergerstiftung-stendal.de\/#website","url":"https:\/\/www.buergerstiftung-stendal.de\/","name":"Altm\u00e4rkische B\u00fcrgerstiftung Hansestadt Stendal","description":"","potentialAction":[{"@type":"SearchAction","target":{"@type":"EntryPoint","urlTemplate":"https:\/\/www.buergerstiftung-stendal.de\/?s={search_term_string}"},"query-input":"required name=search_term_string"}],"inLanguage":"de"}]}},"_links":{"self":[{"href":"https:\/\/www.buergerstiftung-stendal.de\/index.php\/wp-json\/wp\/v2\/pages\/92"}],"collection":[{"href":"https:\/\/www.buergerstiftung-stendal.de\/index.php\/wp-json\/wp\/v2\/pages"}],"about":[{"href":"https:\/\/www.buergerstiftung-stendal.de\/index.php\/wp-json\/wp\/v2\/types\/page"}],"author":[{"embeddable":true,"href":"https:\/\/www.buergerstiftung-stendal.de\/index.php\/wp-json\/wp\/v2\/users\/1"}],"replies":[{"embeddable":true,"href":"https:\/\/www.buergerstiftung-stendal.de\/index.php\/wp-json\/wp\/v2\/comments?post=92"}],"version-history":[{"count":13,"href":"https:\/\/www.buergerstiftung-stendal.de\/index.php\/wp-json\/wp\/v2\/pages\/92\/revisions"}],"predecessor-version":[{"id":604,"href":"https:\/\/www.buergerstiftung-stendal.de\/index.php\/wp-json\/wp\/v2\/pages\/92\/revisions\/604"}],"wp:attachment":[{"href":"https:\/\/www.buergerstiftung-stendal.de\/index.php\/wp-json\/wp\/v2\/media?parent=92"}],"curies":[{"name":"wp","href":"https:\/\/api.w.org\/{rel}","templated":true}]}}